{"id":6600,"date":"2025-03-27T08:15:54","date_gmt":"2025-03-27T07:15:54","guid":{"rendered":"https:\/\/rpp-group.com\/?page_id=6600"},"modified":"2025-11-05T13:24:15","modified_gmt":"2025-11-05T12:24:15","slug":"imprint","status":"publish","type":"page","link":"https:\/\/rpp-group.com\/fr\/imprint\/","title":{"rendered":"Impression"},"content":{"rendered":"<div data-elementor-type=\"wp-page\" data-elementor-id=\"6600\" class=\"elementor elementor-6600\" data-elementor-post-type=\"page\">\n\t\t\t\t<div class=\"elementor-element elementor-element-1a6d470c e-con-full e-flex elementor-invisible e-con e-child\" data-id=\"1a6d470c\" data-element_type=\"container\" data-e-type=\"container\" data-settings=\"{&quot;background_background&quot;:&quot;classic&quot;,&quot;animation&quot;:&quot;fadeIn&quot;}\">\n\t\t<div class=\"elementor-element elementor-element-5ec74434 e-con-full e-flex e-con e-child\" data-id=\"5ec74434\" data-element_type=\"container\" data-e-type=\"container\">\n\t\t\t\t<div class=\"elementor-element elementor-element-73c796e2 elementor-align-center elementor-mobile-align-center elementor-widget elementor-widget-breadcrumbs\" data-id=\"73c796e2\" data-element_type=\"widget\" data-e-type=\"widget\" data-widget_type=\"breadcrumbs.default\">\n\t\t\t\t<div class=\"elementor-widget-container\">\n\t\t\t\t\t<p id=\"breadcrumbs\"><span><span><a href=\"https:\/\/rpp-group.com\/fr\/\">Page d'accueil<\/a><\/span><\/span><\/p>\t\t\t\t<\/div>\n\t\t\t\t<\/div>\n\t\t\t\t<div class=\"elementor-element elementor-element-759347cc elementor-widget elementor-widget-heading\" data-id=\"759347cc\" data-element_type=\"widget\" data-e-type=\"widget\" data-widget_type=\"heading.default\">\n\t\t\t\t<div class=\"elementor-widget-container\">\n\t\t\t\t\t<h1 class=\"elementor-heading-title elementor-size-default\">Impression<\/h1>\t\t\t\t<\/div>\n\t\t\t\t<\/div>\n\t\t\t\t<div class=\"elementor-element elementor-element-7799ef11 elementor-widget elementor-widget-heading\" data-id=\"7799ef11\" data-element_type=\"widget\" data-e-type=\"widget\" data-widget_type=\"heading.default\">\n\t\t\t\t<div class=\"elementor-widget-container\">\n\t\t\t\t\t<h2 class=\"elementor-heading-title elementor-size-default\">RPP Group<\/h2>\t\t\t\t<\/div>\n\t\t\t\t<\/div>\n\t\t\t\t<\/div>\n\t\t\t\t<\/div>\n\t\t<div class=\"elementor-element elementor-element-7de6f993 e-flex e-con-boxed elementor-invisible e-con e-parent\" data-id=\"7de6f993\" data-element_type=\"container\" data-e-type=\"container\" data-settings=\"{&quot;animation&quot;:&quot;fadeInUp&quot;}\">\n\t\t\t\t\t<div class=\"e-con-inner\">\n\t\t<div class=\"elementor-element elementor-element-24a854e e-con-full e-flex e-con e-child\" data-id=\"24a854e\" data-element_type=\"container\" data-e-type=\"container\">\n\t\t<div class=\"elementor-element elementor-element-61b141ca e-con-full e-flex e-con e-child\" data-id=\"61b141ca\" data-element_type=\"container\" data-e-type=\"container\">\n\t\t\t\t<div class=\"elementor-element elementor-element-5930de1 elementor-widget elementor-widget-text-editor\" data-id=\"5930de1\" data-element_type=\"widget\" data-e-type=\"widget\" data-widget_type=\"text-editor.default\">\n\t\t\t\t<div class=\"elementor-widget-container\">\n\t\t\t\t\t\t\t\t\t<p class=\"p1\"><b>1. Informations de base sur l'entreprise<\/b><br \/>Nom de l'entreprise : Groupe RPP SRL<br \/>Adresse du si\u00e8ge social : Rue Guimard 10, 1040 Bruxelles, Belgique<br \/>Courriel de contact : corporate.office@rpp-group.com<br \/>Num\u00e9ro de t\u00e9l\u00e9phone : +32 2 884 63 39<\/p><p class=\"p1\"><b>2. Enregistrement de la soci\u00e9t\u00e9 et TVA<\/b><br \/>Num\u00e9ro d'entreprise (BCE\/KBO) : 0477 819 426<br \/>Num\u00e9ro de TVA : BE0477.819.426<\/p><p class=\"p1\"><b>3. Personne(s) responsable(s)<\/b><br \/>Repr\u00e9sentants l\u00e9gaux :<br \/>- Directeur Dommel Lutz (CEO)<br \/>- Administrateur Petrucci Romuald (CFO)<\/p><p class=\"p1\"><b>4. Informations sur la r\u00e9glementation et les licences<br \/><\/b><b><\/b>- Organisme de r\u00e9glementation professionnelle : N\/A<br \/>- Exigences r\u00e9glementaires : N\/A<\/p><p class=\"p1\"><b>5. Fournisseur d'h\u00e9bergement<\/b><br \/>Fournisseur d'h\u00e9bergement : ALL-INKL.COM - Neue Medien M\u00fcnnich<br \/>Adresse : Hauptstra\u00dfe 68, D-02742 Friedersdorf, Allemagne<br \/>Num\u00e9ro de client : D636976<\/p><p class=\"p1\">Site Internet d\u00e9tenu et exploit\u00e9 par RPP Group SRL, Rue Guimard 10, 1040 Bruxelles, Belgique.<\/p>\t\t\t\t\t\t\t\t<\/div>\n\t\t\t\t<\/div>\n\t\t\t\t<\/div>\n\t\t\t\t<\/div>\n\t\t\t\t\t<\/div>\n\t\t\t\t<\/div>\n\t\t\t\t<\/div>","protected":false},"excerpt":{"rendered":"<p>Imprint RPP Group 1. Basic Company InformationCompany Name: RPP Group SRLRegistered Address: Rue Guimard 10, 1040 Brussels, BelgiumContact Email: &#99;&#111;&#x72;p&#111;&#x72;&#x61;t&#101;&#x2e;&#x6f;f&#102;&#x69;&#x63;e&#64;&#x72;&#x70;p&#45;&#x67;&#x72;o&#117;&#x70;&#46;&#99;&#111;&#x6d;Phone Number: +32 2 884 63 39 2. Company Registration &amp; VATEnterprise Number (BCE\/KBO): 0477 819 426VAT Number: BE0477.819.426 3. Responsible Person(s)Legal Representatives:\u2022 Director Dommel Lutz (CEO)\u2022 Director Petrucci Romuald (CFO) 4. Regulatory &amp; Licensing Information\u2022 [&hellip;]<\/p>\n","protected":false},"author":1,"featured_media":0,"parent":0,"menu_order":0,"comment_status":"closed","ping_status":"closed","template":"","meta":{"footnotes":""},"class_list":["post-6600","page","type-page","status-publish","hentry"],"yoast_head":"<!-- This site is optimized with the Yoast SEO Premium plugin v27.2 (Yoast SEO v27.2) - https:\/\/yoast.com\/product\/yoast-seo-premium-wordpress\/ -->\n<title>Imprint - RPP Group<\/title>\n<meta name=\"robots\" content=\"index, follow, max-snippet:-1, max-image-preview:large, max-video-preview:-1\" \/>\n<link rel=\"canonical\" href=\"https:\/\/rpp-group.com\/fr\/imprint\/\" \/>\n<meta property=\"og:locale\" content=\"fr_FR\" \/>\n<meta property=\"og:type\" content=\"article\" \/>\n<meta property=\"og:title\" content=\"Imprint\" \/>\n<meta property=\"og:description\" content=\"Imprint RPP Group 1. Basic Company InformationCompany Name: RPP Group SRLRegistered Address: Rue Guimard 10, 1040 Brussels, BelgiumContact Email: &#099;&#x6f;&#114;&#x70;&#111;&#x72;&#097;&#x74;&#101;&#x2e;&#111;&#x66;&#102;&#x69;&#099;&#x65;&#064;&#x72;&#112;&#x70;&#045;&#x67;&#114;&#x6f;&#117;&#x70;&#046;&#x63;o&#x6d;Phone Number: +32 2 884 63 39 2. Company Registration &amp; VATEnterprise Number (BCE\/KBO): 0477 819 426VAT Number: BE0477.819.426 3. Responsible Person(s)Legal Representatives:\u2022 Director Dommel Lutz (CEO)\u2022 Director Petrucci Romuald (CFO) 4. Regulatory &amp; Licensing Information\u2022 [&hellip;]\" \/>\n<meta property=\"og:url\" content=\"https:\/\/rpp-group.com\/fr\/imprint\/\" \/>\n<meta property=\"og:site_name\" content=\"RPP Group\" \/>\n<meta property=\"article:modified_time\" content=\"2025-11-05T12:24:15+00:00\" \/>\n<meta name=\"twitter:card\" content=\"summary_large_image\" \/>\n<meta name=\"twitter:label1\" content=\"Dur\u00e9e de lecture estim\u00e9e\" \/>\n\t<meta name=\"twitter:data1\" content=\"1 minute\" \/>\n<script type=\"application\/ld+json\" class=\"yoast-schema-graph\">{\"@context\":\"https:\/\/schema.org\",\"@graph\":[{\"@type\":\"WebPage\",\"@id\":\"https:\/\/rpp-group.com\/imprint\/\",\"url\":\"https:\/\/rpp-group.com\/imprint\/\",\"name\":\"Imprint - RPP Group\",\"isPartOf\":{\"@id\":\"https:\/\/rpp-group.com\/#website\"},\"datePublished\":\"2025-03-27T07:15:54+00:00\",\"dateModified\":\"2025-11-05T12:24:15+00:00\",\"breadcrumb\":{\"@id\":\"https:\/\/rpp-group.com\/imprint\/#breadcrumb\"},\"inLanguage\":\"fr-FR\",\"potentialAction\":[{\"@type\":\"ReadAction\",\"target\":[\"https:\/\/rpp-group.com\/imprint\/\"]}]},{\"@type\":\"BreadcrumbList\",\"@id\":\"https:\/\/rpp-group.com\/imprint\/#breadcrumb\",\"itemListElement\":[{\"@type\":\"ListItem\",\"position\":1,\"name\":\"Homepage\",\"item\":\"https:\/\/rpp-group.com\/\"},{\"@type\":\"ListItem\",\"position\":2,\"name\":\"Imprint\"}]},{\"@type\":\"WebSite\",\"@id\":\"https:\/\/rpp-group.com\/#website\",\"url\":\"https:\/\/rpp-group.com\/\",\"name\":\"RPP Group\",\"description\":\"Public affairs and advocacy\",\"potentialAction\":[{\"@type\":\"SearchAction\",\"target\":{\"@type\":\"EntryPoint\",\"urlTemplate\":\"https:\/\/rpp-group.com\/?s={search_term_string}\"},\"query-input\":{\"@type\":\"PropertyValueSpecification\",\"valueRequired\":true,\"valueName\":\"search_term_string\"}}],\"inLanguage\":\"fr-FR\"}]}<\/script>\n<!-- \/ Yoast SEO Premium plugin. -->","yoast_head_json":{"title":"Mentions l\u00e9gales - Groupe RPP","robots":{"index":"index","follow":"follow","max-snippet":"max-snippet:-1","max-image-preview":"max-image-preview:large","max-video-preview":"max-video-preview:-1"},"canonical":"https:\/\/rpp-group.com\/fr\/imprint\/","og_locale":"fr_FR","og_type":"article","og_title":"Imprint","og_description":"Imprint RPP Group 1. Basic Company InformationCompany Name: RPP Group SRLRegistered Address: Rue Guimard 10, 1040 Brussels, BelgiumContact Email: &#99;&#x6f;&#114;&#x70;&#111;&#x72;&#97;&#x74;&#101;&#x2e;&#111;&#x66;&#102;&#x69;&#99;&#x65;&#64;&#x72;&#112;&#x70;&#45;&#x67;&#114;&#x6f;&#117;&#x70;&#46;&#x63;o&#x6d;Phone Number: +32 2 884 63 39 2. Company Registration &amp; VATEnterprise Number (BCE\/KBO): 0477 819 426VAT Number: BE0477.819.426 3. Responsible Person(s)Legal Representatives:\u2022 Director Dommel Lutz (CEO)\u2022 Director Petrucci Romuald (CFO) 4. Regulatory &amp; Licensing Information\u2022 [&hellip;]","og_url":"https:\/\/rpp-group.com\/fr\/imprint\/","og_site_name":"RPP Group","article_modified_time":"2025-11-05T12:24:15+00:00","twitter_card":"summary_large_image","twitter_misc":{"Dur\u00e9e de lecture estim\u00e9e":"1 minute"},"schema":{"@context":"https:\/\/schema.org","@graph":[{"@type":"WebPage","@id":"https:\/\/rpp-group.com\/imprint\/","url":"https:\/\/rpp-group.com\/imprint\/","name":"Mentions l\u00e9gales - Groupe RPP","isPartOf":{"@id":"https:\/\/rpp-group.com\/#website"},"datePublished":"2025-03-27T07:15:54+00:00","dateModified":"2025-11-05T12:24:15+00:00","breadcrumb":{"@id":"https:\/\/rpp-group.com\/imprint\/#breadcrumb"},"inLanguage":"fr-FR","potentialAction":[{"@type":"ReadAction","target":["https:\/\/rpp-group.com\/imprint\/"]}]},{"@type":"BreadcrumbList","@id":"https:\/\/rpp-group.com\/imprint\/#breadcrumb","itemListElement":[{"@type":"ListItem","position":1,"name":"Homepage","item":"https:\/\/rpp-group.com\/"},{"@type":"ListItem","position":2,"name":"Imprint"}]},{"@type":"WebSite","@id":"https:\/\/rpp-group.com\/#website","url":"https:\/\/rpp-group.com\/","name":"RPP Group","description":"Affaires publiques et plaidoyer","potentialAction":[{"@type":"SearchAction","target":{"@type":"EntryPoint","urlTemplate":"https:\/\/rpp-group.com\/?s={search_term_string}"},"query-input":{"@type":"PropertyValueSpecification","valueRequired":true,"valueName":"search_term_string"}}],"inLanguage":"fr-FR"}]}},"_links":{"self":[{"href":"https:\/\/rpp-group.com\/fr\/wp-json\/wp\/v2\/pages\/6600","targetHints":{"allow":["GET"]}}],"collection":[{"href":"https:\/\/rpp-group.com\/fr\/wp-json\/wp\/v2\/pages"}],"about":[{"href":"https:\/\/rpp-group.com\/fr\/wp-json\/wp\/v2\/types\/page"}],"author":[{"embeddable":true,"href":"https:\/\/rpp-group.com\/fr\/wp-json\/wp\/v2\/users\/1"}],"replies":[{"embeddable":true,"href":"https:\/\/rpp-group.com\/fr\/wp-json\/wp\/v2\/comments?post=6600"}],"version-history":[{"count":10,"href":"https:\/\/rpp-group.com\/fr\/wp-json\/wp\/v2\/pages\/6600\/revisions"}],"predecessor-version":[{"id":7532,"href":"https:\/\/rpp-group.com\/fr\/wp-json\/wp\/v2\/pages\/6600\/revisions\/7532"}],"wp:attachment":[{"href":"https:\/\/rpp-group.com\/fr\/wp-json\/wp\/v2\/media?parent=6600"}],"curies":[{"name":"wp","href":"https:\/\/api.w.org\/{rel}","templated":true}]}}