{"id":5709,"date":"2025-02-10T08:20:48","date_gmt":"2025-02-10T07:20:48","guid":{"rendered":"https:\/\/rpp-group.com\/?page_id=5709"},"modified":"2025-11-05T13:04:47","modified_gmt":"2025-11-05T12:04:47","slug":"work-at-rpp","status":"publish","type":"page","link":"https:\/\/rpp-group.com\/fr\/work-at-rpp\/","title":{"rendered":"Travailler chez RPP"},"content":{"rendered":"<div data-elementor-type=\"wp-page\" data-elementor-id=\"5709\" class=\"elementor elementor-5709\" data-elementor-post-type=\"page\">\n\t\t\t\t<div class=\"elementor-element elementor-element-492680ed e-con-full e-flex elementor-invisible e-con e-child\" data-id=\"492680ed\" data-element_type=\"container\" data-e-type=\"container\" data-settings=\"{&quot;background_background&quot;:&quot;classic&quot;,&quot;animation&quot;:&quot;fadeIn&quot;}\">\n\t\t<div class=\"elementor-element elementor-element-553c2e39 e-con-full e-flex e-con e-child\" data-id=\"553c2e39\" data-element_type=\"container\" data-e-type=\"container\">\n\t\t\t\t<div class=\"elementor-element elementor-element-102adfa2 elementor-align-center elementor-mobile-align-center elementor-widget elementor-widget-breadcrumbs\" data-id=\"102adfa2\" data-element_type=\"widget\" data-e-type=\"widget\" data-widget_type=\"breadcrumbs.default\">\n\t\t\t\t<div class=\"elementor-widget-container\">\n\t\t\t\t\t<p id=\"breadcrumbs\"><span><span><a href=\"https:\/\/rpp-group.com\/fr\/\">Page d'accueil<\/a><\/span><\/span><\/p>\t\t\t\t<\/div>\n\t\t\t\t<\/div>\n\t\t\t\t<div class=\"elementor-element elementor-element-69ed77b9 elementor-widget elementor-widget-heading\" data-id=\"69ed77b9\" data-element_type=\"widget\" data-e-type=\"widget\" data-widget_type=\"heading.default\">\n\t\t\t\t<div class=\"elementor-widget-container\">\n\t\t\t\t\t<h1 class=\"elementor-heading-title elementor-size-default\">Travailler chez RPP<\/h1>\t\t\t\t<\/div>\n\t\t\t\t<\/div>\n\t\t\t\t<div class=\"elementor-element elementor-element-76808020 elementor-widget elementor-widget-heading\" data-id=\"76808020\" data-element_type=\"widget\" data-e-type=\"widget\" data-widget_type=\"heading.default\">\n\t\t\t\t<div class=\"elementor-widget-container\">\n\t\t\t\t\t<h2 class=\"elementor-heading-title elementor-size-default\">Depuis la cr\u00e9ation de RPP, nous nous sommes engag\u00e9s \u00e0 nous d\u00e9velopper avec des professionnels des affaires publiques exp\u00e9riment\u00e9s ou de jeunes talents qui apporteraient de nouvelles id\u00e9es et une cr\u00e9ativit\u00e9 suppl\u00e9mentaire \u00e0 notre \u00e9quipe.<\/h2>\t\t\t\t<\/div>\n\t\t\t\t<\/div>\n\t\t\t\t<\/div>\n\t\t\t\t<\/div>\n\t\t<div class=\"elementor-element elementor-element-7de6f993 e-con-full e-flex elementor-invisible e-con e-parent\" data-id=\"7de6f993\" data-element_type=\"container\" data-e-type=\"container\" data-settings=\"{&quot;animation&quot;:&quot;fadeInUp&quot;}\">\n\t\t<div class=\"elementor-element elementor-element-4d73291d e-con-full e-flex e-con e-child\" data-id=\"4d73291d\" data-element_type=\"container\" data-e-type=\"container\">\n\t\t\t\t<div class=\"elementor-element elementor-element-62afd246 elementor-hidden-widescreen elementor-hidden-desktop elementor-hidden-tablet elementor-hidden-mobile elementor-widget elementor-widget-heading\" data-id=\"62afd246\" data-element_type=\"widget\" data-e-type=\"widget\" data-widget_type=\"heading.default\">\n\t\t\t\t<div class=\"elementor-widget-container\">\n\t\t\t\t\t<h2 class=\"elementor-heading-title elementor-size-default\">01<\/h2>\t\t\t\t<\/div>\n\t\t\t\t<\/div>\n\t\t\t\t<\/div>\n\t\t<div class=\"elementor-element elementor-element-24a854e e-con-full e-flex e-con e-child\" data-id=\"24a854e\" data-element_type=\"container\" data-e-type=\"container\">\n\t\t<div class=\"elementor-element elementor-element-61b141ca e-con-full e-flex e-con e-child\" data-id=\"61b141ca\" data-element_type=\"container\" data-e-type=\"container\">\n\t\t\t\t<div class=\"elementor-element elementor-element-2dc1ab93 elementor-widget elementor-widget-heading\" data-id=\"2dc1ab93\" data-element_type=\"widget\" data-e-type=\"widget\" data-widget_type=\"heading.default\">\n\t\t\t\t<div class=\"elementor-widget-container\">\n\t\t\t\t\t<h3 class=\"elementor-heading-title elementor-size-default\">Notre politique et notre philosophie en mati\u00e8re de ressources humaines<\/h3>\t\t\t\t<\/div>\n\t\t\t\t<\/div>\n\t\t\t\t<div class=\"elementor-element elementor-element-2b86abf elementor-widget elementor-widget-text-editor\" data-id=\"2b86abf\" data-element_type=\"widget\" data-e-type=\"widget\" data-widget_type=\"text-editor.default\">\n\t\t\t\t<div class=\"elementor-widget-container\">\n\t\t\t\t\t\t\t\t\t<p>Nous encourageons les candidats \u00e0 postuler s'ils pensent pouvoir apporter un plus \u00e0 notre travail plut\u00f4t que de se contenter de correspondre \u00e0 un profil donn\u00e9.<\/p><p>Nous nous effor\u00e7ons de cr\u00e9er un environnement \u00e0 la fois amical et ambitieux et nous essayons d'identifier un plan de carri\u00e8re rapide pour tous les coll\u00e8gues de RPP.<\/p><p>RPP cherche actuellement \u00e0 pourvoir divers postes dans ses diff\u00e9rents bureaux. Les profils et les qualifications requises sont d\u00e9taill\u00e9s dans les offres d'emploi suivantes. Veuillez adresser votre candidature \u00e0 notre responsable du recrutement. Pour les candidatures spontan\u00e9es, veuillez contacter\u00a0<a href=\"\/fr\/&\/#x6d;&#x61;&#x69;&#x6c;&#x74;&#111;&#58;&#114;&#101;cru&#x69;&#x74;&#x69;&#x6e;&#x67;&#x40;&#114;&#112;&#112;-gr&#x6f;&#x75;&#x70;&#x2e;&#x63;&#x6f;&#109;\">recruiting (at) rpp-group.com<\/a><\/p>\t\t\t\t\t\t\t\t<\/div>\n\t\t\t\t<\/div>\n\t\t\t\t<\/div>\n\t\t\t\t<\/div>\n\t\t\t\t<\/div>\n\t\t<div class=\"elementor-element elementor-element-4f19ad0 e-flex e-con-boxed elementor-invisible e-con e-parent\" data-id=\"4f19ad0\" data-element_type=\"container\" data-e-type=\"container\" data-settings=\"{&quot;animation&quot;:&quot;fadeInUp&quot;}\">\n\t\t\t\t\t<div class=\"e-con-inner\">\n\t\t<div class=\"elementor-element elementor-element-fa49a1b e-con-full e-flex e-con e-child\" data-id=\"fa49a1b\" data-element_type=\"container\" data-e-type=\"container\">\n\t\t\t\t<div class=\"elementor-element elementor-element-7e4be50 elementor-widget elementor-widget-heading\" data-id=\"7e4be50\" data-element_type=\"widget\" data-e-type=\"widget\" data-widget_type=\"heading.default\">\n\t\t\t\t<div class=\"elementor-widget-container\">\n\t\t\t\t\t<h6 class=\"elementor-heading-title elementor-size-default\">Carri\u00e8re RPP<\/h6>\t\t\t\t<\/div>\n\t\t\t\t<\/div>\n\t\t\t\t<div class=\"elementor-element elementor-element-5420496 elementor-widget elementor-widget-heading\" data-id=\"5420496\" data-element_type=\"widget\" data-e-type=\"widget\" data-widget_type=\"heading.default\">\n\t\t\t\t<div class=\"elementor-widget-container\">\n\t\t\t\t\t<h3 class=\"elementor-heading-title elementor-size-default\">Offres d'emploi<\/h3>\t\t\t\t<\/div>\n\t\t\t\t<\/div>\n\t\t\t\t<div class=\"elementor-element elementor-element-33d24bc elementor-grid-3 elementor-grid-tablet-2 elementor-grid-mobile-1 elementor-posts--thumbnail-top elementor-card-shadow-yes elementor-posts__hover-gradient elementor-widget elementor-widget-posts\" data-id=\"33d24bc\" data-element_type=\"widget\" data-e-type=\"widget\" data-settings=\"{&quot;pagination_type&quot;:&quot;numbers&quot;,&quot;cards_columns&quot;:&quot;3&quot;,&quot;cards_columns_tablet&quot;:&quot;2&quot;,&quot;cards_columns_mobile&quot;:&quot;1&quot;,&quot;cards_row_gap&quot;:{&quot;unit&quot;:&quot;px&quot;,&quot;size&quot;:35,&quot;sizes&quot;:[]},&quot;cards_row_gap_widescreen&quot;:{&quot;unit&quot;:&quot;px&quot;,&quot;size&quot;:&quot;&quot;,&quot;sizes&quot;:[]},&quot;cards_row_gap_tablet&quot;:{&quot;unit&quot;:&quot;px&quot;,&quot;size&quot;:&quot;&quot;,&quot;sizes&quot;:[]},&quot;cards_row_gap_mobile&quot;:{&quot;unit&quot;:&quot;px&quot;,&quot;size&quot;:&quot;&quot;,&quot;sizes&quot;:[]}}\" data-widget_type=\"posts.cards\">\n\t\t\t\t<div class=\"elementor-widget-container\">\n\t\t\t\t\t\t\t<div class=\"elementor-posts-container elementor-posts elementor-posts--skin-cards elementor-grid\" role=\"list\">\n\t\t\t\t<article class=\"elementor-post elementor-grid-item post-7153 post type-post status-publish format-standard has-post-thumbnail hentry category-job-openings category-job-openings-brussels\" role=\"listitem\">\n\t\t\t<div class=\"elementor-post__card\">\n\t\t\t\t<a class=\"elementor-post__thumbnail__link\" href=\"https:\/\/rpp-group.com\/fr\/2025\/09\/30\/junior-associate-brussels-office\/\" tabindex=\"-1\" ><div class=\"elementor-post__thumbnail\"><img fetchpriority=\"high\" decoding=\"async\" width=\"2000\" height=\"1335\" src=\"https:\/\/rpp-group.com\/wp-content\/uploads\/2025\/02\/european-parliament-building-in-brussels-2023-11-27-05-08-00-utc.jpg\" class=\"attachment-full size-full wp-image-5604\" alt=\"\" srcset=\"https:\/\/rpp-group.com\/wp-content\/uploads\/2025\/02\/european-parliament-building-in-brussels-2023-11-27-05-08-00-utc.jpg 2000w, https:\/\/rpp-group.com\/wp-content\/uploads\/2025\/02\/european-parliament-building-in-brussels-2023-11-27-05-08-00-utc-300x200.jpg 300w, https:\/\/rpp-group.com\/wp-content\/uploads\/2025\/02\/european-parliament-building-in-brussels-2023-11-27-05-08-00-utc-1024x684.jpg 1024w, https:\/\/rpp-group.com\/wp-content\/uploads\/2025\/02\/european-parliament-building-in-brussels-2023-11-27-05-08-00-utc-768x513.jpg 768w, https:\/\/rpp-group.com\/wp-content\/uploads\/2025\/02\/european-parliament-building-in-brussels-2023-11-27-05-08-00-utc-1536x1025.jpg 1536w\" sizes=\"(max-width: 2000px) 100vw, 2000px\" \/><\/div><\/a>\n\t\t\t\t<div class=\"elementor-post__badge\">Offres d'emploi<\/div>\n\t\t\t\t<div class=\"elementor-post__text\">\n\t\t\t\t<h3 class=\"elementor-post__title\">\n\t\t\t<a href=\"https:\/\/rpp-group.com\/fr\/2025\/09\/30\/junior-associate-brussels-office\/\" >\n\t\t\t\tCollaborateur junior - Bureau de Bruxelles\t\t\t<\/a>\n\t\t<\/h3>\n\t\t\t\t\t<div class=\"elementor-post__read-more-wrapper\">\n\t\t\n\t\t<a class=\"elementor-post__read-more\" href=\"https:\/\/rpp-group.com\/fr\/2025\/09\/30\/junior-associate-brussels-office\/\" aria-label=\"En savoir plus sur Collaborateur junior - Bureau de Bruxelles\" tabindex=\"-1\" >\n\t\t\tLire la suite \"\t\t<\/a>\n\n\t\t\t\t\t<\/div>\n\t\t\t\t<\/div>\n\t\t\t\t<div class=\"elementor-post__meta-data\">\n\t\t\t\t\t<span class=\"elementor-post-date\">\n\t\t\t09\/30\/2025\t\t<\/span>\n\t\t\t\t<\/div>\n\t\t\t\t\t<\/div>\n\t\t<\/article>\n\t\t\t\t<article class=\"elementor-post elementor-grid-item post-6475 post type-post status-publish format-standard has-post-thumbnail hentry category-job-openings category-job-openings-paris\" role=\"listitem\">\n\t\t\t<div class=\"elementor-post__card\">\n\t\t\t\t<a class=\"elementor-post__thumbnail__link\" href=\"https:\/\/rpp-group.com\/fr\/2025\/09\/30\/stagiaire-affaires-publiques\/\" tabindex=\"-1\" ><div class=\"elementor-post__thumbnail\"><img decoding=\"async\" width=\"2000\" height=\"1333\" src=\"https:\/\/rpp-group.com\/wp-content\/uploads\/2025\/02\/the-river-seine-in-paris-at-dawn-2023-11-27-05-30-26-utc.jpg\" class=\"attachment-full size-full wp-image-6242\" alt=\"\" srcset=\"https:\/\/rpp-group.com\/wp-content\/uploads\/2025\/02\/the-river-seine-in-paris-at-dawn-2023-11-27-05-30-26-utc.jpg 2000w, https:\/\/rpp-group.com\/wp-content\/uploads\/2025\/02\/the-river-seine-in-paris-at-dawn-2023-11-27-05-30-26-utc-300x200.jpg 300w, https:\/\/rpp-group.com\/wp-content\/uploads\/2025\/02\/the-river-seine-in-paris-at-dawn-2023-11-27-05-30-26-utc-1024x682.jpg 1024w, https:\/\/rpp-group.com\/wp-content\/uploads\/2025\/02\/the-river-seine-in-paris-at-dawn-2023-11-27-05-30-26-utc-768x512.jpg 768w, https:\/\/rpp-group.com\/wp-content\/uploads\/2025\/02\/the-river-seine-in-paris-at-dawn-2023-11-27-05-30-26-utc-1536x1024.jpg 1536w\" sizes=\"(max-width: 2000px) 100vw, 2000px\" \/><\/div><\/a>\n\t\t\t\t<div class=\"elementor-post__badge\">Offres d'emploi<\/div>\n\t\t\t\t<div class=\"elementor-post__text\">\n\t\t\t\t<h3 class=\"elementor-post__title\">\n\t\t\t<a href=\"https:\/\/rpp-group.com\/fr\/2025\/09\/30\/stagiaire-affaires-publiques\/\" >\n\t\t\t\tStage affaires publiques - Bureau de Paris\t\t\t<\/a>\n\t\t<\/h3>\n\t\t\t\t\t<div class=\"elementor-post__read-more-wrapper\">\n\t\t\n\t\t<a class=\"elementor-post__read-more\" href=\"https:\/\/rpp-group.com\/fr\/2025\/09\/30\/stagiaire-affaires-publiques\/\" aria-label=\"En savoir plus sur Stage affaires publiques - Paris Office\" tabindex=\"-1\" >\n\t\t\tLire la suite \"\t\t<\/a>\n\n\t\t\t\t\t<\/div>\n\t\t\t\t<\/div>\n\t\t\t\t<div class=\"elementor-post__meta-data\">\n\t\t\t\t\t<span class=\"elementor-post-date\">\n\t\t\t09\/30\/2025\t\t<\/span>\n\t\t\t\t<\/div>\n\t\t\t\t\t<\/div>\n\t\t<\/article>\n\t\t\t\t<article class=\"elementor-post elementor-grid-item post-6330 post type-post status-publish format-standard has-post-thumbnail hentry category-job-openings category-job-openings-madrid\" role=\"listitem\">\n\t\t\t<div class=\"elementor-post__card\">\n\t\t\t\t<a class=\"elementor-post__thumbnail__link\" href=\"https:\/\/rpp-group.com\/fr\/2025\/09\/29\/state-of-play-italys-2025-budget-law-and-implications-for-health-policy-2\/\" tabindex=\"-1\" ><div class=\"elementor-post__thumbnail\"><img decoding=\"async\" width=\"2000\" height=\"1333\" src=\"https:\/\/rpp-group.com\/wp-content\/uploads\/2025\/01\/madrid-spain-skyline-2023-11-27-05-03-35-utc-1.jpg\" class=\"attachment-full size-full wp-image-590\" alt=\"\" srcset=\"https:\/\/rpp-group.com\/wp-content\/uploads\/2025\/01\/madrid-spain-skyline-2023-11-27-05-03-35-utc-1.jpg 2000w, https:\/\/rpp-group.com\/wp-content\/uploads\/2025\/01\/madrid-spain-skyline-2023-11-27-05-03-35-utc-1-300x200.jpg 300w, https:\/\/rpp-group.com\/wp-content\/uploads\/2025\/01\/madrid-spain-skyline-2023-11-27-05-03-35-utc-1-1024x682.jpg 1024w, https:\/\/rpp-group.com\/wp-content\/uploads\/2025\/01\/madrid-spain-skyline-2023-11-27-05-03-35-utc-1-768x512.jpg 768w, https:\/\/rpp-group.com\/wp-content\/uploads\/2025\/01\/madrid-spain-skyline-2023-11-27-05-03-35-utc-1-1536x1024.jpg 1536w\" sizes=\"(max-width: 2000px) 100vw, 2000px\" \/><\/div><\/a>\n\t\t\t\t<div class=\"elementor-post__badge\">Offres d'emploi<\/div>\n\t\t\t\t<div class=\"elementor-post__text\">\n\t\t\t\t<h3 class=\"elementor-post__title\">\n\t\t\t<a href=\"https:\/\/rpp-group.com\/fr\/2025\/09\/29\/state-of-play-italys-2025-budget-law-and-implications-for-health-policy-2\/\" >\n\t\t\t\tCollaborateur junior - Bureau de Madrid\t\t\t<\/a>\n\t\t<\/h3>\n\t\t\t\t\t<div class=\"elementor-post__read-more-wrapper\">\n\t\t\n\t\t<a class=\"elementor-post__read-more\" href=\"https:\/\/rpp-group.com\/fr\/2025\/09\/29\/state-of-play-italys-2025-budget-law-and-implications-for-health-policy-2\/\" aria-label=\"En savoir plus sur Collaborateur junior - Bureau de Madrid\" tabindex=\"-1\" >\n\t\t\tLire la suite \"\t\t<\/a>\n\n\t\t\t\t\t<\/div>\n\t\t\t\t<\/div>\n\t\t\t\t<div class=\"elementor-post__meta-data\">\n\t\t\t\t\t<span class=\"elementor-post-date\">\n\t\t\t09\/29\/2025\t\t<\/span>\n\t\t\t\t<\/div>\n\t\t\t\t\t<\/div>\n\t\t<\/article>\n\t\t\t\t<\/div>\n\t\t\n\t\t\t\t\t\t<\/div>\n\t\t\t\t<\/div>\n\t\t\t\t<\/div>\n\t\t\t\t\t<\/div>\n\t\t\t\t<\/div>\n\t\t<div class=\"elementor-element elementor-element-c7df05a e-con-full e-flex elementor-invisible e-con e-parent\" data-id=\"c7df05a\" data-element_type=\"container\" data-e-type=\"container\" data-settings=\"{&quot;animation&quot;:&quot;fadeInUp&quot;}\">\n\t\t<div class=\"elementor-element elementor-element-97ecac1 e-con-full e-flex e-con e-child\" data-id=\"97ecac1\" data-element_type=\"container\" data-e-type=\"container\">\n\t\t<div class=\"elementor-element elementor-element-4b1273c e-con-full e-flex e-con e-child\" data-id=\"4b1273c\" data-element_type=\"container\" data-e-type=\"container\">\n\t\t\t\t<div class=\"elementor-element elementor-element-eb8cf16 elementor-widget elementor-widget-heading\" data-id=\"eb8cf16\" data-element_type=\"widget\" data-e-type=\"widget\" data-widget_type=\"heading.default\">\n\t\t\t\t<div class=\"elementor-widget-container\">\n\t\t\t\t\t<h3 class=\"elementor-heading-title elementor-size-default\">Pourquoi travailler chez RPP ?<\/h3>\t\t\t\t<\/div>\n\t\t\t\t<\/div>\n\t\t\t\t<div class=\"elementor-element elementor-element-f4dbd44 elementor-widget elementor-widget-text-editor\" data-id=\"f4dbd44\" data-element_type=\"widget\" data-e-type=\"widget\" data-widget_type=\"text-editor.default\">\n\t\t\t\t<div class=\"elementor-widget-container\">\n\t\t\t\t\t\t\t\t\t<p style=\"text-align: right;\">Travailler au sein de nos \u00e9quipes dynamiques dans toute l'Europe pr\u00e9sente de nombreux avantages. RPP s'est constamment d\u00e9velopp\u00e9 au cours des deux derni\u00e8res d\u00e9cennies et continuera \u00e0 le faire, avec l'ajout de nouveaux talents au fur et \u00e0 mesure de notre croissance. Nous avons cr\u00e9\u00e9 un environnement qui offre \u00e0 des coll\u00e8gues exceptionnels la possibilit\u00e9 d'exceller \u00e0 une vitesse sans pr\u00e9c\u00e9dent et de franchir des \u00e9tapes importantes dans leur carri\u00e8re.<\/p>\n<p style=\"text-align: right;\">Nous savons \u00e9galement qu'il est important de prendre plaisir \u00e0 venir travailler chaque jour et, en plus de cr\u00e9er un environnement de travail inclusif, nous veillons \u00e0 organiser r\u00e9guli\u00e8rement des retraites et des r\u00e9unions d'entreprise afin que toutes nos \u00e9quipes restent en contact \u00e9troit et entretiennent de solides relations de travail dans tous les bureaux.<\/p>\t\t\t\t\t\t\t\t<\/div>\n\t\t\t\t<\/div>\n\t\t\t\t<div class=\"elementor-element elementor-element-5966399 elementor-widget elementor-widget-menu-anchor\" data-id=\"5966399\" data-element_type=\"widget\" data-e-type=\"widget\" data-widget_type=\"menu-anchor.default\">\n\t\t\t\t<div class=\"elementor-widget-container\">\n\t\t\t\t\t\t\t<div class=\"elementor-menu-anchor\" id=\"jobs\"><\/div>\n\t\t\t\t\t\t<\/div>\n\t\t\t\t<\/div>\n\t\t\t\t<\/div>\n\t\t\t\t<\/div>\n\t\t<div class=\"elementor-element elementor-element-7d18d77 e-con-full e-flex e-con e-child\" data-id=\"7d18d77\" data-element_type=\"container\" data-e-type=\"container\">\n\t\t<div class=\"elementor-element elementor-element-a584883 e-con-full e-flex e-con e-child\" data-id=\"a584883\" data-element_type=\"container\" data-e-type=\"container\">\n\t\t\t\t<div class=\"elementor-element elementor-element-4446f1f elementor-widget elementor-widget-heading\" data-id=\"4446f1f\" data-element_type=\"widget\" data-e-type=\"widget\" data-widget_type=\"heading.default\">\n\t\t\t\t<div class=\"elementor-widget-container\">\n\t\t\t\t\t<h3 class=\"elementor-heading-title elementor-size-default\">Vos avantages<\/h3>\t\t\t\t<\/div>\n\t\t\t\t<\/div>\n\t\t\t\t<div class=\"elementor-element elementor-element-390412c elementor-widget elementor-widget-text-editor\" data-id=\"390412c\" data-element_type=\"widget\" data-e-type=\"widget\" data-widget_type=\"text-editor.default\">\n\t\t\t\t<div class=\"elementor-widget-container\">\n\t\t\t\t\t\t\t\t\t<ul>\n<li>Faire partie d'une entreprise en pleine croissance o\u00f9 vous pouvez apporter vos id\u00e9es \u00e0 notre identit\u00e9\u00a0\u00a0<\/li>\n<li>Esprit d'entreprise au sein de l'entreprise et libert\u00e9 de poursuivre de nouvelles initiatives prometteuses\u00a0<\/li>\n<li>\u00c9quilibre entre vie professionnelle et vie priv\u00e9e\u00a0<\/li>\n<li>Activit\u00e9s de renforcement de l'esprit d'\u00e9quipe telles que des retraites, des activit\u00e9s apr\u00e8s le travail, etc.\u00a0\u00a0<\/li>\n<li>Travailler au sein d'une \u00e9quipe internationale\u00a0\u00a0<\/li>\n<li>D\u00e9veloppez vos comp\u00e9tences en travaillant avec des coll\u00e8gues ayant des dizaines d'ann\u00e9es d'exp\u00e9rience dans le domaine des affaires publiques et des institutions politiques.\u00a0<\/li>\n<li>Perfectionnez vos comp\u00e9tences gr\u00e2ce aux s\u00e9minaires, ateliers et formations de RPP.\u00a0<\/li>\n<\/ul>\t\t\t\t\t\t\t\t<\/div>\n\t\t\t\t<\/div>\n\t\t\t\t<\/div>\n\t\t\t\t<\/div>\n\t\t\t\t<\/div>\n\t\t\t\t<\/div>","protected":false},"excerpt":{"rendered":"<p>Travailler chez RPP Depuis la cr\u00e9ation de RPP, nous nous sommes engag\u00e9s \u00e0 nous d\u00e9velopper avec des professionnels des affaires publiques exp\u00e9riment\u00e9s ou de jeunes talents qui apporteraient une nouvelle dimension \u00e0 notre entreprise.<\/p>","protected":false},"author":1,"featured_media":0,"parent":0,"menu_order":0,"comment_status":"closed","ping_status":"closed","template":"","meta":{"footnotes":""},"class_list":["post-5709","page","type-page","status-publish","hentry"],"yoast_head":"<!-- This site is optimized with the Yoast SEO Premium plugin v27.2 (Yoast SEO v27.2) - https:\/\/yoast.com\/product\/yoast-seo-premium-wordpress\/ -->\n<title>Public Affairs Careers: Join a Dynamic Team Today - RPP Group<\/title>\n<meta name=\"description\" content=\"Join RPP and explore public affairs careers that drive ambition and innovation. We welcome unique talents to our growing teams.\" \/>\n<meta name=\"robots\" content=\"index, follow, max-snippet:-1, max-image-preview:large, max-video-preview:-1\" \/>\n<link rel=\"canonical\" href=\"https:\/\/rpp-group.com\/fr\/work-at-rpp\/\" \/>\n<meta property=\"og:locale\" content=\"fr_FR\" \/>\n<meta property=\"og:type\" content=\"article\" \/>\n<meta property=\"og:title\" content=\"Work at RPP\" \/>\n<meta property=\"og:description\" content=\"Join RPP and explore public affairs careers that drive ambition and innovation. We welcome unique talents to our growing teams.\" \/>\n<meta property=\"og:url\" content=\"https:\/\/rpp-group.com\/fr\/work-at-rpp\/\" \/>\n<meta property=\"og:site_name\" content=\"RPP Group\" \/>\n<meta property=\"article:modified_time\" content=\"2025-11-05T12:04:47+00:00\" \/>\n<meta name=\"twitter:card\" content=\"summary_large_image\" \/>\n<meta name=\"twitter:label1\" content=\"Dur\u00e9e de lecture estim\u00e9e\" \/>\n\t<meta name=\"twitter:data1\" content=\"3 minutes\" \/>\n<script type=\"application\/ld+json\" class=\"yoast-schema-graph\">{\"@context\":\"https:\/\/schema.org\",\"@graph\":[{\"@type\":\"WebPage\",\"@id\":\"https:\/\/rpp-group.com\/work-at-rpp\/\",\"url\":\"https:\/\/rpp-group.com\/work-at-rpp\/\",\"name\":\"Public Affairs Careers: Join a Dynamic Team Today - RPP Group\",\"isPartOf\":{\"@id\":\"https:\/\/rpp-group.com\/#website\"},\"datePublished\":\"2025-02-10T07:20:48+00:00\",\"dateModified\":\"2025-11-05T12:04:47+00:00\",\"description\":\"Join RPP and explore public affairs careers that drive ambition and innovation. We welcome unique talents to our growing teams.\",\"breadcrumb\":{\"@id\":\"https:\/\/rpp-group.com\/work-at-rpp\/#breadcrumb\"},\"inLanguage\":\"fr-FR\",\"potentialAction\":[{\"@type\":\"ReadAction\",\"target\":[\"https:\/\/rpp-group.com\/work-at-rpp\/\"]}]},{\"@type\":\"BreadcrumbList\",\"@id\":\"https:\/\/rpp-group.com\/work-at-rpp\/#breadcrumb\",\"itemListElement\":[{\"@type\":\"ListItem\",\"position\":1,\"name\":\"Homepage\",\"item\":\"https:\/\/rpp-group.com\/\"},{\"@type\":\"ListItem\",\"position\":2,\"name\":\"Work at RPP\"}]},{\"@type\":\"WebSite\",\"@id\":\"https:\/\/rpp-group.com\/#website\",\"url\":\"https:\/\/rpp-group.com\/\",\"name\":\"RPP Group\",\"description\":\"Public affairs and advocacy\",\"potentialAction\":[{\"@type\":\"SearchAction\",\"target\":{\"@type\":\"EntryPoint\",\"urlTemplate\":\"https:\/\/rpp-group.com\/?s={search_term_string}\"},\"query-input\":{\"@type\":\"PropertyValueSpecification\",\"valueRequired\":true,\"valueName\":\"search_term_string\"}}],\"inLanguage\":\"fr-FR\"}]}<\/script>\n<!-- \/ Yoast SEO Premium plugin. -->","yoast_head_json":{"title":"Carri\u00e8res en affaires publiques : Rejoignez une \u00e9quipe dynamique d\u00e8s aujourd'hui - RPP Group","description":"Rejoignez RPP et d\u00e9couvrez des carri\u00e8res dans les affaires publiques qui stimulent l'ambition et l'innovation. Nous accueillons des talents uniques dans nos \u00e9quipes en pleine croissance.","robots":{"index":"index","follow":"follow","max-snippet":"max-snippet:-1","max-image-preview":"max-image-preview:large","max-video-preview":"max-video-preview:-1"},"canonical":"https:\/\/rpp-group.com\/fr\/work-at-rpp\/","og_locale":"fr_FR","og_type":"article","og_title":"Work at RPP","og_description":"Join RPP and explore public affairs careers that drive ambition and innovation. We welcome unique talents to our growing teams.","og_url":"https:\/\/rpp-group.com\/fr\/work-at-rpp\/","og_site_name":"RPP Group","article_modified_time":"2025-11-05T12:04:47+00:00","twitter_card":"summary_large_image","twitter_misc":{"Dur\u00e9e de lecture estim\u00e9e":"3 minutes"},"schema":{"@context":"https:\/\/schema.org","@graph":[{"@type":"WebPage","@id":"https:\/\/rpp-group.com\/work-at-rpp\/","url":"https:\/\/rpp-group.com\/work-at-rpp\/","name":"Carri\u00e8res en affaires publiques : Rejoignez une \u00e9quipe dynamique d\u00e8s aujourd'hui - RPP Group","isPartOf":{"@id":"https:\/\/rpp-group.com\/#website"},"datePublished":"2025-02-10T07:20:48+00:00","dateModified":"2025-11-05T12:04:47+00:00","description":"Rejoignez RPP et d\u00e9couvrez des carri\u00e8res dans les affaires publiques qui stimulent l'ambition et l'innovation. Nous accueillons des talents uniques dans nos \u00e9quipes en pleine croissance.","breadcrumb":{"@id":"https:\/\/rpp-group.com\/work-at-rpp\/#breadcrumb"},"inLanguage":"fr-FR","potentialAction":[{"@type":"ReadAction","target":["https:\/\/rpp-group.com\/work-at-rpp\/"]}]},{"@type":"BreadcrumbList","@id":"https:\/\/rpp-group.com\/work-at-rpp\/#breadcrumb","itemListElement":[{"@type":"ListItem","position":1,"name":"Homepage","item":"https:\/\/rpp-group.com\/"},{"@type":"ListItem","position":2,"name":"Work at RPP"}]},{"@type":"WebSite","@id":"https:\/\/rpp-group.com\/#website","url":"https:\/\/rpp-group.com\/","name":"RPP Group","description":"Affaires publiques et plaidoyer","potentialAction":[{"@type":"SearchAction","target":{"@type":"EntryPoint","urlTemplate":"https:\/\/rpp-group.com\/?s={search_term_string}"},"query-input":{"@type":"PropertyValueSpecification","valueRequired":true,"valueName":"search_term_string"}}],"inLanguage":"fr-FR"}]}},"_links":{"self":[{"href":"https:\/\/rpp-group.com\/fr\/wp-json\/wp\/v2\/pages\/5709","targetHints":{"allow":["GET"]}}],"collection":[{"href":"https:\/\/rpp-group.com\/fr\/wp-json\/wp\/v2\/pages"}],"about":[{"href":"https:\/\/rpp-group.com\/fr\/wp-json\/wp\/v2\/types\/page"}],"author":[{"embeddable":true,"href":"https:\/\/rpp-group.com\/fr\/wp-json\/wp\/v2\/users\/1"}],"replies":[{"embeddable":true,"href":"https:\/\/rpp-group.com\/fr\/wp-json\/wp\/v2\/comments?post=5709"}],"version-history":[{"count":10,"href":"https:\/\/rpp-group.com\/fr\/wp-json\/wp\/v2\/pages\/5709\/revisions"}],"predecessor-version":[{"id":7452,"href":"https:\/\/rpp-group.com\/fr\/wp-json\/wp\/v2\/pages\/5709\/revisions\/7452"}],"wp:attachment":[{"href":"https:\/\/rpp-group.com\/fr\/wp-json\/wp\/v2\/media?parent=5709"}],"curies":[{"name":"wp","href":"https:\/\/api.w.org\/{rel}","templated":true}]}}