{"id":5569,"date":"2025-02-09T14:38:59","date_gmt":"2025-02-09T13:38:59","guid":{"rendered":"https:\/\/rpp-group.com\/?page_id=5569"},"modified":"2026-02-19T12:54:05","modified_gmt":"2026-02-19T11:54:05","slug":"rome","status":"publish","type":"page","link":"https:\/\/rpp-group.com\/fr\/rome\/","title":{"rendered":"Rome"},"content":{"rendered":"<div data-elementor-type=\"wp-page\" data-elementor-id=\"5569\" class=\"elementor elementor-5569\" data-elementor-post-type=\"page\">\n\t\t\t\t<div class=\"elementor-element elementor-element-320c8c91 e-con-full e-flex elementor-invisible e-con e-child\" data-id=\"320c8c91\" data-element_type=\"container\" data-e-type=\"container\" data-settings=\"{&quot;background_background&quot;:&quot;classic&quot;,&quot;animation&quot;:&quot;fadeIn&quot;}\">\n\t\t<div class=\"elementor-element elementor-element-600bfa09 e-con-full e-flex e-con e-child\" data-id=\"600bfa09\" data-element_type=\"container\" data-e-type=\"container\">\n\t\t\t\t<div class=\"elementor-element elementor-element-4d17d7b1 elementor-align-center elementor-mobile-align-center elementor-widget elementor-widget-breadcrumbs\" data-id=\"4d17d7b1\" data-element_type=\"widget\" data-e-type=\"widget\" data-widget_type=\"breadcrumbs.default\">\n\t\t\t\t<div class=\"elementor-widget-container\">\n\t\t\t\t\t<p id=\"breadcrumbs\"><span><span><a href=\"https:\/\/rpp-group.com\/fr\/\">Page d'accueil<\/a><\/span><\/span><\/p>\t\t\t\t<\/div>\n\t\t\t\t<\/div>\n\t\t\t\t<div class=\"elementor-element elementor-element-4f307cb4 elementor-widget elementor-widget-heading\" data-id=\"4f307cb4\" data-element_type=\"widget\" data-e-type=\"widget\" data-widget_type=\"heading.default\">\n\t\t\t\t<div class=\"elementor-widget-container\">\n\t\t\t\t\t<h1 class=\"elementor-heading-title elementor-size-default\">\u00c0 propos du bureau de Rome<\/h1>\t\t\t\t<\/div>\n\t\t\t\t<\/div>\n\t\t\t\t<div class=\"elementor-element elementor-element-1f7f9fc9 elementor-widget elementor-widget-heading\" data-id=\"1f7f9fc9\" data-element_type=\"widget\" data-e-type=\"widget\" data-widget_type=\"heading.default\">\n\t\t\t\t<div class=\"elementor-widget-container\">\n\t\t\t\t\t<h2 class=\"elementor-heading-title elementor-size-default\">RPP Italie poss\u00e8de l'expertise n\u00e9cessaire pour comprendre les changements significatifs de la culture politique en Italie afin d'apporter une valeur ajout\u00e9e significative \u00e0 votre entreprise.<\/h2>\t\t\t\t<\/div>\n\t\t\t\t<\/div>\n\t\t\t\t<\/div>\n\t\t\t\t<\/div>\n\t\t<div class=\"elementor-element elementor-element-7de6f993 e-con-full e-flex elementor-invisible e-con e-parent\" data-id=\"7de6f993\" data-element_type=\"container\" data-e-type=\"container\" data-settings=\"{&quot;animation&quot;:&quot;fadeInUp&quot;}\">\n\t\t<div class=\"elementor-element elementor-element-4d73291d e-con-full e-flex e-con e-child\" data-id=\"4d73291d\" data-element_type=\"container\" data-e-type=\"container\">\n\t\t\t\t<div class=\"elementor-element elementor-element-88d6dd6 elementor-widget elementor-widget-elementskit-team\" data-id=\"88d6dd6\" data-element_type=\"widget\" data-e-type=\"widget\" data-widget_type=\"elementskit-team.default\">\n\t\t\t\t<div class=\"elementor-widget-container\">\n\t\t\t\t\t<div class=\"ekit-wid-con\">\t\t\t\t\t\t\t\t\n\t\t<div class=\"profile-card elementor-animation- text-center ekit-team-style-default\">\n\t\t\t\t\t\t\t<a aria-label=\"profil\" href=\"javascript:void(0)\" data-mfp-src=\"#ekit_team_modal_88d6dd6_5569\" class=\"ekit-team-popup\">\n\t\t\t\n\t\t\t\t<div class=\"profile-header ekit-team-img ekit-img-overlay ekit-team-img-block\"  data-toggle=\"modal\" data-target=\"ekit_team_modal_#88d6dd6_5569\" >\n\t\t\t\t\t<img fetchpriority=\"high\" decoding=\"async\" width=\"800\" height=\"800\" src=\"https:\/\/rpp-group.com\/wp-content\/uploads\/2025\/12\/Lutz_Dommel_RPP.webp\" class=\"attachment-large size-large wp-image-7767\" alt=\"\" srcset=\"https:\/\/rpp-group.com\/wp-content\/uploads\/2025\/12\/Lutz_Dommel_RPP.webp 1024w, https:\/\/rpp-group.com\/wp-content\/uploads\/2025\/12\/Lutz_Dommel_RPP-300x300.webp 300w, https:\/\/rpp-group.com\/wp-content\/uploads\/2025\/12\/Lutz_Dommel_RPP-150x150.webp 150w, https:\/\/rpp-group.com\/wp-content\/uploads\/2025\/12\/Lutz_Dommel_RPP-768x768.webp 768w, https:\/\/rpp-group.com\/wp-content\/uploads\/2025\/12\/Lutz_Dommel_RPP-12x12.webp 12w\" sizes=\"(max-width: 800px) 100vw, 800px\" \/>\t\t\t\t<\/div><!-- .profile-header END -->\n\t\t\t\t\t\t\t<\/a>\n\t\t\t\n\n\t\t\t\t<div class=\"profile-body\">\n\t\t\t\t\t\n\t\t\t\t\t<h2 class=\"profile-title\">\n\t\t\t\t\t\t\t\t\t\t\t<a aria-label=\"profil\" href=\"javascript:void(0)\" data-mfp-src=\"#ekit_team_modal_88d6dd6_5569\" class=\"ekit-team-popup\">\n\t\t\t\t\t\tLutz Dommel\t\t\t\t\t\t<\/a>\n\t\t\t\t\t\t\t\t\t\t\t<\/h2>\n\t\t\t\t\t<p class=\"profile-designation\">PDG &amp; Partenaire chez Paritee<\/p>\n\t\t\t\t\t\t\t\t\t<\/div><!-- .profile-body END -->\n\n\t\t\t\t\t\t\t\t\t<div class=\"profile-footer\">\n\t\t\t\t\t\t<ul class=\"ekit-team-social-list\">\n\t\t\t<li class=\"elementor-repeater-item-b5a88b9\">\n\t\t\t<a href=\"https:\/\/www.linkedin.com\/in\/lutz-dommel\/\" aria-label=\"Linkedin\">\n\t\t\t\t<svg aria-hidden=\"true\" class=\"e-font-icon-svg e-fab-linkedin-in\" viewbox=\"0 0 448 512\" xmlns=\"http:\/\/www.w3.org\/2000\/svg\"><path d=\"M100.28 448H7.4V148.9h92.88zM53.79 108.1C24.09 108.1 0 83.5 0 53.8a53.79 53.79 0 0 1 107.58 0c0 29.7-24.1 54.3-53.79 54.3zM447.9 448h-92.68V302.4c0-34.7-.7-79.2-48.29-79.2-48.29 0-55.69 37.7-55.69 76.7V448h-92.78V148.9h89.08v40.8h1.3c12.4-23.5 42.69-48.3 87.88-48.3 94 0 111.28 61.9 111.28 142.3V448z\"><\/path><\/svg>\t\t\t<\/a>\n\t\t<\/li>\n\t<\/ul>\n\t\t\t\t\t<\/div>\n\t\t\t\t\t\t\t\t\t<\/div>\n\t\t\t\t\t\t\t\n\t\t\t\n\t\t\t\t\t<div class=\"zoom-anim-dialog mfp-hide elementskit-team-popup team-popup-id-88d6dd6\" id=\"ekit_team_modal_88d6dd6_5569\" tabindex=\"-1\" role=\"dialog\" aria-hidden=\"true\">\n\t\t\t\t<div class=\"modal-dialog modal-dialog-centered\" role=\"document\">\n\t\t\t\t\t<div class=\"modal-content\">\n\t\t\t\t\t\t<button type=\"button\" class=\"ekit-team-modal-close\">\n\t\t\t\t\t\t\t<svg aria-hidden=\"true\" class=\"e-font-icon-svg e-fas-times\" viewbox=\"0 0 352 512\" xmlns=\"http:\/\/www.w3.org\/2000\/svg\"><path d=\"M242.72 256l100.07-100.07c12.28-12.28 12.28-32.19 0-44.48l-22.24-22.24c-12.28-12.28-32.19-12.28-44.48 0L176 189.28 75.93 89.21c-12.28-12.28-32.19-12.28-44.48 0L9.21 111.45c-12.28 12.28-12.28 32.19 0 44.48L109.28 256 9.21 356.07c-12.28 12.28-12.28 32.19 0 44.48l22.24 22.24c12.28 12.28 32.2 12.28 44.48 0L176 322.72l100.07 100.07c12.28 12.28 32.2 12.28 44.48 0l22.24-22.24c12.28-12.28 12.28-32.19 0-44.48L242.72 256z\"><\/path><\/svg>\t\t\t\t\t\t<\/button>\n\n\t\t\t\t\t\t<div class=\"modal-body\">\n\t\t\t\t\t\t\t\t\t\t\t\t\t\t\t<div class=\"ekit-team-modal-img\">\n\t\t\t\t\t\t\t\t\t<img fetchpriority=\"high\" decoding=\"async\" width=\"800\" height=\"800\" src=\"https:\/\/rpp-group.com\/wp-content\/uploads\/2025\/12\/Lutz_Dommel_RPP.webp\" class=\"attachment-large size-large wp-image-7767\" alt=\"\" srcset=\"https:\/\/rpp-group.com\/wp-content\/uploads\/2025\/12\/Lutz_Dommel_RPP.webp 1024w, https:\/\/rpp-group.com\/wp-content\/uploads\/2025\/12\/Lutz_Dommel_RPP-300x300.webp 300w, https:\/\/rpp-group.com\/wp-content\/uploads\/2025\/12\/Lutz_Dommel_RPP-150x150.webp 150w, https:\/\/rpp-group.com\/wp-content\/uploads\/2025\/12\/Lutz_Dommel_RPP-768x768.webp 768w, https:\/\/rpp-group.com\/wp-content\/uploads\/2025\/12\/Lutz_Dommel_RPP-12x12.webp 12w\" sizes=\"(max-width: 800px) 100vw, 800px\" \/>\t\t\t\t\t\t\t\t<\/div>\n\t\t\t\t\t\t\t\n\t\t\t\t\t\t\t<div class=\"ekit-team-modal-info has-img\">\n\t\t\t\t\t\t\t\t<h2 class=\"ekit-team-modal-title\">Lutz Dommel<\/h2>\n\t\t\t\t\t\t\t\t<p class=\"ekit-team-modal-position\">PDG &amp; Partenaire chez Paritee<\/p>\n\n\t\t\t\t\t\t\t\t<div class=\"ekit-team-modal-content\">\n\t\t\t\t\t\t\t\t\tLutz a rejoint RPP en tant que directeur g\u00e9n\u00e9ral du groupe en septembre 2017. Il poss\u00e8de un parcours exceptionnel dans le domaine des affaires publiques, qu'il a acquis en travaillant au sein du PE et en dirigeant un cabinet de conseil. Apr\u00e8s une d\u00e9cennie \u00e0 l'int\u00e9rieur et \u00e0 l'ext\u00e9rieur des institutions europ\u00e9ennes \u00e0 Bruxelles, il a \u00e9t\u00e9 nomm\u00e9 directeur ex\u00e9cutif pour une soci\u00e9t\u00e9 internationale de gestion financi\u00e8re au Luxembourg en 2013.\t\t\t\t\t\t\t\t<\/div>\n\n\t\t\t\t\t\t\t\t\t\t\t\t\t\t\t\t\t<ul class=\"ekit-team-modal-list\">\n\t\t\t\t\t\t\t\t\t\t\n\t\t\t\t\t\t\t\t\t\t\t\t\t\t\t\t\t\t\t\t\t<li><strong>Courriel :<\/strong><a href=\"\/fr\/mail&\/#116;&#111;&#58;&#108;&#46;&#x64;&#x6f;&#x6d;&#x6d;&#x65;&#x6c;&#x40;rpp-&#103;&#114;&#111;&#117;&#112;&#x2e;&#x63;&#x6f;&#x6d;\">l.dommel@rpp-group.com<\/a><\/li>\n\t\t\t\t\t\t\t\t\t\t\t\t\t\t\t\t\t\t\t<\/ul>\n\t\t\t\t\t\t\t\t\n\t\t\t\t\t\t\t\t<ul class=\"ekit-team-social-list\">\n\t\t\t<li class=\"elementor-repeater-item-b5a88b9\">\n\t\t\t<a href=\"https:\/\/www.linkedin.com\/in\/lutz-dommel\/\" aria-label=\"Linkedin\">\n\t\t\t\t<svg aria-hidden=\"true\" class=\"e-font-icon-svg e-fab-linkedin-in\" viewbox=\"0 0 448 512\" xmlns=\"http:\/\/www.w3.org\/2000\/svg\"><path d=\"M100.28 448H7.4V148.9h92.88zM53.79 108.1C24.09 108.1 0 83.5 0 53.8a53.79 53.79 0 0 1 107.58 0c0 29.7-24.1 54.3-53.79 54.3zM447.9 448h-92.68V302.4c0-34.7-.7-79.2-48.29-79.2-48.29 0-55.69 37.7-55.69 76.7V448h-92.78V148.9h89.08v40.8h1.3c12.4-23.5 42.69-48.3 87.88-48.3 94 0 111.28 61.9 111.28 142.3V448z\"><\/path><\/svg>\t\t\t<\/a>\n\t\t<\/li>\n\t<\/ul>\n\t\t\t\t\t\t\t<\/div>\n\t\t\t\t\t\t<\/div>\n\t\t\t\t\t<\/div>\n\t\t\t\t<\/div>\n\t\t\t<\/div>\n\t\t\t\t<\/div>\t\t\t\t<\/div>\n\t\t\t\t<\/div>\n\t\t\t\t<\/div>\n\t\t<div class=\"elementor-element elementor-element-24a854e e-con-full e-flex e-con e-child\" data-id=\"24a854e\" data-element_type=\"container\" data-e-type=\"container\">\n\t\t\t\t<div class=\"elementor-element elementor-element-2dc1ab93 elementor-widget elementor-widget-heading\" data-id=\"2dc1ab93\" data-element_type=\"widget\" data-e-type=\"widget\" data-widget_type=\"heading.default\">\n\t\t\t\t<div class=\"elementor-widget-container\">\n\t\t\t\t\t<h3 class=\"elementor-heading-title elementor-size-default\">Bienvenue !<\/h3>\t\t\t\t<\/div>\n\t\t\t\t<\/div>\n\t\t\t\t<div class=\"elementor-element elementor-element-3f0cf73 elementor-widget elementor-widget-text-editor\" data-id=\"3f0cf73\" data-element_type=\"widget\" data-e-type=\"widget\" data-widget_type=\"text-editor.default\">\n\t\t\t\t<div class=\"elementor-widget-container\">\n\t\t\t\t\t\t\t\t\t<p>Avec plus de 60 millions d'habitants, l'Italie est un \u00c9tat membre important de l'Union europ\u00e9enne qui, \u00e0 la suite du Brexit, acquerra davantage d'influence. Comprendre la dynamique de l'environnement politique italien et pr\u00eater attention aux diff\u00e9rents besoins r\u00e9gionaux sont les cl\u00e9s du succ\u00e8s. Chez RPP Rome, nous fournissons \u00e0 nos clients des informations pertinentes sur le processus de prise de d\u00e9cision et des id\u00e9es strat\u00e9giques sur la fa\u00e7on d'aborder les probl\u00e8mes.\u00a0<\/p>\t\t\t\t\t\t\t\t<\/div>\n\t\t\t\t<\/div>\n\t\t\t\t<div class=\"elementor-element elementor-element-c4cc786 elementor-widget elementor-widget-text-editor\" data-id=\"c4cc786\" data-element_type=\"widget\" data-e-type=\"widget\" data-widget_type=\"text-editor.default\">\n\t\t\t\t<div class=\"elementor-widget-container\">\n\t\t\t\t\t\t\t\t\t<div class=\"elementor-element elementor-element-9097a45 de_scroll_animation_no elementor-widget elementor-widget-heading\" data-id=\"9097a45\" data-element_type=\"widget\" data-settings=\"{&quot;ptf_animated_widget_animation&quot;:&quot;none&quot;}\" data-widget_type=\"heading.default\"><div class=\"elementor-widget-container\"><p class=\"elementor-heading-title elementor-size-default\"><strong>Pr\u00e9sentez-nous votre projet.<\/strong><\/p><\/div><\/div>\t\t\t\t\t\t\t\t<\/div>\n\t\t\t\t<\/div>\n\t\t\t\t<div class=\"elementor-element elementor-element-a0f988a elementor-widget elementor-widget-text-editor\" data-id=\"a0f988a\" data-element_type=\"widget\" data-e-type=\"widget\" data-widget_type=\"text-editor.default\">\n\t\t\t\t<div class=\"elementor-widget-container\">\n\t\t\t\t\t\t\t\t\t<div class=\"elementor-element elementor-element-d85988f de_scroll_animation_no elementor-widget elementor-widget-heading\" data-id=\"d85988f\" data-element_type=\"widget\" data-settings=\"{&quot;ptf_animated_widget_animation&quot;:&quot;none&quot;}\" data-widget_type=\"heading.default\"><div class=\"elementor-widget-container\"><div class=\"elementor-element elementor-element-d85988f de_scroll_animation_no elementor-widget elementor-widget-heading\" data-id=\"d85988f\" data-element_type=\"widget\" data-settings=\"{&quot;ptf_animated_widget_animation&quot;:&quot;none&quot;}\" data-widget_type=\"heading.default\"><div class=\"elementor-widget-container\"><p class=\"elementor-heading-title elementor-size-default\"><strong>Contact<\/strong><\/p><\/div><\/div><div class=\"elementor-element elementor-element-d60125c de_scroll_animation_no elementor-widget elementor-widget-text-editor\" data-id=\"d60125c\" data-element_type=\"widget\" data-settings=\"{&quot;ptf_animated_widget_animation&quot;:&quot;none&quot;}\" data-widget_type=\"text-editor.default\"><div class=\"elementor-widget-container\"><p>Groupe RPP SPRL<br \/>Largo Chigi 9<br \/>00187 Roma<br \/>+39 (0) 06 8394 0084<\/p><\/div><\/div><\/div><\/div>\t\t\t\t\t\t\t\t<\/div>\n\t\t\t\t<\/div>\n\t\t\t\t<div class=\"elementor-element elementor-element-4200a1c elementor-align-left elementor-widget elementor-widget-button\" data-id=\"4200a1c\" data-element_type=\"widget\" data-e-type=\"widget\" data-widget_type=\"button.default\">\n\t\t\t\t<div class=\"elementor-widget-container\">\n\t\t\t\t\t\t\t\t\t<div class=\"elementor-button-wrapper\">\n\t\t\t\t\t<a class=\"elementor-button elementor-button-link elementor-size-sm\" href=\"\/fr\/mailto&\/#58;&#117;&#46;&#115;&#99;&#105;&#102;&#x6f;&#x6e;&#x69;&#x40;&#x72;&#x70;&#x70;&#x2d;&#x67;&#x72;&#x6f;&#x75;p&#46;com\">\n\t\t\t\t\t\t<span class=\"elementor-button-content-wrapper\">\n\t\t\t\t\t\t<span class=\"elementor-button-icon\">\n\t\t\t\t<i aria-hidden=\"true\" class=\"icon icon-right-arrow2\"><\/i>\t\t\t<\/span>\n\t\t\t\t\t\t\t\t\t<span class=\"elementor-button-text\">Contacter RPP Rome<\/span>\n\t\t\t\t\t<\/span>\n\t\t\t\t\t<\/a>\n\t\t\t\t<\/div>\n\t\t\t\t\t\t\t\t<\/div>\n\t\t\t\t<\/div>\n\t\t\t\t<\/div>\n\t\t\t\t<\/div>\n\t\t<div class=\"elementor-element elementor-element-033ab40 e-con-full e-flex e-con e-parent\" data-id=\"033ab40\" data-element_type=\"container\" data-e-type=\"container\">\n\t\t\t\t<div class=\"elementor-element elementor-element-94aac2f elementor-widget elementor-widget-google_maps\" data-id=\"94aac2f\" data-element_type=\"widget\" data-e-type=\"widget\" data-widget_type=\"google_maps.default\">\n\t\t\t\t<div class=\"elementor-widget-container\">\n\t\t\t\t\t\t\t<div class=\"elementor-custom-embed\">\n\t\t\t<iframe loading=\"lazy\"\n\t\t\t\t\tsrc=\"https:\/\/maps.google.com\/maps?q=RPP%20Group%20SPRL%20Largo%C2%A0Chigi%C2%A09%2000187%20Roma&#038;t=m&#038;z=13&#038;output=embed&#038;iwloc=near\"\n\t\t\t\t\ttitle=\"RPP Group SPRL Largo Chigi 9 00187 Roma\"\n\t\t\t\t\taria-label=\"RPP Group SPRL Largo Chigi 9 00187 Roma\"\n\t\t\t><\/iframe>\n\t\t<\/div>\n\t\t\t\t\t\t<\/div>\n\t\t\t\t<\/div>\n\t\t\t\t<\/div>\n\t\t\t\t<\/div>","protected":false},"excerpt":{"rendered":"<p>About Rome office RPP Italy has the expertise to understand the significant changes of the political culture in Italy in order to add significant value to your business. Lutz Dommel CEO &amp; Partner at Paritee Lutz Dommel CEO &amp; Partner at Paritee Lutz joined RPP as the group\u2019s CEO in September 2017. He has an [&hellip;]<\/p>\n","protected":false},"author":1,"featured_media":0,"parent":0,"menu_order":0,"comment_status":"closed","ping_status":"closed","template":"","meta":{"footnotes":""},"class_list":["post-5569","page","type-page","status-publish","hentry"],"yoast_head":"<!-- This site is optimized with the Yoast SEO Premium plugin v27.2 (Yoast SEO v27.2) - https:\/\/yoast.com\/product\/yoast-seo-premium-wordpress\/ -->\n<title>Public Affairs Services Rome for Effective Strategies - RPP Group<\/title>\n<meta name=\"description\" content=\"Discover how our Public Affairs Services Rome can help you engage effectively in Italy&#039;s evolving political environment.\" \/>\n<meta name=\"robots\" content=\"index, follow, max-snippet:-1, max-image-preview:large, max-video-preview:-1\" \/>\n<link rel=\"canonical\" href=\"https:\/\/rpp-group.com\/fr\/rome\/\" \/>\n<meta property=\"og:locale\" content=\"fr_FR\" \/>\n<meta property=\"og:type\" content=\"article\" \/>\n<meta property=\"og:title\" content=\"Rome\" \/>\n<meta property=\"og:description\" content=\"Discover how our Public Affairs Services Rome can help you engage effectively in Italy&#039;s evolving political environment.\" \/>\n<meta property=\"og:url\" content=\"https:\/\/rpp-group.com\/fr\/rome\/\" \/>\n<meta property=\"og:site_name\" content=\"RPP Group\" \/>\n<meta property=\"article:modified_time\" content=\"2026-02-19T11:54:05+00:00\" \/>\n<meta property=\"og:image\" content=\"https:\/\/rpp-group.com\/wp-content\/uploads\/2025\/12\/Lutz_Dommel_RPP.webp\" \/>\n\t<meta property=\"og:image:width\" content=\"1024\" \/>\n\t<meta property=\"og:image:height\" content=\"1024\" \/>\n\t<meta property=\"og:image:type\" content=\"image\/webp\" \/>\n<meta name=\"twitter:card\" content=\"summary_large_image\" \/>\n<meta name=\"twitter:label1\" content=\"Dur\u00e9e de lecture estim\u00e9e\" \/>\n\t<meta name=\"twitter:data1\" content=\"2 minutes\" \/>\n<script type=\"application\/ld+json\" class=\"yoast-schema-graph\">{\"@context\":\"https:\/\/schema.org\",\"@graph\":[{\"@type\":\"WebPage\",\"@id\":\"https:\/\/rpp-group.com\/rome\/\",\"url\":\"https:\/\/rpp-group.com\/rome\/\",\"name\":\"Public Affairs Services Rome for Effective Strategies - RPP Group\",\"isPartOf\":{\"@id\":\"https:\/\/rpp-group.com\/#website\"},\"primaryImageOfPage\":{\"@id\":\"https:\/\/rpp-group.com\/rome\/#primaryimage\"},\"image\":{\"@id\":\"https:\/\/rpp-group.com\/rome\/#primaryimage\"},\"thumbnailUrl\":\"https:\/\/rpp-group.com\/wp-content\/uploads\/2025\/12\/Lutz_Dommel_RPP.webp\",\"datePublished\":\"2025-02-09T13:38:59+00:00\",\"dateModified\":\"2026-02-19T11:54:05+00:00\",\"description\":\"Discover how our Public Affairs Services Rome can help you engage effectively in Italy's evolving political environment.\",\"breadcrumb\":{\"@id\":\"https:\/\/rpp-group.com\/rome\/#breadcrumb\"},\"inLanguage\":\"fr-FR\",\"potentialAction\":[{\"@type\":\"ReadAction\",\"target\":[\"https:\/\/rpp-group.com\/rome\/\"]}]},{\"@type\":\"ImageObject\",\"inLanguage\":\"fr-FR\",\"@id\":\"https:\/\/rpp-group.com\/rome\/#primaryimage\",\"url\":\"https:\/\/rpp-group.com\/wp-content\/uploads\/2025\/12\/Lutz_Dommel_RPP.webp\",\"contentUrl\":\"https:\/\/rpp-group.com\/wp-content\/uploads\/2025\/12\/Lutz_Dommel_RPP.webp\"},{\"@type\":\"BreadcrumbList\",\"@id\":\"https:\/\/rpp-group.com\/rome\/#breadcrumb\",\"itemListElement\":[{\"@type\":\"ListItem\",\"position\":1,\"name\":\"Homepage\",\"item\":\"https:\/\/rpp-group.com\/\"},{\"@type\":\"ListItem\",\"position\":2,\"name\":\"Rome\"}]},{\"@type\":\"WebSite\",\"@id\":\"https:\/\/rpp-group.com\/#website\",\"url\":\"https:\/\/rpp-group.com\/\",\"name\":\"RPP Group\",\"description\":\"Public affairs and advocacy\",\"potentialAction\":[{\"@type\":\"SearchAction\",\"target\":{\"@type\":\"EntryPoint\",\"urlTemplate\":\"https:\/\/rpp-group.com\/?s={search_term_string}\"},\"query-input\":{\"@type\":\"PropertyValueSpecification\",\"valueRequired\":true,\"valueName\":\"search_term_string\"}}],\"inLanguage\":\"fr-FR\"}]}<\/script>\n<!-- \/ Yoast SEO Premium plugin. -->","yoast_head_json":{"title":"Services d'affaires publiques Rome pour des strat\u00e9gies efficaces - Groupe RPP","description":"D\u00e9couvrez comment nos services d'affaires publiques \u00e0 Rome peuvent vous aider \u00e0 vous engager efficacement dans l'environnement politique italien en constante \u00e9volution.","robots":{"index":"index","follow":"follow","max-snippet":"max-snippet:-1","max-image-preview":"max-image-preview:large","max-video-preview":"max-video-preview:-1"},"canonical":"https:\/\/rpp-group.com\/fr\/rome\/","og_locale":"fr_FR","og_type":"article","og_title":"Rome","og_description":"Discover how our Public Affairs Services Rome can help you engage effectively in Italy's evolving political environment.","og_url":"https:\/\/rpp-group.com\/fr\/rome\/","og_site_name":"RPP Group","article_modified_time":"2026-02-19T11:54:05+00:00","og_image":[{"width":1024,"height":1024,"url":"https:\/\/rpp-group.com\/wp-content\/uploads\/2025\/12\/Lutz_Dommel_RPP.webp","type":"image\/webp"}],"twitter_card":"summary_large_image","twitter_misc":{"Dur\u00e9e de lecture estim\u00e9e":"2 minutes"},"schema":{"@context":"https:\/\/schema.org","@graph":[{"@type":"WebPage","@id":"https:\/\/rpp-group.com\/rome\/","url":"https:\/\/rpp-group.com\/rome\/","name":"Services d'affaires publiques Rome pour des strat\u00e9gies efficaces - Groupe RPP","isPartOf":{"@id":"https:\/\/rpp-group.com\/#website"},"primaryImageOfPage":{"@id":"https:\/\/rpp-group.com\/rome\/#primaryimage"},"image":{"@id":"https:\/\/rpp-group.com\/rome\/#primaryimage"},"thumbnailUrl":"https:\/\/rpp-group.com\/wp-content\/uploads\/2025\/12\/Lutz_Dommel_RPP.webp","datePublished":"2025-02-09T13:38:59+00:00","dateModified":"2026-02-19T11:54:05+00:00","description":"D\u00e9couvrez comment nos services d'affaires publiques \u00e0 Rome peuvent vous aider \u00e0 vous engager efficacement dans l'environnement politique italien en constante \u00e9volution.","breadcrumb":{"@id":"https:\/\/rpp-group.com\/rome\/#breadcrumb"},"inLanguage":"fr-FR","potentialAction":[{"@type":"ReadAction","target":["https:\/\/rpp-group.com\/rome\/"]}]},{"@type":"ImageObject","inLanguage":"fr-FR","@id":"https:\/\/rpp-group.com\/rome\/#primaryimage","url":"https:\/\/rpp-group.com\/wp-content\/uploads\/2025\/12\/Lutz_Dommel_RPP.webp","contentUrl":"https:\/\/rpp-group.com\/wp-content\/uploads\/2025\/12\/Lutz_Dommel_RPP.webp"},{"@type":"BreadcrumbList","@id":"https:\/\/rpp-group.com\/rome\/#breadcrumb","itemListElement":[{"@type":"ListItem","position":1,"name":"Homepage","item":"https:\/\/rpp-group.com\/"},{"@type":"ListItem","position":2,"name":"Rome"}]},{"@type":"WebSite","@id":"https:\/\/rpp-group.com\/#website","url":"https:\/\/rpp-group.com\/","name":"RPP Group","description":"Affaires publiques et plaidoyer","potentialAction":[{"@type":"SearchAction","target":{"@type":"EntryPoint","urlTemplate":"https:\/\/rpp-group.com\/?s={search_term_string}"},"query-input":{"@type":"PropertyValueSpecification","valueRequired":true,"valueName":"search_term_string"}}],"inLanguage":"fr-FR"}]}},"_links":{"self":[{"href":"https:\/\/rpp-group.com\/fr\/wp-json\/wp\/v2\/pages\/5569","targetHints":{"allow":["GET"]}}],"collection":[{"href":"https:\/\/rpp-group.com\/fr\/wp-json\/wp\/v2\/pages"}],"about":[{"href":"https:\/\/rpp-group.com\/fr\/wp-json\/wp\/v2\/types\/page"}],"author":[{"embeddable":true,"href":"https:\/\/rpp-group.com\/fr\/wp-json\/wp\/v2\/users\/1"}],"replies":[{"embeddable":true,"href":"https:\/\/rpp-group.com\/fr\/wp-json\/wp\/v2\/comments?post=5569"}],"version-history":[{"count":10,"href":"https:\/\/rpp-group.com\/fr\/wp-json\/wp\/v2\/pages\/5569\/revisions"}],"predecessor-version":[{"id":7845,"href":"https:\/\/rpp-group.com\/fr\/wp-json\/wp\/v2\/pages\/5569\/revisions\/7845"}],"wp:attachment":[{"href":"https:\/\/rpp-group.com\/fr\/wp-json\/wp\/v2\/media?parent=5569"}],"curies":[{"name":"wp","href":"https:\/\/api.w.org\/{rel}","templated":true}]}}