{"id":5485,"date":"2025-02-09T12:09:35","date_gmt":"2025-02-09T11:09:35","guid":{"rendered":"https:\/\/rpp-group.com\/?page_id=5485"},"modified":"2025-11-05T13:18:48","modified_gmt":"2025-11-05T12:18:48","slug":"london","status":"publish","type":"page","link":"https:\/\/rpp-group.com\/fr\/london\/","title":{"rendered":"Londres"},"content":{"rendered":"<div data-elementor-type=\"wp-page\" data-elementor-id=\"5485\" class=\"elementor elementor-5485\" data-elementor-post-type=\"page\">\n\t\t\t\t<div class=\"elementor-element elementor-element-26d96e e-con-full e-flex elementor-invisible e-con e-child\" data-id=\"26d96e\" data-element_type=\"container\" data-e-type=\"container\" data-settings=\"{&quot;background_background&quot;:&quot;classic&quot;,&quot;animation&quot;:&quot;fadeIn&quot;}\">\n\t\t<div class=\"elementor-element elementor-element-1837ec2e e-con-full e-flex e-con e-child\" data-id=\"1837ec2e\" data-element_type=\"container\" data-e-type=\"container\">\n\t\t\t\t<div class=\"elementor-element elementor-element-42e1d1a6 elementor-align-center elementor-mobile-align-center elementor-widget elementor-widget-breadcrumbs\" data-id=\"42e1d1a6\" data-element_type=\"widget\" data-e-type=\"widget\" data-widget_type=\"breadcrumbs.default\">\n\t\t\t\t<div class=\"elementor-widget-container\">\n\t\t\t\t\t<p id=\"breadcrumbs\"><span><span><a href=\"https:\/\/rpp-group.com\/fr\/\">Page d'accueil<\/a><\/span><\/span><\/p>\t\t\t\t<\/div>\n\t\t\t\t<\/div>\n\t\t\t\t<div class=\"elementor-element elementor-element-7bd0e924 elementor-widget elementor-widget-heading\" data-id=\"7bd0e924\" data-element_type=\"widget\" data-e-type=\"widget\" data-widget_type=\"heading.default\">\n\t\t\t\t<div class=\"elementor-widget-container\">\n\t\t\t\t\t<h1 class=\"elementor-heading-title elementor-size-default\">A propos du bureau de Londres<\/h1>\t\t\t\t<\/div>\n\t\t\t\t<\/div>\n\t\t\t\t<div class=\"elementor-element elementor-element-49ed8ac4 elementor-widget elementor-widget-heading\" data-id=\"49ed8ac4\" data-element_type=\"widget\" data-e-type=\"widget\" data-widget_type=\"heading.default\">\n\t\t\t\t<div class=\"elementor-widget-container\">\n\t\t\t\t\t<h2 class=\"elementor-heading-title elementor-size-default\">Depuis 2010, RPP Londres propose des relations gouvernementales innovantes bas\u00e9es sur notre ADN europ\u00e9en.<\/h2>\t\t\t\t<\/div>\n\t\t\t\t<\/div>\n\t\t\t\t<\/div>\n\t\t\t\t<\/div>\n\t\t<div class=\"elementor-element elementor-element-7de6f993 e-con-full e-flex elementor-invisible e-con e-parent\" data-id=\"7de6f993\" data-element_type=\"container\" data-e-type=\"container\" data-settings=\"{&quot;animation&quot;:&quot;fadeInUp&quot;}\">\n\t\t<div class=\"elementor-element elementor-element-4d73291d e-con-full e-flex e-con e-child\" data-id=\"4d73291d\" data-element_type=\"container\" data-e-type=\"container\">\n\t\t\t\t<div class=\"elementor-element elementor-element-b58f4ea elementor-widget elementor-widget-elementskit-team\" data-id=\"b58f4ea\" data-element_type=\"widget\" data-e-type=\"widget\" data-widget_type=\"elementskit-team.default\">\n\t\t\t\t<div class=\"elementor-widget-container\">\n\t\t\t\t\t<div class=\"ekit-wid-con\">\t\t\t\t\t\t\t\t\n\t\t<div class=\"profile-card elementor-animation- text-center ekit-team-style-default\">\n\t\t\t\n\t\t\t\t<div class=\"profile-header ekit-team-img ekit-img-overlay ekit-team-img-block\" >\n\t\t\t\t\t<img fetchpriority=\"high\" decoding=\"async\" width=\"800\" height=\"800\" src=\"https:\/\/rpp-group.com\/wp-content\/uploads\/2023\/10\/LUTZ.DOMMEL_230523_0052_CWEB-1024x1024.jpg\" class=\"attachment-large size-large wp-image-3132\" alt=\"\" srcset=\"https:\/\/rpp-group.com\/wp-content\/uploads\/2023\/10\/LUTZ.DOMMEL_230523_0052_CWEB-1024x1024.jpg 1024w, https:\/\/rpp-group.com\/wp-content\/uploads\/2023\/10\/LUTZ.DOMMEL_230523_0052_CWEB-300x300.jpg 300w, https:\/\/rpp-group.com\/wp-content\/uploads\/2023\/10\/LUTZ.DOMMEL_230523_0052_CWEB-150x150.jpg 150w, https:\/\/rpp-group.com\/wp-content\/uploads\/2023\/10\/LUTZ.DOMMEL_230523_0052_CWEB-768x768.jpg 768w, https:\/\/rpp-group.com\/wp-content\/uploads\/2023\/10\/LUTZ.DOMMEL_230523_0052_CWEB-1536x1536.jpg 1536w, https:\/\/rpp-group.com\/wp-content\/uploads\/2023\/10\/LUTZ.DOMMEL_230523_0052_CWEB-2048x2048.jpg 2048w\" sizes=\"(max-width: 800px) 100vw, 800px\" \/>\t\t\t\t<\/div><!-- .profile-header END -->\n\t\t\t\n\n\t\t\t\t<div class=\"profile-body\">\n\t\t\t\t\t\n\t\t\t\t\t<h2 class=\"profile-title\">\n\t\t\t\t\t\t\t\t\t\t\tLutz Dommel\t\t\t\t\t\t\t\t\t\t<\/h2>\n\t\t\t\t\t<p class=\"profile-designation\">Directeur G\u00e9n\u00e9ral, Associ\u00e9 Principal <\/p>\n\t\t\t\t\t\t\t\t\t<\/div><!-- .profile-body END -->\n\n\t\t\t\t\t\t\t\t\t<div class=\"profile-footer\">\n\t\t\t\t\t\t<ul class=\"ekit-team-social-list\">\n\t\t\t<li class=\"elementor-repeater-item-b5a88b9\">\n\t\t\t<a href=\"https:\/\/www.linkedin.com\/in\/lutz-dommel\/\" aria-label=\"Linkedin\">\n\t\t\t\t<svg aria-hidden=\"true\" class=\"e-font-icon-svg e-fab-linkedin-in\" viewbox=\"0 0 448 512\" xmlns=\"http:\/\/www.w3.org\/2000\/svg\"><path d=\"M100.28 448H7.4V148.9h92.88zM53.79 108.1C24.09 108.1 0 83.5 0 53.8a53.79 53.79 0 0 1 107.58 0c0 29.7-24.1 54.3-53.79 54.3zM447.9 448h-92.68V302.4c0-34.7-.7-79.2-48.29-79.2-48.29 0-55.69 37.7-55.69 76.7V448h-92.78V148.9h89.08v40.8h1.3c12.4-23.5 42.69-48.3 87.88-48.3 94 0 111.28 61.9 111.28 142.3V448z\"><\/path><\/svg>\t\t\t<\/a>\n\t\t<\/li>\n\t<\/ul>\n\t\t\t\t\t<\/div>\n\t\t\t\t\t\t\t\t\t<\/div>\n\t\t\t\t\t\t\t\n\t\t\t\n\t\t\t\t<\/div>\t\t\t\t<\/div>\n\t\t\t\t<\/div>\n\t\t\t\t<\/div>\n\t\t<div class=\"elementor-element elementor-element-24a854e e-con-full e-flex e-con e-child\" data-id=\"24a854e\" data-element_type=\"container\" data-e-type=\"container\">\n\t\t\t\t<div class=\"elementor-element elementor-element-2dc1ab93 elementor-widget elementor-widget-heading\" data-id=\"2dc1ab93\" data-element_type=\"widget\" data-e-type=\"widget\" data-widget_type=\"heading.default\">\n\t\t\t\t<div class=\"elementor-widget-container\">\n\t\t\t\t\t<h3 class=\"elementor-heading-title elementor-size-default\">Bienvenue !<\/h3>\t\t\t\t<\/div>\n\t\t\t\t<\/div>\n\t\t\t\t<div class=\"elementor-element elementor-element-3f0cf73 elementor-widget elementor-widget-text-editor\" data-id=\"3f0cf73\" data-element_type=\"widget\" data-e-type=\"widget\" data-widget_type=\"text-editor.default\">\n\t\t\t\t<div class=\"elementor-widget-container\">\n\t\t\t\t\t\t\t\t\t<p>Depuis 2010, RPP Londres fournit des relations gouvernementales innovantes bas\u00e9es sur notre ADN europ\u00e9en, o\u00f9 les communications visuelles de pointe sont une partie importante du plaidoyer politique de RPP. Nos solutions imaginatives et cr\u00e9atives reconnaissent les multiples besoins et priorit\u00e9s de nos clients ainsi que les d\u00e9fis divers, complexes et souvent contradictoires auxquels sont confront\u00e9s nos politiciens et fonctionnaires.<\/p><p>Les produits pharmaceutiques, les dispositifs m\u00e9dicaux, l'agriculture, l'environnement, le bien-\u00eatre des animaux et les transports seront fortement touch\u00e9s lorsque le Royaume-Uni quittera l'UE et cherchera \u00e0 identifier de nouveaux partenaires commerciaux et de nouveaux cadres r\u00e9glementaires sur lesquels fonder ces nouvelles relations. Les patients et les m\u00e9decins bas\u00e9s au Royaume-Uni devront relever le d\u00e9fi de reproduire leur r\u00f4le important dans la prise de d\u00e9cision en Europe. Dans les n\u00e9gociations sur le Brexit, les synergies cr\u00e9\u00e9es par l'Union europ\u00e9enne en mati\u00e8re de soins de sant\u00e9 ont \u00e9t\u00e9 \u00e9clips\u00e9es par des priorit\u00e9s politiques \u00e9conomiques plus importantes et les voix des m\u00e9decins et des utilisateurs de soins de sant\u00e9 ont eu du mal \u00e0 se faire entendre. Le RPP d\u00e9fend depuis longtemps les int\u00e9r\u00eats des soci\u00e9t\u00e9s m\u00e9dicales et des patients et nous pensons qu'ils devraient avoir une voix plus forte dans le processus du Brexit.<\/p>\t\t\t\t\t\t\t\t<\/div>\n\t\t\t\t<\/div>\n\t\t\t\t<div class=\"elementor-element elementor-element-c4cc786 elementor-widget elementor-widget-text-editor\" data-id=\"c4cc786\" data-element_type=\"widget\" data-e-type=\"widget\" data-widget_type=\"text-editor.default\">\n\t\t\t\t<div class=\"elementor-widget-container\">\n\t\t\t\t\t\t\t\t\t<div class=\"elementor-element elementor-element-9097a45 de_scroll_animation_no elementor-widget elementor-widget-heading\" data-id=\"9097a45\" data-element_type=\"widget\" data-settings=\"{&quot;ptf_animated_widget_animation&quot;:&quot;none&quot;}\" data-widget_type=\"heading.default\"><div class=\"elementor-widget-container\"><p class=\"elementor-heading-title elementor-size-default\"><strong>Pr\u00e9sentez-nous votre projet.<\/strong><\/p><\/div><\/div>\t\t\t\t\t\t\t\t<\/div>\n\t\t\t\t<\/div>\n\t\t\t\t<div class=\"elementor-element elementor-element-a0f988a elementor-widget elementor-widget-text-editor\" data-id=\"a0f988a\" data-element_type=\"widget\" data-e-type=\"widget\" data-widget_type=\"text-editor.default\">\n\t\t\t\t<div class=\"elementor-widget-container\">\n\t\t\t\t\t\t\t\t\t<div class=\"elementor-element elementor-element-d85988f de_scroll_animation_no elementor-widget elementor-widget-heading\" data-id=\"d85988f\" data-element_type=\"widget\" data-settings=\"{&quot;ptf_animated_widget_animation&quot;:&quot;none&quot;}\" data-widget_type=\"heading.default\"><div class=\"elementor-widget-container\"><div class=\"elementor-element elementor-element-d85988f de_scroll_animation_no elementor-widget elementor-widget-heading\" data-id=\"d85988f\" data-element_type=\"widget\" data-settings=\"{&quot;ptf_animated_widget_animation&quot;:&quot;none&quot;}\" data-widget_type=\"heading.default\"><div class=\"elementor-widget-container\"><p class=\"elementor-heading-title elementor-size-default\"><strong>Contact<\/strong><\/p><\/div><\/div><div class=\"elementor-element elementor-element-d60125c de_scroll_animation_no elementor-widget elementor-widget-text-editor\" data-id=\"d60125c\" data-element_type=\"widget\" data-settings=\"{&quot;ptf_animated_widget_animation&quot;:&quot;none&quot;}\" data-widget_type=\"text-editor.default\"><div class=\"elementor-widget-container\"><p>RPP Group UK Ltd.<br \/>60 St Martins Lane<br \/>Londres WC2N 4JS<br \/>+44 (0) 20 3321 3440<\/p><\/div><\/div><\/div><\/div>\t\t\t\t\t\t\t\t<\/div>\n\t\t\t\t<\/div>\n\t\t\t\t<div class=\"elementor-element elementor-element-4200a1c elementor-align-left elementor-widget elementor-widget-button\" data-id=\"4200a1c\" data-element_type=\"widget\" data-e-type=\"widget\" data-widget_type=\"button.default\">\n\t\t\t\t<div class=\"elementor-widget-container\">\n\t\t\t\t\t\t\t\t\t<div class=\"elementor-button-wrapper\">\n\t\t\t\t\t<a class=\"elementor-button elementor-button-link elementor-size-sm\" href=\"http:\/\/\/fr\/&\/#47;&#x2f;l&#111;&#x6e;d&#111;&#x6e;&#64;&#114;&#x70;p&#45;&#x67;r&#111;&#x75;p&#46;&#x63;o&#109;\">\n\t\t\t\t\t\t<span class=\"elementor-button-content-wrapper\">\n\t\t\t\t\t\t<span class=\"elementor-button-icon\">\n\t\t\t\t<i aria-hidden=\"true\" class=\"icon icon-right-arrow2\"><\/i>\t\t\t<\/span>\n\t\t\t\t\t\t\t\t\t<span class=\"elementor-button-text\">Contacter RPP Londres<\/span>\n\t\t\t\t\t<\/span>\n\t\t\t\t\t<\/a>\n\t\t\t\t<\/div>\n\t\t\t\t\t\t\t\t<\/div>\n\t\t\t\t<\/div>\n\t\t\t\t<\/div>\n\t\t\t\t<\/div>\n\t\t<div class=\"elementor-element elementor-element-033ab40 e-con-full e-flex e-con e-parent\" data-id=\"033ab40\" data-element_type=\"container\" data-e-type=\"container\">\n\t\t\t\t<div class=\"elementor-element elementor-element-94aac2f elementor-widget elementor-widget-google_maps\" data-id=\"94aac2f\" data-element_type=\"widget\" data-e-type=\"widget\" data-widget_type=\"google_maps.default\">\n\t\t\t\t<div class=\"elementor-widget-container\">\n\t\t\t\t\t\t\t<div class=\"elementor-custom-embed\">\n\t\t\t<iframe loading=\"lazy\"\n\t\t\t\t\tsrc=\"https:\/\/maps.google.com\/maps?q=RPP%20Group%2C%2060%20St%20Martins%20Lane%2C%20London%20WC2N%204JS&#038;t=m&#038;z=13&#038;output=embed&#038;iwloc=near\"\n\t\t\t\t\ttitle=\"Groupe RPP, 60 St Martins Lane, Londres WC2N 4JS\"\n\t\t\t\t\taria-label=\"Groupe RPP, 60 St Martins Lane, Londres WC2N 4JS\"\n\t\t\t><\/iframe>\n\t\t<\/div>\n\t\t\t\t\t\t<\/div>\n\t\t\t\t<\/div>\n\t\t\t\t<\/div>\n\t\t\t\t<\/div>","protected":false},"excerpt":{"rendered":"<p>About London office Since 2010, RPP London has delivered ground-breaking government relations built on our European DNA. Lutz Dommel CEO, Senior Partner Welcome! Since 2010, RPP London has delivered ground-breaking government relations built on our European DNA, where state of the art visual communications is an important part of RPP\u2019s political advocacy. Our imaginative, creative [&hellip;]<\/p>\n","protected":false},"author":1,"featured_media":0,"parent":0,"menu_order":0,"comment_status":"closed","ping_status":"closed","template":"","meta":{"footnotes":""},"class_list":["post-5485","page","type-page","status-publish","hentry"],"yoast_head":"<!-- This site is optimized with the Yoast SEO Premium plugin v27.2 (Yoast SEO v27.2) - https:\/\/yoast.com\/product\/yoast-seo-premium-wordpress\/ -->\n<title>Public Affairs Services London: Advocacy and Solutions - RPP Group<\/title>\n<meta name=\"description\" content=\"Learn how Public Affairs Services London can navigate the post-EU landscape for pharmaceuticals, agriculture, and more.\" \/>\n<meta name=\"robots\" content=\"index, follow, max-snippet:-1, max-image-preview:large, max-video-preview:-1\" \/>\n<link rel=\"canonical\" href=\"https:\/\/rpp-group.com\/fr\/london\/\" \/>\n<meta property=\"og:locale\" content=\"fr_FR\" \/>\n<meta property=\"og:type\" content=\"article\" \/>\n<meta property=\"og:title\" content=\"London\" \/>\n<meta property=\"og:description\" content=\"Learn how Public Affairs Services London can navigate the post-EU landscape for pharmaceuticals, agriculture, and more.\" \/>\n<meta property=\"og:url\" content=\"https:\/\/rpp-group.com\/fr\/london\/\" \/>\n<meta property=\"og:site_name\" content=\"RPP Group\" \/>\n<meta property=\"article:modified_time\" content=\"2025-11-05T12:18:48+00:00\" \/>\n<meta property=\"og:image\" content=\"https:\/\/rpp-group.com\/wp-content\/uploads\/2023\/10\/LUTZ.DOMMEL_230523_0052_CWEB-1024x1024.jpg\" \/>\n\t<meta property=\"og:image:width\" content=\"1024\" \/>\n\t<meta property=\"og:image:height\" content=\"1024\" \/>\n\t<meta property=\"og:image:type\" content=\"image\/jpeg\" \/>\n<meta name=\"twitter:card\" content=\"summary_large_image\" \/>\n<meta name=\"twitter:label1\" content=\"Dur\u00e9e de lecture estim\u00e9e\" \/>\n\t<meta name=\"twitter:data1\" content=\"2 minutes\" \/>\n<script type=\"application\/ld+json\" class=\"yoast-schema-graph\">{\"@context\":\"https:\/\/schema.org\",\"@graph\":[{\"@type\":\"WebPage\",\"@id\":\"https:\/\/rpp-group.com\/london\/\",\"url\":\"https:\/\/rpp-group.com\/london\/\",\"name\":\"Public Affairs Services London: Advocacy and Solutions - RPP Group\",\"isPartOf\":{\"@id\":\"https:\/\/rpp-group.com\/#website\"},\"primaryImageOfPage\":{\"@id\":\"https:\/\/rpp-group.com\/london\/#primaryimage\"},\"image\":{\"@id\":\"https:\/\/rpp-group.com\/london\/#primaryimage\"},\"thumbnailUrl\":\"https:\/\/rpp-group.com\/wp-content\/uploads\/2023\/10\/LUTZ.DOMMEL_230523_0052_CWEB-1024x1024.jpg\",\"datePublished\":\"2025-02-09T11:09:35+00:00\",\"dateModified\":\"2025-11-05T12:18:48+00:00\",\"description\":\"Learn how Public Affairs Services London can navigate the post-EU landscape for pharmaceuticals, agriculture, and more.\",\"breadcrumb\":{\"@id\":\"https:\/\/rpp-group.com\/london\/#breadcrumb\"},\"inLanguage\":\"fr-FR\",\"potentialAction\":[{\"@type\":\"ReadAction\",\"target\":[\"https:\/\/rpp-group.com\/london\/\"]}]},{\"@type\":\"ImageObject\",\"inLanguage\":\"fr-FR\",\"@id\":\"https:\/\/rpp-group.com\/london\/#primaryimage\",\"url\":\"https:\/\/rpp-group.com\/wp-content\/uploads\/2023\/10\/LUTZ.DOMMEL_230523_0052_CWEB-1024x1024.jpg\",\"contentUrl\":\"https:\/\/rpp-group.com\/wp-content\/uploads\/2023\/10\/LUTZ.DOMMEL_230523_0052_CWEB-1024x1024.jpg\"},{\"@type\":\"BreadcrumbList\",\"@id\":\"https:\/\/rpp-group.com\/london\/#breadcrumb\",\"itemListElement\":[{\"@type\":\"ListItem\",\"position\":1,\"name\":\"Homepage\",\"item\":\"https:\/\/rpp-group.com\/\"},{\"@type\":\"ListItem\",\"position\":2,\"name\":\"London\"}]},{\"@type\":\"WebSite\",\"@id\":\"https:\/\/rpp-group.com\/#website\",\"url\":\"https:\/\/rpp-group.com\/\",\"name\":\"RPP Group\",\"description\":\"Public affairs and advocacy\",\"potentialAction\":[{\"@type\":\"SearchAction\",\"target\":{\"@type\":\"EntryPoint\",\"urlTemplate\":\"https:\/\/rpp-group.com\/?s={search_term_string}\"},\"query-input\":{\"@type\":\"PropertyValueSpecification\",\"valueRequired\":true,\"valueName\":\"search_term_string\"}}],\"inLanguage\":\"fr-FR\"}]}<\/script>\n<!-- \/ Yoast SEO Premium plugin. -->","yoast_head_json":{"title":"Services d'affaires publiques \u00e0 Londres : Plaidoyer et solutions - Groupe RPP","description":"D\u00e9couvrez comment les services d'affaires publiques de Londres peuvent naviguer dans le paysage de l'apr\u00e8s-UE pour les produits pharmaceutiques, l'agriculture et plus encore.","robots":{"index":"index","follow":"follow","max-snippet":"max-snippet:-1","max-image-preview":"max-image-preview:large","max-video-preview":"max-video-preview:-1"},"canonical":"https:\/\/rpp-group.com\/fr\/london\/","og_locale":"fr_FR","og_type":"article","og_title":"London","og_description":"Learn how Public Affairs Services London can navigate the post-EU landscape for pharmaceuticals, agriculture, and more.","og_url":"https:\/\/rpp-group.com\/fr\/london\/","og_site_name":"RPP Group","article_modified_time":"2025-11-05T12:18:48+00:00","og_image":[{"width":1024,"height":1024,"url":"https:\/\/rpp-group.com\/wp-content\/uploads\/2023\/10\/LUTZ.DOMMEL_230523_0052_CWEB-1024x1024.jpg","type":"image\/jpeg"}],"twitter_card":"summary_large_image","twitter_misc":{"Dur\u00e9e de lecture estim\u00e9e":"2 minutes"},"schema":{"@context":"https:\/\/schema.org","@graph":[{"@type":"WebPage","@id":"https:\/\/rpp-group.com\/london\/","url":"https:\/\/rpp-group.com\/london\/","name":"Services d'affaires publiques \u00e0 Londres : Plaidoyer et solutions - Groupe RPP","isPartOf":{"@id":"https:\/\/rpp-group.com\/#website"},"primaryImageOfPage":{"@id":"https:\/\/rpp-group.com\/london\/#primaryimage"},"image":{"@id":"https:\/\/rpp-group.com\/london\/#primaryimage"},"thumbnailUrl":"https:\/\/rpp-group.com\/wp-content\/uploads\/2023\/10\/LUTZ.DOMMEL_230523_0052_CWEB-1024x1024.jpg","datePublished":"2025-02-09T11:09:35+00:00","dateModified":"2025-11-05T12:18:48+00:00","description":"D\u00e9couvrez comment les services d'affaires publiques de Londres peuvent naviguer dans le paysage de l'apr\u00e8s-UE pour les produits pharmaceutiques, l'agriculture et plus encore.","breadcrumb":{"@id":"https:\/\/rpp-group.com\/london\/#breadcrumb"},"inLanguage":"fr-FR","potentialAction":[{"@type":"ReadAction","target":["https:\/\/rpp-group.com\/london\/"]}]},{"@type":"ImageObject","inLanguage":"fr-FR","@id":"https:\/\/rpp-group.com\/london\/#primaryimage","url":"https:\/\/rpp-group.com\/wp-content\/uploads\/2023\/10\/LUTZ.DOMMEL_230523_0052_CWEB-1024x1024.jpg","contentUrl":"https:\/\/rpp-group.com\/wp-content\/uploads\/2023\/10\/LUTZ.DOMMEL_230523_0052_CWEB-1024x1024.jpg"},{"@type":"BreadcrumbList","@id":"https:\/\/rpp-group.com\/london\/#breadcrumb","itemListElement":[{"@type":"ListItem","position":1,"name":"Homepage","item":"https:\/\/rpp-group.com\/"},{"@type":"ListItem","position":2,"name":"London"}]},{"@type":"WebSite","@id":"https:\/\/rpp-group.com\/#website","url":"https:\/\/rpp-group.com\/","name":"RPP Group","description":"Affaires publiques et plaidoyer","potentialAction":[{"@type":"SearchAction","target":{"@type":"EntryPoint","urlTemplate":"https:\/\/rpp-group.com\/?s={search_term_string}"},"query-input":{"@type":"PropertyValueSpecification","valueRequired":true,"valueName":"search_term_string"}}],"inLanguage":"fr-FR"}]}},"_links":{"self":[{"href":"https:\/\/rpp-group.com\/fr\/wp-json\/wp\/v2\/pages\/5485","targetHints":{"allow":["GET"]}}],"collection":[{"href":"https:\/\/rpp-group.com\/fr\/wp-json\/wp\/v2\/pages"}],"about":[{"href":"https:\/\/rpp-group.com\/fr\/wp-json\/wp\/v2\/types\/page"}],"author":[{"embeddable":true,"href":"https:\/\/rpp-group.com\/fr\/wp-json\/wp\/v2\/users\/1"}],"replies":[{"embeddable":true,"href":"https:\/\/rpp-group.com\/fr\/wp-json\/wp\/v2\/comments?post=5485"}],"version-history":[{"count":10,"href":"https:\/\/rpp-group.com\/fr\/wp-json\/wp\/v2\/pages\/5485\/revisions"}],"predecessor-version":[{"id":7509,"href":"https:\/\/rpp-group.com\/fr\/wp-json\/wp\/v2\/pages\/5485\/revisions\/7509"}],"wp:attachment":[{"href":"https:\/\/rpp-group.com\/fr\/wp-json\/wp\/v2\/media?parent=5485"}],"curies":[{"name":"wp","href":"https:\/\/api.w.org\/{rel}","templated":true}]}}