{"id":5309,"date":"2025-02-08T21:17:09","date_gmt":"2025-02-08T20:17:09","guid":{"rendered":"https:\/\/rpp-group.com\/?page_id=5309"},"modified":"2025-11-05T13:16:21","modified_gmt":"2025-11-05T12:16:21","slug":"berlin","status":"publish","type":"page","link":"https:\/\/rpp-group.com\/fr\/berlin\/","title":{"rendered":"Berlin"},"content":{"rendered":"<div data-elementor-type=\"wp-page\" data-elementor-id=\"5309\" class=\"elementor elementor-5309\" data-elementor-post-type=\"page\">\n\t\t\t\t<div class=\"elementor-element elementor-element-11800b74 e-con-full e-flex elementor-invisible e-con e-child\" data-id=\"11800b74\" data-element_type=\"container\" data-e-type=\"container\" data-settings=\"{&quot;background_background&quot;:&quot;classic&quot;,&quot;animation&quot;:&quot;fadeIn&quot;}\">\n\t\t<div class=\"elementor-element elementor-element-1903ff61 e-con-full e-flex e-con e-child\" data-id=\"1903ff61\" data-element_type=\"container\" data-e-type=\"container\">\n\t\t\t\t<div class=\"elementor-element elementor-element-7b163d9c elementor-align-center elementor-mobile-align-center elementor-widget elementor-widget-breadcrumbs\" data-id=\"7b163d9c\" data-element_type=\"widget\" data-e-type=\"widget\" data-widget_type=\"breadcrumbs.default\">\n\t\t\t\t<div class=\"elementor-widget-container\">\n\t\t\t\t\t<p id=\"breadcrumbs\"><span><span><a href=\"https:\/\/rpp-group.com\/fr\/\">Page d'accueil<\/a><\/span><\/span><\/p>\t\t\t\t<\/div>\n\t\t\t\t<\/div>\n\t\t\t\t<div class=\"elementor-element elementor-element-3272a58c elementor-widget elementor-widget-heading\" data-id=\"3272a58c\" data-element_type=\"widget\" data-e-type=\"widget\" data-widget_type=\"heading.default\">\n\t\t\t\t<div class=\"elementor-widget-container\">\n\t\t\t\t\t<h1 class=\"elementor-heading-title elementor-size-default\">\u00c0 propos du bureau de Berlin<\/h1>\t\t\t\t<\/div>\n\t\t\t\t<\/div>\n\t\t\t\t<div class=\"elementor-element elementor-element-6f637230 elementor-widget elementor-widget-heading\" data-id=\"6f637230\" data-element_type=\"widget\" data-e-type=\"widget\" data-widget_type=\"heading.default\">\n\t\t\t\t<div class=\"elementor-widget-container\">\n\t\t\t\t\t<h2 class=\"elementor-heading-title elementor-size-default\">Gr\u00e2ce \u00e0 plus de dix ans de services d'affaires publiques, RPP Berlin analyse les d\u00e9bats politiques en les repla\u00e7ant dans leur contexte historique.<\/h2>\t\t\t\t<\/div>\n\t\t\t\t<\/div>\n\t\t\t\t<\/div>\n\t\t\t\t<\/div>\n\t\t<div class=\"elementor-element elementor-element-7de6f993 e-con-full e-flex elementor-invisible e-con e-parent\" data-id=\"7de6f993\" data-element_type=\"container\" data-e-type=\"container\" data-settings=\"{&quot;animation&quot;:&quot;fadeInUp&quot;}\">\n\t\t<div class=\"elementor-element elementor-element-4d73291d e-con-full e-flex e-con e-child\" data-id=\"4d73291d\" data-element_type=\"container\" data-e-type=\"container\">\n\t\t\t\t<div class=\"elementor-element elementor-element-b58f4ea elementor-widget elementor-widget-elementskit-team\" data-id=\"b58f4ea\" data-element_type=\"widget\" data-e-type=\"widget\" data-widget_type=\"elementskit-team.default\">\n\t\t\t\t<div class=\"elementor-widget-container\">\n\t\t\t\t\t<div class=\"ekit-wid-con\">\t\t\t\t\t\t\t\t\n\t\t<div class=\"profile-card elementor-animation- text-center ekit-team-style-default\">\n\t\t\t\n\t\t\t\t<div class=\"profile-header ekit-team-img ekit-img-overlay ekit-team-img-block\" >\n\t\t\t\t\t<img fetchpriority=\"high\" decoding=\"async\" width=\"800\" height=\"800\" src=\"https:\/\/rpp-group.com\/wp-content\/uploads\/2023\/10\/LUTZ.DOMMEL_230523_0052_CWEB-1024x1024.jpg\" class=\"attachment-large size-large wp-image-3132\" alt=\"\" srcset=\"https:\/\/rpp-group.com\/wp-content\/uploads\/2023\/10\/LUTZ.DOMMEL_230523_0052_CWEB-1024x1024.jpg 1024w, https:\/\/rpp-group.com\/wp-content\/uploads\/2023\/10\/LUTZ.DOMMEL_230523_0052_CWEB-300x300.jpg 300w, https:\/\/rpp-group.com\/wp-content\/uploads\/2023\/10\/LUTZ.DOMMEL_230523_0052_CWEB-150x150.jpg 150w, https:\/\/rpp-group.com\/wp-content\/uploads\/2023\/10\/LUTZ.DOMMEL_230523_0052_CWEB-768x768.jpg 768w, https:\/\/rpp-group.com\/wp-content\/uploads\/2023\/10\/LUTZ.DOMMEL_230523_0052_CWEB-1536x1536.jpg 1536w, https:\/\/rpp-group.com\/wp-content\/uploads\/2023\/10\/LUTZ.DOMMEL_230523_0052_CWEB-2048x2048.jpg 2048w\" sizes=\"(max-width: 800px) 100vw, 800px\" \/>\t\t\t\t<\/div><!-- .profile-header END -->\n\t\t\t\n\n\t\t\t\t<div class=\"profile-body\">\n\t\t\t\t\t\n\t\t\t\t\t<h2 class=\"profile-title\">\n\t\t\t\t\t\t\t\t\t\t\tLutz Dommel\t\t\t\t\t\t\t\t\t\t<\/h2>\n\t\t\t\t\t<p class=\"profile-designation\">Directeur G\u00e9n\u00e9ral, Associ\u00e9 Principal <\/p>\n\t\t\t\t\t\t\t\t\t<\/div><!-- .profile-body END -->\n\n\t\t\t\t\t\t\t\t\t<div class=\"profile-footer\">\n\t\t\t\t\t\t<ul class=\"ekit-team-social-list\">\n\t\t\t<li class=\"elementor-repeater-item-b5a88b9\">\n\t\t\t<a href=\"https:\/\/www.linkedin.com\/in\/lutz-dommel\/\" aria-label=\"Linkedin\">\n\t\t\t\t<svg aria-hidden=\"true\" class=\"e-font-icon-svg e-fab-linkedin-in\" viewbox=\"0 0 448 512\" xmlns=\"http:\/\/www.w3.org\/2000\/svg\"><path d=\"M100.28 448H7.4V148.9h92.88zM53.79 108.1C24.09 108.1 0 83.5 0 53.8a53.79 53.79 0 0 1 107.58 0c0 29.7-24.1 54.3-53.79 54.3zM447.9 448h-92.68V302.4c0-34.7-.7-79.2-48.29-79.2-48.29 0-55.69 37.7-55.69 76.7V448h-92.78V148.9h89.08v40.8h1.3c12.4-23.5 42.69-48.3 87.88-48.3 94 0 111.28 61.9 111.28 142.3V448z\"><\/path><\/svg>\t\t\t<\/a>\n\t\t<\/li>\n\t<\/ul>\n\t\t\t\t\t<\/div>\n\t\t\t\t\t\t\t\t\t<\/div>\n\t\t\t\t\t\t\t\n\t\t\t\n\t\t\t\t<\/div>\t\t\t\t<\/div>\n\t\t\t\t<\/div>\n\t\t\t\t<\/div>\n\t\t<div class=\"elementor-element elementor-element-24a854e e-con-full e-flex e-con e-child\" data-id=\"24a854e\" data-element_type=\"container\" data-e-type=\"container\">\n\t\t\t\t<div class=\"elementor-element elementor-element-2dc1ab93 elementor-widget elementor-widget-heading\" data-id=\"2dc1ab93\" data-element_type=\"widget\" data-e-type=\"widget\" data-widget_type=\"heading.default\">\n\t\t\t\t<div class=\"elementor-widget-container\">\n\t\t\t\t\t<h3 class=\"elementor-heading-title elementor-size-default\">Bienvenue !<\/h3>\t\t\t\t<\/div>\n\t\t\t\t<\/div>\n\t\t\t\t<div class=\"elementor-element elementor-element-3f0cf73 elementor-widget elementor-widget-text-editor\" data-id=\"3f0cf73\" data-element_type=\"widget\" data-e-type=\"widget\" data-widget_type=\"text-editor.default\">\n\t\t\t\t<div class=\"elementor-widget-container\">\n\t\t\t\t\t\t\t\t\t<p>Avec dix ans d'expertise accumul\u00e9e dans le domaine de la sant\u00e9, RPP Berlin a non seulement une compr\u00e9hension approfondie du syst\u00e8me de sant\u00e9 allemand complexe, mais nous connaissons \u00e9galement l'histoire des d\u00e9bats politiques et donc la raison d'\u00eatre de la r\u00e9glementation et de l'agenda de sant\u00e9 d'aujourd'hui. Gr\u00e2ce \u00e0 notre travail de plaidoyer bas\u00e9 sur le contenu et l'argumentation au fil des ans, nous avons d\u00e9velopp\u00e9 un large r\u00e9seau politique \u00e0 travers les partis et avons \u00e9tabli des liens solides avec les KOLs et les groupes de patients dans divers domaines d'indication.<\/p>\t\t\t\t\t\t\t\t<\/div>\n\t\t\t\t<\/div>\n\t\t\t\t<div class=\"elementor-element elementor-element-c4cc786 elementor-widget elementor-widget-text-editor\" data-id=\"c4cc786\" data-element_type=\"widget\" data-e-type=\"widget\" data-widget_type=\"text-editor.default\">\n\t\t\t\t<div class=\"elementor-widget-container\">\n\t\t\t\t\t\t\t\t\t<div class=\"elementor-element elementor-element-9097a45 de_scroll_animation_no elementor-widget elementor-widget-heading\" data-id=\"9097a45\" data-element_type=\"widget\" data-settings=\"{&quot;ptf_animated_widget_animation&quot;:&quot;none&quot;}\" data-widget_type=\"heading.default\"><div class=\"elementor-widget-container\"><p class=\"elementor-heading-title elementor-size-default\"><strong>Pr\u00e9sentez-nous votre projet.<\/strong><\/p><\/div><\/div>\t\t\t\t\t\t\t\t<\/div>\n\t\t\t\t<\/div>\n\t\t\t\t<div class=\"elementor-element elementor-element-a0f988a elementor-widget elementor-widget-text-editor\" data-id=\"a0f988a\" data-element_type=\"widget\" data-e-type=\"widget\" data-widget_type=\"text-editor.default\">\n\t\t\t\t<div class=\"elementor-widget-container\">\n\t\t\t\t\t\t\t\t\t<div class=\"elementor-element elementor-element-d85988f de_scroll_animation_no elementor-widget elementor-widget-heading\" data-id=\"d85988f\" data-element_type=\"widget\" data-settings=\"{&quot;ptf_animated_widget_animation&quot;:&quot;none&quot;}\" data-widget_type=\"heading.default\"><div class=\"elementor-widget-container\"><div class=\"elementor-element elementor-element-d85988f de_scroll_animation_no elementor-widget elementor-widget-heading\" data-id=\"d85988f\" data-element_type=\"widget\" data-settings=\"{&quot;ptf_animated_widget_animation&quot;:&quot;none&quot;}\" data-widget_type=\"heading.default\"><div class=\"elementor-widget-container\"><p class=\"elementor-heading-title elementor-size-default\"><strong>Contact<\/strong><\/p><\/div><\/div><div class=\"elementor-element elementor-element-d60125c de_scroll_animation_no elementor-widget elementor-widget-text-editor\" data-id=\"d60125c\" data-element_type=\"widget\" data-settings=\"{&quot;ptf_animated_widget_animation&quot;:&quot;none&quot;}\" data-widget_type=\"text-editor.default\"><div class=\"elementor-widget-container\"><p>RPP Deutschland GmbH<br \/>Dorotheenstra\u00dfe 37<br \/>10117 Berlin<br \/>+49 (0) 30 16 63 71 70<\/p><\/div><\/div><\/div><\/div>\t\t\t\t\t\t\t\t<\/div>\n\t\t\t\t<\/div>\n\t\t\t\t<div class=\"elementor-element elementor-element-4200a1c elementor-align-left elementor-widget elementor-widget-button\" data-id=\"4200a1c\" data-element_type=\"widget\" data-e-type=\"widget\" data-widget_type=\"button.default\">\n\t\t\t\t<div class=\"elementor-widget-container\">\n\t\t\t\t\t\t\t\t\t<div class=\"elementor-button-wrapper\">\n\t\t\t\t\t<a class=\"elementor-button elementor-button-link elementor-size-sm\" href=\"\/fr\/&\/#x6d;&#97;i&#x6c;&#x74;&#111;:&#x6c;&#x2e;&#100;o&#x6d;&#x6d;&#101;l&#x40;&#x72;&#112;p&#x2d;&#103;&#114;o&#x75;&#112;&#46;&#x63;&#x6f;&#109;\">\n\t\t\t\t\t\t<span class=\"elementor-button-content-wrapper\">\n\t\t\t\t\t\t<span class=\"elementor-button-icon\">\n\t\t\t\t<i aria-hidden=\"true\" class=\"icon icon-right-arrow2\"><\/i>\t\t\t<\/span>\n\t\t\t\t\t\t\t\t\t<span class=\"elementor-button-text\">Contacter RPP Berlin<\/span>\n\t\t\t\t\t<\/span>\n\t\t\t\t\t<\/a>\n\t\t\t\t<\/div>\n\t\t\t\t\t\t\t\t<\/div>\n\t\t\t\t<\/div>\n\t\t\t\t<\/div>\n\t\t\t\t<\/div>\n\t\t<div class=\"elementor-element elementor-element-033ab40 e-con-full e-flex e-con e-parent\" data-id=\"033ab40\" data-element_type=\"container\" data-e-type=\"container\">\n\t\t\t\t<div class=\"elementor-element elementor-element-94aac2f elementor-widget elementor-widget-google_maps\" data-id=\"94aac2f\" data-element_type=\"widget\" data-e-type=\"widget\" data-widget_type=\"google_maps.default\">\n\t\t\t\t<div class=\"elementor-widget-container\">\n\t\t\t\t\t\t\t<div class=\"elementor-custom-embed\">\n\t\t\t<iframe loading=\"lazy\"\n\t\t\t\t\tsrc=\"https:\/\/maps.google.com\/maps?q=RPP%20Deutschland%20GmbH%2C%20Dorotheenstra%C3%9Fe%2037%2C%2010117%20Berlin&#038;t=m&#038;z=13&#038;output=embed&#038;iwloc=near\"\n\t\t\t\t\ttitle=\"RPP Deutschland GmbH, Dorotheenstra\u00dfe 37, 10117 Berlin\"\n\t\t\t\t\taria-label=\"RPP Deutschland GmbH, Dorotheenstra\u00dfe 37, 10117 Berlin\"\n\t\t\t><\/iframe>\n\t\t<\/div>\n\t\t\t\t\t\t<\/div>\n\t\t\t\t<\/div>\n\t\t\t\t<\/div>\n\t\t\t\t<\/div>","protected":false},"excerpt":{"rendered":"<p>About Berlin office Thanks to over ten years of public affairs services, RPP Berlin analyses policy debates against their historical background. Lutz Dommel CEO, Senior Partner Willkommen! With ten years of accumulated healthcare expertise RPP Berlin has not only a thorough understanding of the complex German healthcare system, but we also know the history of [&hellip;]<\/p>\n","protected":false},"author":1,"featured_media":0,"parent":0,"menu_order":0,"comment_status":"closed","ping_status":"closed","template":"","meta":{"footnotes":""},"class_list":["post-5309","page","type-page","status-publish","hentry"],"yoast_head":"<!-- This site is optimized with the Yoast SEO Premium plugin v27.2 (Yoast SEO v27.2) - https:\/\/yoast.com\/product\/yoast-seo-premium-wordpress\/ -->\n<title>Public Affairs Services Berlin for Healthcare Success - RPP Group<\/title>\n<meta name=\"description\" content=\"RPP Berlin offers exceptional Public Affairs Services Berlin, leveraging strong networks to navigate the healthcare landscape effectively.\" \/>\n<meta name=\"robots\" content=\"index, follow, max-snippet:-1, max-image-preview:large, max-video-preview:-1\" \/>\n<link rel=\"canonical\" href=\"https:\/\/rpp-group.com\/fr\/berlin\/\" \/>\n<meta property=\"og:locale\" content=\"fr_FR\" \/>\n<meta property=\"og:type\" content=\"article\" \/>\n<meta property=\"og:title\" content=\"Berlin\" \/>\n<meta property=\"og:description\" content=\"RPP Berlin offers exceptional Public Affairs Services Berlin, leveraging strong networks to navigate the healthcare landscape effectively.\" \/>\n<meta property=\"og:url\" content=\"https:\/\/rpp-group.com\/fr\/berlin\/\" \/>\n<meta property=\"og:site_name\" content=\"RPP Group\" \/>\n<meta property=\"article:modified_time\" content=\"2025-11-05T12:16:21+00:00\" \/>\n<meta property=\"og:image\" content=\"https:\/\/rpp-group.com\/wp-content\/uploads\/2023\/10\/LUTZ.DOMMEL_230523_0052_CWEB-1024x1024.jpg\" \/>\n\t<meta property=\"og:image:width\" content=\"1024\" \/>\n\t<meta property=\"og:image:height\" content=\"1024\" \/>\n\t<meta property=\"og:image:type\" content=\"image\/jpeg\" \/>\n<meta name=\"twitter:card\" content=\"summary_large_image\" \/>\n<meta name=\"twitter:label1\" content=\"Dur\u00e9e de lecture estim\u00e9e\" \/>\n\t<meta name=\"twitter:data1\" content=\"2 minutes\" \/>\n<script type=\"application\/ld+json\" class=\"yoast-schema-graph\">{\"@context\":\"https:\/\/schema.org\",\"@graph\":[{\"@type\":\"WebPage\",\"@id\":\"https:\/\/rpp-group.com\/berlin\/\",\"url\":\"https:\/\/rpp-group.com\/berlin\/\",\"name\":\"Public Affairs Services Berlin for Healthcare Success - RPP Group\",\"isPartOf\":{\"@id\":\"https:\/\/rpp-group.com\/#website\"},\"primaryImageOfPage\":{\"@id\":\"https:\/\/rpp-group.com\/berlin\/#primaryimage\"},\"image\":{\"@id\":\"https:\/\/rpp-group.com\/berlin\/#primaryimage\"},\"thumbnailUrl\":\"https:\/\/rpp-group.com\/wp-content\/uploads\/2023\/10\/LUTZ.DOMMEL_230523_0052_CWEB-1024x1024.jpg\",\"datePublished\":\"2025-02-08T20:17:09+00:00\",\"dateModified\":\"2025-11-05T12:16:21+00:00\",\"description\":\"RPP Berlin offers exceptional Public Affairs Services Berlin, leveraging strong networks to navigate the healthcare landscape effectively.\",\"breadcrumb\":{\"@id\":\"https:\/\/rpp-group.com\/berlin\/#breadcrumb\"},\"inLanguage\":\"fr-FR\",\"potentialAction\":[{\"@type\":\"ReadAction\",\"target\":[\"https:\/\/rpp-group.com\/berlin\/\"]}]},{\"@type\":\"ImageObject\",\"inLanguage\":\"fr-FR\",\"@id\":\"https:\/\/rpp-group.com\/berlin\/#primaryimage\",\"url\":\"https:\/\/rpp-group.com\/wp-content\/uploads\/2023\/10\/LUTZ.DOMMEL_230523_0052_CWEB-1024x1024.jpg\",\"contentUrl\":\"https:\/\/rpp-group.com\/wp-content\/uploads\/2023\/10\/LUTZ.DOMMEL_230523_0052_CWEB-1024x1024.jpg\"},{\"@type\":\"BreadcrumbList\",\"@id\":\"https:\/\/rpp-group.com\/berlin\/#breadcrumb\",\"itemListElement\":[{\"@type\":\"ListItem\",\"position\":1,\"name\":\"Homepage\",\"item\":\"https:\/\/rpp-group.com\/\"},{\"@type\":\"ListItem\",\"position\":2,\"name\":\"Berlin\"}]},{\"@type\":\"WebSite\",\"@id\":\"https:\/\/rpp-group.com\/#website\",\"url\":\"https:\/\/rpp-group.com\/\",\"name\":\"RPP Group\",\"description\":\"Public affairs and advocacy\",\"potentialAction\":[{\"@type\":\"SearchAction\",\"target\":{\"@type\":\"EntryPoint\",\"urlTemplate\":\"https:\/\/rpp-group.com\/?s={search_term_string}\"},\"query-input\":{\"@type\":\"PropertyValueSpecification\",\"valueRequired\":true,\"valueName\":\"search_term_string\"}}],\"inLanguage\":\"fr-FR\"}]}<\/script>\n<!-- \/ Yoast SEO Premium plugin. -->","yoast_head_json":{"title":"Les services d'affaires publiques de Berlin au service de la sant\u00e9 - RPP Group","description":"RPP Berlin offre des services d'affaires publiques exceptionnels \u00e0 Berlin, en s'appuyant sur des r\u00e9seaux solides pour naviguer efficacement dans le paysage des soins de sant\u00e9.","robots":{"index":"index","follow":"follow","max-snippet":"max-snippet:-1","max-image-preview":"max-image-preview:large","max-video-preview":"max-video-preview:-1"},"canonical":"https:\/\/rpp-group.com\/fr\/berlin\/","og_locale":"fr_FR","og_type":"article","og_title":"Berlin","og_description":"RPP Berlin offers exceptional Public Affairs Services Berlin, leveraging strong networks to navigate the healthcare landscape effectively.","og_url":"https:\/\/rpp-group.com\/fr\/berlin\/","og_site_name":"RPP Group","article_modified_time":"2025-11-05T12:16:21+00:00","og_image":[{"width":1024,"height":1024,"url":"https:\/\/rpp-group.com\/wp-content\/uploads\/2023\/10\/LUTZ.DOMMEL_230523_0052_CWEB-1024x1024.jpg","type":"image\/jpeg"}],"twitter_card":"summary_large_image","twitter_misc":{"Dur\u00e9e de lecture estim\u00e9e":"2 minutes"},"schema":{"@context":"https:\/\/schema.org","@graph":[{"@type":"WebPage","@id":"https:\/\/rpp-group.com\/berlin\/","url":"https:\/\/rpp-group.com\/berlin\/","name":"Les services d'affaires publiques de Berlin au service de la sant\u00e9 - RPP Group","isPartOf":{"@id":"https:\/\/rpp-group.com\/#website"},"primaryImageOfPage":{"@id":"https:\/\/rpp-group.com\/berlin\/#primaryimage"},"image":{"@id":"https:\/\/rpp-group.com\/berlin\/#primaryimage"},"thumbnailUrl":"https:\/\/rpp-group.com\/wp-content\/uploads\/2023\/10\/LUTZ.DOMMEL_230523_0052_CWEB-1024x1024.jpg","datePublished":"2025-02-08T20:17:09+00:00","dateModified":"2025-11-05T12:16:21+00:00","description":"RPP Berlin offre des services d'affaires publiques exceptionnels \u00e0 Berlin, en s'appuyant sur des r\u00e9seaux solides pour naviguer efficacement dans le paysage des soins de sant\u00e9.","breadcrumb":{"@id":"https:\/\/rpp-group.com\/berlin\/#breadcrumb"},"inLanguage":"fr-FR","potentialAction":[{"@type":"ReadAction","target":["https:\/\/rpp-group.com\/berlin\/"]}]},{"@type":"ImageObject","inLanguage":"fr-FR","@id":"https:\/\/rpp-group.com\/berlin\/#primaryimage","url":"https:\/\/rpp-group.com\/wp-content\/uploads\/2023\/10\/LUTZ.DOMMEL_230523_0052_CWEB-1024x1024.jpg","contentUrl":"https:\/\/rpp-group.com\/wp-content\/uploads\/2023\/10\/LUTZ.DOMMEL_230523_0052_CWEB-1024x1024.jpg"},{"@type":"BreadcrumbList","@id":"https:\/\/rpp-group.com\/berlin\/#breadcrumb","itemListElement":[{"@type":"ListItem","position":1,"name":"Homepage","item":"https:\/\/rpp-group.com\/"},{"@type":"ListItem","position":2,"name":"Berlin"}]},{"@type":"WebSite","@id":"https:\/\/rpp-group.com\/#website","url":"https:\/\/rpp-group.com\/","name":"RPP Group","description":"Affaires publiques et plaidoyer","potentialAction":[{"@type":"SearchAction","target":{"@type":"EntryPoint","urlTemplate":"https:\/\/rpp-group.com\/?s={search_term_string}"},"query-input":{"@type":"PropertyValueSpecification","valueRequired":true,"valueName":"search_term_string"}}],"inLanguage":"fr-FR"}]}},"_links":{"self":[{"href":"https:\/\/rpp-group.com\/fr\/wp-json\/wp\/v2\/pages\/5309","targetHints":{"allow":["GET"]}}],"collection":[{"href":"https:\/\/rpp-group.com\/fr\/wp-json\/wp\/v2\/pages"}],"about":[{"href":"https:\/\/rpp-group.com\/fr\/wp-json\/wp\/v2\/types\/page"}],"author":[{"embeddable":true,"href":"https:\/\/rpp-group.com\/fr\/wp-json\/wp\/v2\/users\/1"}],"replies":[{"embeddable":true,"href":"https:\/\/rpp-group.com\/fr\/wp-json\/wp\/v2\/comments?post=5309"}],"version-history":[{"count":10,"href":"https:\/\/rpp-group.com\/fr\/wp-json\/wp\/v2\/pages\/5309\/revisions"}],"predecessor-version":[{"id":7492,"href":"https:\/\/rpp-group.com\/fr\/wp-json\/wp\/v2\/pages\/5309\/revisions\/7492"}],"wp:attachment":[{"href":"https:\/\/rpp-group.com\/fr\/wp-json\/wp\/v2\/media?parent=5309"}],"curies":[{"name":"wp","href":"https:\/\/api.w.org\/{rel}","templated":true}]}}