{"id":5709,"date":"2025-02-10T08:20:48","date_gmt":"2025-02-10T07:20:48","guid":{"rendered":"https:\/\/rpp-group.com\/?page_id=5709"},"modified":"2025-11-05T13:04:47","modified_gmt":"2025-11-05T12:04:47","slug":"work-at-rpp","status":"publish","type":"page","link":"https:\/\/rpp-group.com\/es\/work-at-rpp\/","title":{"rendered":"Trabajar en RPP"},"content":{"rendered":"<div data-elementor-type=\"wp-page\" data-elementor-id=\"5709\" class=\"elementor elementor-5709\" data-elementor-post-type=\"page\">\n\t\t\t\t<div class=\"elementor-element elementor-element-492680ed e-con-full e-flex elementor-invisible e-con e-child\" data-id=\"492680ed\" data-element_type=\"container\" data-e-type=\"container\" data-settings=\"{&quot;background_background&quot;:&quot;classic&quot;,&quot;animation&quot;:&quot;fadeIn&quot;}\">\n\t\t<div class=\"elementor-element elementor-element-553c2e39 e-con-full e-flex e-con e-child\" data-id=\"553c2e39\" data-element_type=\"container\" data-e-type=\"container\">\n\t\t\t\t<div class=\"elementor-element elementor-element-102adfa2 elementor-align-center elementor-mobile-align-center elementor-widget elementor-widget-breadcrumbs\" data-id=\"102adfa2\" data-element_type=\"widget\" data-e-type=\"widget\" data-widget_type=\"breadcrumbs.default\">\n\t\t\t\t<div class=\"elementor-widget-container\">\n\t\t\t\t\t<p id=\"breadcrumbs\"><span><span><a href=\"https:\/\/rpp-group.com\/es\/\">P\u00e1gina de inicio<\/a><\/span><\/span><\/p>\t\t\t\t<\/div>\n\t\t\t\t<\/div>\n\t\t\t\t<div class=\"elementor-element elementor-element-69ed77b9 elementor-widget elementor-widget-heading\" data-id=\"69ed77b9\" data-element_type=\"widget\" data-e-type=\"widget\" data-widget_type=\"heading.default\">\n\t\t\t\t<div class=\"elementor-widget-container\">\n\t\t\t\t\t<h1 class=\"elementor-heading-title elementor-size-default\">Trabajar en RPP<\/h1>\t\t\t\t<\/div>\n\t\t\t\t<\/div>\n\t\t\t\t<div class=\"elementor-element elementor-element-76808020 elementor-widget elementor-widget-heading\" data-id=\"76808020\" data-element_type=\"widget\" data-e-type=\"widget\" data-widget_type=\"heading.default\">\n\t\t\t\t<div class=\"elementor-widget-container\">\n\t\t\t\t\t<h2 class=\"elementor-heading-title elementor-size-default\">Desde la creaci\u00f3n de RPP, hemos apostado por crecer con profesionales experimentados en asuntos p\u00fablicos o j\u00f3venes talentos que aportaran nuevas ideas y creatividad adicional a nuestro equipo.<\/h2>\t\t\t\t<\/div>\n\t\t\t\t<\/div>\n\t\t\t\t<\/div>\n\t\t\t\t<\/div>\n\t\t<div class=\"elementor-element elementor-element-7de6f993 e-con-full e-flex elementor-invisible e-con e-parent\" data-id=\"7de6f993\" data-element_type=\"container\" data-e-type=\"container\" data-settings=\"{&quot;animation&quot;:&quot;fadeInUp&quot;}\">\n\t\t<div class=\"elementor-element elementor-element-4d73291d e-con-full e-flex e-con e-child\" data-id=\"4d73291d\" data-element_type=\"container\" data-e-type=\"container\">\n\t\t\t\t<div class=\"elementor-element elementor-element-62afd246 elementor-hidden-widescreen elementor-hidden-desktop elementor-hidden-tablet elementor-hidden-mobile elementor-widget elementor-widget-heading\" data-id=\"62afd246\" data-element_type=\"widget\" data-e-type=\"widget\" data-widget_type=\"heading.default\">\n\t\t\t\t<div class=\"elementor-widget-container\">\n\t\t\t\t\t<h2 class=\"elementor-heading-title elementor-size-default\">01<\/h2>\t\t\t\t<\/div>\n\t\t\t\t<\/div>\n\t\t\t\t<\/div>\n\t\t<div class=\"elementor-element elementor-element-24a854e e-con-full e-flex e-con e-child\" data-id=\"24a854e\" data-element_type=\"container\" data-e-type=\"container\">\n\t\t<div class=\"elementor-element elementor-element-61b141ca e-con-full e-flex e-con e-child\" data-id=\"61b141ca\" data-element_type=\"container\" data-e-type=\"container\">\n\t\t\t\t<div class=\"elementor-element elementor-element-2dc1ab93 elementor-widget elementor-widget-heading\" data-id=\"2dc1ab93\" data-element_type=\"widget\" data-e-type=\"widget\" data-widget_type=\"heading.default\">\n\t\t\t\t<div class=\"elementor-widget-container\">\n\t\t\t\t\t<h3 class=\"elementor-heading-title elementor-size-default\">Nuestra pol\u00edtica y filosof\u00eda de RRHH<\/h3>\t\t\t\t<\/div>\n\t\t\t\t<\/div>\n\t\t\t\t<div class=\"elementor-element elementor-element-2b86abf elementor-widget elementor-widget-text-editor\" data-id=\"2b86abf\" data-element_type=\"widget\" data-e-type=\"widget\" data-widget_type=\"text-editor.default\">\n\t\t\t\t<div class=\"elementor-widget-container\">\n\t\t\t\t\t\t\t\t\t<p>Animamos a los candidatos a presentarse a los puestos si creen que pueden aportar ese plus especial a nuestro trabajo en lugar de limitarse a encajar en un perfil determinado.<\/p><p>Nos esforzamos mucho por crear un entorno cordial pero ambicioso y tratamos de identificar un plan de carrera de ritmo r\u00e1pido para todos los colegas de RPP.<\/p><p>RPP busca actualmente cubrir varios puestos en nuestras diferentes oficinas. Los perfiles y las cualificaciones requeridas se detallan en los siguientes anuncios de empleo. Dirija su solicitud a nuestro responsable de contrataci\u00f3n. Para solicitudes espont\u00e1neas, p\u00f3ngase en contacto con\u00a0<a href=\"\/es\/ma&\/#105;&#108;&#116;&#111;&#x3a;&#x72;&#x65;&#x63;&#x72;ui&#116;&#105;&#110;&#103;&#x40;&#x72;&#x70;&#x70;&#x2d;gr&#111;&#117;&#112;&#46;&#x63;&#x6f;&#x6d;\">recruiting (at) rpp-group.com<\/a><\/p>\t\t\t\t\t\t\t\t<\/div>\n\t\t\t\t<\/div>\n\t\t\t\t<\/div>\n\t\t\t\t<\/div>\n\t\t\t\t<\/div>\n\t\t<div class=\"elementor-element elementor-element-4f19ad0 e-flex e-con-boxed elementor-invisible e-con e-parent\" data-id=\"4f19ad0\" data-element_type=\"container\" data-e-type=\"container\" data-settings=\"{&quot;animation&quot;:&quot;fadeInUp&quot;}\">\n\t\t\t\t\t<div class=\"e-con-inner\">\n\t\t<div class=\"elementor-element elementor-element-fa49a1b e-con-full e-flex e-con e-child\" data-id=\"fa49a1b\" data-element_type=\"container\" data-e-type=\"container\">\n\t\t\t\t<div class=\"elementor-element elementor-element-7e4be50 elementor-widget elementor-widget-heading\" data-id=\"7e4be50\" data-element_type=\"widget\" data-e-type=\"widget\" data-widget_type=\"heading.default\">\n\t\t\t\t<div class=\"elementor-widget-container\">\n\t\t\t\t\t<h6 class=\"elementor-heading-title elementor-size-default\">Carrera RPP<\/h6>\t\t\t\t<\/div>\n\t\t\t\t<\/div>\n\t\t\t\t<div class=\"elementor-element elementor-element-5420496 elementor-widget elementor-widget-heading\" data-id=\"5420496\" data-element_type=\"widget\" data-e-type=\"widget\" data-widget_type=\"heading.default\">\n\t\t\t\t<div class=\"elementor-widget-container\">\n\t\t\t\t\t<h3 class=\"elementor-heading-title elementor-size-default\">Ofertas de empleo<\/h3>\t\t\t\t<\/div>\n\t\t\t\t<\/div>\n\t\t\t\t<div class=\"elementor-element elementor-element-33d24bc elementor-grid-3 elementor-grid-tablet-2 elementor-grid-mobile-1 elementor-posts--thumbnail-top elementor-card-shadow-yes elementor-posts__hover-gradient elementor-widget elementor-widget-posts\" data-id=\"33d24bc\" data-element_type=\"widget\" data-e-type=\"widget\" data-settings=\"{&quot;pagination_type&quot;:&quot;numbers&quot;,&quot;cards_columns&quot;:&quot;3&quot;,&quot;cards_columns_tablet&quot;:&quot;2&quot;,&quot;cards_columns_mobile&quot;:&quot;1&quot;,&quot;cards_row_gap&quot;:{&quot;unit&quot;:&quot;px&quot;,&quot;size&quot;:35,&quot;sizes&quot;:[]},&quot;cards_row_gap_widescreen&quot;:{&quot;unit&quot;:&quot;px&quot;,&quot;size&quot;:&quot;&quot;,&quot;sizes&quot;:[]},&quot;cards_row_gap_tablet&quot;:{&quot;unit&quot;:&quot;px&quot;,&quot;size&quot;:&quot;&quot;,&quot;sizes&quot;:[]},&quot;cards_row_gap_mobile&quot;:{&quot;unit&quot;:&quot;px&quot;,&quot;size&quot;:&quot;&quot;,&quot;sizes&quot;:[]}}\" data-widget_type=\"posts.cards\">\n\t\t\t\t<div class=\"elementor-widget-container\">\n\t\t\t\t\t\t\t<div class=\"elementor-posts-container elementor-posts elementor-posts--skin-cards elementor-grid\" role=\"list\">\n\t\t\t\t<article class=\"elementor-post elementor-grid-item post-7153 post type-post status-publish format-standard has-post-thumbnail hentry category-job-openings category-job-openings-brussels\" role=\"listitem\">\n\t\t\t<div class=\"elementor-post__card\">\n\t\t\t\t<a class=\"elementor-post__thumbnail__link\" href=\"https:\/\/rpp-group.com\/es\/2025\/09\/30\/junior-associate-brussels-office\/\" tabindex=\"-1\" ><div class=\"elementor-post__thumbnail\"><img fetchpriority=\"high\" decoding=\"async\" width=\"2000\" height=\"1335\" src=\"https:\/\/rpp-group.com\/wp-content\/uploads\/2025\/02\/european-parliament-building-in-brussels-2023-11-27-05-08-00-utc.jpg\" class=\"attachment-full size-full wp-image-5604\" alt=\"\" srcset=\"https:\/\/rpp-group.com\/wp-content\/uploads\/2025\/02\/european-parliament-building-in-brussels-2023-11-27-05-08-00-utc.jpg 2000w, https:\/\/rpp-group.com\/wp-content\/uploads\/2025\/02\/european-parliament-building-in-brussels-2023-11-27-05-08-00-utc-300x200.jpg 300w, https:\/\/rpp-group.com\/wp-content\/uploads\/2025\/02\/european-parliament-building-in-brussels-2023-11-27-05-08-00-utc-1024x684.jpg 1024w, https:\/\/rpp-group.com\/wp-content\/uploads\/2025\/02\/european-parliament-building-in-brussels-2023-11-27-05-08-00-utc-768x513.jpg 768w, https:\/\/rpp-group.com\/wp-content\/uploads\/2025\/02\/european-parliament-building-in-brussels-2023-11-27-05-08-00-utc-1536x1025.jpg 1536w\" sizes=\"(max-width: 2000px) 100vw, 2000px\" \/><\/div><\/a>\n\t\t\t\t<div class=\"elementor-post__badge\">Ofertas de empleo<\/div>\n\t\t\t\t<div class=\"elementor-post__text\">\n\t\t\t\t<h3 class=\"elementor-post__title\">\n\t\t\t<a href=\"https:\/\/rpp-group.com\/es\/2025\/09\/30\/junior-associate-brussels-office\/\" >\n\t\t\t\tAsociado junior - Oficina de Bruselas\t\t\t<\/a>\n\t\t<\/h3>\n\t\t\t\t\t<div class=\"elementor-post__read-more-wrapper\">\n\t\t\n\t\t<a class=\"elementor-post__read-more\" href=\"https:\/\/rpp-group.com\/es\/2025\/09\/30\/junior-associate-brussels-office\/\" aria-label=\"M\u00e1s informaci\u00f3n sobre Junior Associate - Oficina de Bruselas\" tabindex=\"-1\" >\n\t\t\tLeer m\u00e1s \"\t\t<\/a>\n\n\t\t\t\t\t<\/div>\n\t\t\t\t<\/div>\n\t\t\t\t<div class=\"elementor-post__meta-data\">\n\t\t\t\t\t<span class=\"elementor-post-date\">\n\t\t\t09\/30\/2025\t\t<\/span>\n\t\t\t\t<\/div>\n\t\t\t\t\t<\/div>\n\t\t<\/article>\n\t\t\t\t<article class=\"elementor-post elementor-grid-item post-6475 post type-post status-publish format-standard has-post-thumbnail hentry category-job-openings category-job-openings-paris\" role=\"listitem\">\n\t\t\t<div class=\"elementor-post__card\">\n\t\t\t\t<a class=\"elementor-post__thumbnail__link\" href=\"https:\/\/rpp-group.com\/es\/2025\/09\/30\/stagiaire-affaires-publiques\/\" tabindex=\"-1\" ><div class=\"elementor-post__thumbnail\"><img decoding=\"async\" width=\"2000\" height=\"1333\" src=\"https:\/\/rpp-group.com\/wp-content\/uploads\/2025\/02\/the-river-seine-in-paris-at-dawn-2023-11-27-05-30-26-utc.jpg\" class=\"attachment-full size-full wp-image-6242\" alt=\"\" srcset=\"https:\/\/rpp-group.com\/wp-content\/uploads\/2025\/02\/the-river-seine-in-paris-at-dawn-2023-11-27-05-30-26-utc.jpg 2000w, https:\/\/rpp-group.com\/wp-content\/uploads\/2025\/02\/the-river-seine-in-paris-at-dawn-2023-11-27-05-30-26-utc-300x200.jpg 300w, https:\/\/rpp-group.com\/wp-content\/uploads\/2025\/02\/the-river-seine-in-paris-at-dawn-2023-11-27-05-30-26-utc-1024x682.jpg 1024w, https:\/\/rpp-group.com\/wp-content\/uploads\/2025\/02\/the-river-seine-in-paris-at-dawn-2023-11-27-05-30-26-utc-768x512.jpg 768w, https:\/\/rpp-group.com\/wp-content\/uploads\/2025\/02\/the-river-seine-in-paris-at-dawn-2023-11-27-05-30-26-utc-1536x1024.jpg 1536w\" sizes=\"(max-width: 2000px) 100vw, 2000px\" \/><\/div><\/a>\n\t\t\t\t<div class=\"elementor-post__badge\">Ofertas de empleo<\/div>\n\t\t\t\t<div class=\"elementor-post__text\">\n\t\t\t\t<h3 class=\"elementor-post__title\">\n\t\t\t<a href=\"https:\/\/rpp-group.com\/es\/2025\/09\/30\/stagiaire-affaires-publiques\/\" >\n\t\t\t\tStage affaires publiques - Oficina de Par\u00eds\t\t\t<\/a>\n\t\t<\/h3>\n\t\t\t\t\t<div class=\"elementor-post__read-more-wrapper\">\n\t\t\n\t\t<a class=\"elementor-post__read-more\" href=\"https:\/\/rpp-group.com\/es\/2025\/09\/30\/stagiaire-affaires-publiques\/\" aria-label=\"M\u00e1s informaci\u00f3n sobre Stage affaires publiques - Oficina de Par\u00eds\" tabindex=\"-1\" >\n\t\t\tLeer m\u00e1s \"\t\t<\/a>\n\n\t\t\t\t\t<\/div>\n\t\t\t\t<\/div>\n\t\t\t\t<div class=\"elementor-post__meta-data\">\n\t\t\t\t\t<span class=\"elementor-post-date\">\n\t\t\t09\/30\/2025\t\t<\/span>\n\t\t\t\t<\/div>\n\t\t\t\t\t<\/div>\n\t\t<\/article>\n\t\t\t\t<article class=\"elementor-post elementor-grid-item post-6330 post type-post status-publish format-standard has-post-thumbnail hentry category-job-openings category-job-openings-madrid\" role=\"listitem\">\n\t\t\t<div class=\"elementor-post__card\">\n\t\t\t\t<a class=\"elementor-post__thumbnail__link\" href=\"https:\/\/rpp-group.com\/es\/2025\/09\/29\/state-of-play-italys-2025-budget-law-and-implications-for-health-policy-2\/\" tabindex=\"-1\" ><div class=\"elementor-post__thumbnail\"><img decoding=\"async\" width=\"2000\" height=\"1333\" src=\"https:\/\/rpp-group.com\/wp-content\/uploads\/2025\/01\/madrid-spain-skyline-2023-11-27-05-03-35-utc-1.jpg\" class=\"attachment-full size-full wp-image-590\" alt=\"\" srcset=\"https:\/\/rpp-group.com\/wp-content\/uploads\/2025\/01\/madrid-spain-skyline-2023-11-27-05-03-35-utc-1.jpg 2000w, https:\/\/rpp-group.com\/wp-content\/uploads\/2025\/01\/madrid-spain-skyline-2023-11-27-05-03-35-utc-1-300x200.jpg 300w, https:\/\/rpp-group.com\/wp-content\/uploads\/2025\/01\/madrid-spain-skyline-2023-11-27-05-03-35-utc-1-1024x682.jpg 1024w, https:\/\/rpp-group.com\/wp-content\/uploads\/2025\/01\/madrid-spain-skyline-2023-11-27-05-03-35-utc-1-768x512.jpg 768w, https:\/\/rpp-group.com\/wp-content\/uploads\/2025\/01\/madrid-spain-skyline-2023-11-27-05-03-35-utc-1-1536x1024.jpg 1536w\" sizes=\"(max-width: 2000px) 100vw, 2000px\" \/><\/div><\/a>\n\t\t\t\t<div class=\"elementor-post__badge\">Ofertas de empleo<\/div>\n\t\t\t\t<div class=\"elementor-post__text\">\n\t\t\t\t<h3 class=\"elementor-post__title\">\n\t\t\t<a href=\"https:\/\/rpp-group.com\/es\/2025\/09\/29\/state-of-play-italys-2025-budget-law-and-implications-for-health-policy-2\/\" >\n\t\t\t\tAsociado Junior - Oficina de Madrid\t\t\t<\/a>\n\t\t<\/h3>\n\t\t\t\t\t<div class=\"elementor-post__read-more-wrapper\">\n\t\t\n\t\t<a class=\"elementor-post__read-more\" href=\"https:\/\/rpp-group.com\/es\/2025\/09\/29\/state-of-play-italys-2025-budget-law-and-implications-for-health-policy-2\/\" aria-label=\"M\u00e1s informaci\u00f3n sobre Asociado Junior - Oficina de Madrid\" tabindex=\"-1\" >\n\t\t\tLeer m\u00e1s \"\t\t<\/a>\n\n\t\t\t\t\t<\/div>\n\t\t\t\t<\/div>\n\t\t\t\t<div class=\"elementor-post__meta-data\">\n\t\t\t\t\t<span class=\"elementor-post-date\">\n\t\t\t09\/29\/2025\t\t<\/span>\n\t\t\t\t<\/div>\n\t\t\t\t\t<\/div>\n\t\t<\/article>\n\t\t\t\t<\/div>\n\t\t\n\t\t\t\t\t\t<\/div>\n\t\t\t\t<\/div>\n\t\t\t\t<\/div>\n\t\t\t\t\t<\/div>\n\t\t\t\t<\/div>\n\t\t<div class=\"elementor-element elementor-element-c7df05a e-con-full e-flex elementor-invisible e-con e-parent\" data-id=\"c7df05a\" data-element_type=\"container\" data-e-type=\"container\" data-settings=\"{&quot;animation&quot;:&quot;fadeInUp&quot;}\">\n\t\t<div class=\"elementor-element elementor-element-97ecac1 e-con-full e-flex e-con e-child\" data-id=\"97ecac1\" data-element_type=\"container\" data-e-type=\"container\">\n\t\t<div class=\"elementor-element elementor-element-4b1273c e-con-full e-flex e-con e-child\" data-id=\"4b1273c\" data-element_type=\"container\" data-e-type=\"container\">\n\t\t\t\t<div class=\"elementor-element elementor-element-eb8cf16 elementor-widget elementor-widget-heading\" data-id=\"eb8cf16\" data-element_type=\"widget\" data-e-type=\"widget\" data-widget_type=\"heading.default\">\n\t\t\t\t<div class=\"elementor-widget-container\">\n\t\t\t\t\t<h3 class=\"elementor-heading-title elementor-size-default\">\u00bfPor qu\u00e9 trabajar en RPP?<\/h3>\t\t\t\t<\/div>\n\t\t\t\t<\/div>\n\t\t\t\t<div class=\"elementor-element elementor-element-f4dbd44 elementor-widget elementor-widget-text-editor\" data-id=\"f4dbd44\" data-element_type=\"widget\" data-e-type=\"widget\" data-widget_type=\"text-editor.default\">\n\t\t\t\t<div class=\"elementor-widget-container\">\n\t\t\t\t\t\t\t\t\t<p style=\"text-align: right;\">Trabajar en todos nuestros din\u00e1micos equipos de toda Europa tiene numerosas ventajas. RPP ha crecido constantemente durante las \u00faltimas 2 d\u00e9cadas y seguir\u00e1 haci\u00e9ndolo, con la incorporaci\u00f3n de nuevos talentos a medida que crezcamos. Hemos creado un entorno que ofrece a compa\u00f1eros excepcionales la oportunidad de destacar a una velocidad sin precedentes y dar pasos importantes en sus carreras.<\/p>\n<p style=\"text-align: right;\">Tambi\u00e9n sabemos que es importante disfrutar viniendo a trabajar cada d\u00eda y, adem\u00e1s de crear un entorno de trabajo integrador, nos aseguramos de planificar peri\u00f3dicamente retiros y reuniones de empresa para mantener a todos nuestros equipos en estrecho contacto y con s\u00f3lidas relaciones laborales en todas las oficinas.<\/p>\t\t\t\t\t\t\t\t<\/div>\n\t\t\t\t<\/div>\n\t\t\t\t<div class=\"elementor-element elementor-element-5966399 elementor-widget elementor-widget-menu-anchor\" data-id=\"5966399\" data-element_type=\"widget\" data-e-type=\"widget\" data-widget_type=\"menu-anchor.default\">\n\t\t\t\t<div class=\"elementor-widget-container\">\n\t\t\t\t\t\t\t<div class=\"elementor-menu-anchor\" id=\"jobs\"><\/div>\n\t\t\t\t\t\t<\/div>\n\t\t\t\t<\/div>\n\t\t\t\t<\/div>\n\t\t\t\t<\/div>\n\t\t<div class=\"elementor-element elementor-element-7d18d77 e-con-full e-flex e-con e-child\" data-id=\"7d18d77\" data-element_type=\"container\" data-e-type=\"container\">\n\t\t<div class=\"elementor-element elementor-element-a584883 e-con-full e-flex e-con e-child\" data-id=\"a584883\" data-element_type=\"container\" data-e-type=\"container\">\n\t\t\t\t<div class=\"elementor-element elementor-element-4446f1f elementor-widget elementor-widget-heading\" data-id=\"4446f1f\" data-element_type=\"widget\" data-e-type=\"widget\" data-widget_type=\"heading.default\">\n\t\t\t\t<div class=\"elementor-widget-container\">\n\t\t\t\t\t<h3 class=\"elementor-heading-title elementor-size-default\">Sus ventajas<\/h3>\t\t\t\t<\/div>\n\t\t\t\t<\/div>\n\t\t\t\t<div class=\"elementor-element elementor-element-390412c elementor-widget elementor-widget-text-editor\" data-id=\"390412c\" data-element_type=\"widget\" data-e-type=\"widget\" data-widget_type=\"text-editor.default\">\n\t\t\t\t<div class=\"elementor-widget-container\">\n\t\t\t\t\t\t\t\t\t<ul>\n<li>Forma parte de una empresa en crecimiento donde puedes aportar tus ideas a nuestra identidad\u00a0\u00a0<\/li>\n<li>Esp\u00edritu emprendedor dentro de la empresa con libertad para emprender nuevas iniciativas prometedoras.\u00a0<\/li>\n<li>Buen equilibrio entre trabajo y vida privada\u00a0<\/li>\n<li>Actividades para fomentar el esp\u00edritu de equipo, como retiros, actividades despu\u00e9s del trabajo, etc.\u00a0\u00a0<\/li>\n<li>Trabajar en un equipo internacional\u00a0\u00a0<\/li>\n<li>Desarrolle sus habilidades trabajando con colegas con d\u00e9cadas de experiencia en asuntos p\u00fablicos e instituciones pol\u00edticas.\u00a0<\/li>\n<li>Perfeccione sus habilidades a trav\u00e9s de los seminarios, talleres y cursos de formaci\u00f3n de RPP.\u00a0<\/li>\n<\/ul>\t\t\t\t\t\t\t\t<\/div>\n\t\t\t\t<\/div>\n\t\t\t\t<\/div>\n\t\t\t\t<\/div>\n\t\t\t\t<\/div>\n\t\t\t\t<\/div>","protected":false},"excerpt":{"rendered":"<p>Trabajar en RPP Desde la creaci\u00f3n de RPP, hemos apostado por crecer con profesionales experimentados en asuntos p\u00fablicos o j\u00f3venes talentos que aportaran nuevos<\/p>","protected":false},"author":1,"featured_media":0,"parent":0,"menu_order":0,"comment_status":"closed","ping_status":"closed","template":"","meta":{"footnotes":""},"class_list":["post-5709","page","type-page","status-publish","hentry"],"yoast_head":"<!-- This site is optimized with the Yoast SEO Premium plugin v27.2 (Yoast SEO v27.2) - https:\/\/yoast.com\/product\/yoast-seo-premium-wordpress\/ -->\n<title>Public Affairs Careers: Join a Dynamic Team Today - RPP Group<\/title>\n<meta name=\"description\" content=\"Join RPP and explore public affairs careers that drive ambition and innovation. We welcome unique talents to our growing teams.\" \/>\n<meta name=\"robots\" content=\"index, follow, max-snippet:-1, max-image-preview:large, max-video-preview:-1\" \/>\n<link rel=\"canonical\" href=\"https:\/\/rpp-group.com\/es\/work-at-rpp\/\" \/>\n<meta property=\"og:locale\" content=\"es_ES\" \/>\n<meta property=\"og:type\" content=\"article\" \/>\n<meta property=\"og:title\" content=\"Work at RPP\" \/>\n<meta property=\"og:description\" content=\"Join RPP and explore public affairs careers that drive ambition and innovation. We welcome unique talents to our growing teams.\" \/>\n<meta property=\"og:url\" content=\"https:\/\/rpp-group.com\/es\/work-at-rpp\/\" \/>\n<meta property=\"og:site_name\" content=\"RPP Group\" \/>\n<meta property=\"article:modified_time\" content=\"2025-11-05T12:04:47+00:00\" \/>\n<meta name=\"twitter:card\" content=\"summary_large_image\" \/>\n<meta name=\"twitter:label1\" content=\"Tiempo de lectura\" \/>\n\t<meta name=\"twitter:data1\" content=\"3 minutos\" \/>\n<script type=\"application\/ld+json\" class=\"yoast-schema-graph\">{\"@context\":\"https:\/\/schema.org\",\"@graph\":[{\"@type\":\"WebPage\",\"@id\":\"https:\/\/rpp-group.com\/work-at-rpp\/\",\"url\":\"https:\/\/rpp-group.com\/work-at-rpp\/\",\"name\":\"Public Affairs Careers: Join a Dynamic Team Today - RPP Group\",\"isPartOf\":{\"@id\":\"https:\/\/rpp-group.com\/#website\"},\"datePublished\":\"2025-02-10T07:20:48+00:00\",\"dateModified\":\"2025-11-05T12:04:47+00:00\",\"description\":\"Join RPP and explore public affairs careers that drive ambition and innovation. We welcome unique talents to our growing teams.\",\"breadcrumb\":{\"@id\":\"https:\/\/rpp-group.com\/work-at-rpp\/#breadcrumb\"},\"inLanguage\":\"es\",\"potentialAction\":[{\"@type\":\"ReadAction\",\"target\":[\"https:\/\/rpp-group.com\/work-at-rpp\/\"]}]},{\"@type\":\"BreadcrumbList\",\"@id\":\"https:\/\/rpp-group.com\/work-at-rpp\/#breadcrumb\",\"itemListElement\":[{\"@type\":\"ListItem\",\"position\":1,\"name\":\"Homepage\",\"item\":\"https:\/\/rpp-group.com\/\"},{\"@type\":\"ListItem\",\"position\":2,\"name\":\"Work at RPP\"}]},{\"@type\":\"WebSite\",\"@id\":\"https:\/\/rpp-group.com\/#website\",\"url\":\"https:\/\/rpp-group.com\/\",\"name\":\"RPP Group\",\"description\":\"Public affairs and advocacy\",\"potentialAction\":[{\"@type\":\"SearchAction\",\"target\":{\"@type\":\"EntryPoint\",\"urlTemplate\":\"https:\/\/rpp-group.com\/?s={search_term_string}\"},\"query-input\":{\"@type\":\"PropertyValueSpecification\",\"valueRequired\":true,\"valueName\":\"search_term_string\"}}],\"inLanguage\":\"es\"}]}<\/script>\n<!-- \/ Yoast SEO Premium plugin. -->","yoast_head_json":{"title":"Carreras en Asuntos P\u00fablicos: \u00danase hoy mismo a un equipo din\u00e1mico - RPP Group","description":"\u00danase a RPP y explore carreras en asuntos p\u00fablicos que impulsan la ambici\u00f3n y la innovaci\u00f3n. Damos la bienvenida a talentos \u00fanicos en nuestros equipos en crecimiento.","robots":{"index":"index","follow":"follow","max-snippet":"max-snippet:-1","max-image-preview":"max-image-preview:large","max-video-preview":"max-video-preview:-1"},"canonical":"https:\/\/rpp-group.com\/es\/work-at-rpp\/","og_locale":"es_ES","og_type":"article","og_title":"Work at RPP","og_description":"Join RPP and explore public affairs careers that drive ambition and innovation. We welcome unique talents to our growing teams.","og_url":"https:\/\/rpp-group.com\/es\/work-at-rpp\/","og_site_name":"RPP Group","article_modified_time":"2025-11-05T12:04:47+00:00","twitter_card":"summary_large_image","twitter_misc":{"Tiempo de lectura":"3 minutos"},"schema":{"@context":"https:\/\/schema.org","@graph":[{"@type":"WebPage","@id":"https:\/\/rpp-group.com\/work-at-rpp\/","url":"https:\/\/rpp-group.com\/work-at-rpp\/","name":"Carreras en Asuntos P\u00fablicos: \u00danase hoy mismo a un equipo din\u00e1mico - RPP Group","isPartOf":{"@id":"https:\/\/rpp-group.com\/#website"},"datePublished":"2025-02-10T07:20:48+00:00","dateModified":"2025-11-05T12:04:47+00:00","description":"\u00danase a RPP y explore carreras en asuntos p\u00fablicos que impulsan la ambici\u00f3n y la innovaci\u00f3n. Damos la bienvenida a talentos \u00fanicos en nuestros equipos en crecimiento.","breadcrumb":{"@id":"https:\/\/rpp-group.com\/work-at-rpp\/#breadcrumb"},"inLanguage":"es","potentialAction":[{"@type":"ReadAction","target":["https:\/\/rpp-group.com\/work-at-rpp\/"]}]},{"@type":"BreadcrumbList","@id":"https:\/\/rpp-group.com\/work-at-rpp\/#breadcrumb","itemListElement":[{"@type":"ListItem","position":1,"name":"Homepage","item":"https:\/\/rpp-group.com\/"},{"@type":"ListItem","position":2,"name":"Work at RPP"}]},{"@type":"WebSite","@id":"https:\/\/rpp-group.com\/#website","url":"https:\/\/rpp-group.com\/","name":"RPP Group","description":"ASUNTOS P\u00daBLICOS E INCIDENCIA POL\u00cdTICA","potentialAction":[{"@type":"SearchAction","target":{"@type":"EntryPoint","urlTemplate":"https:\/\/rpp-group.com\/?s={search_term_string}"},"query-input":{"@type":"PropertyValueSpecification","valueRequired":true,"valueName":"search_term_string"}}],"inLanguage":"es"}]}},"_links":{"self":[{"href":"https:\/\/rpp-group.com\/es\/wp-json\/wp\/v2\/pages\/5709","targetHints":{"allow":["GET"]}}],"collection":[{"href":"https:\/\/rpp-group.com\/es\/wp-json\/wp\/v2\/pages"}],"about":[{"href":"https:\/\/rpp-group.com\/es\/wp-json\/wp\/v2\/types\/page"}],"author":[{"embeddable":true,"href":"https:\/\/rpp-group.com\/es\/wp-json\/wp\/v2\/users\/1"}],"replies":[{"embeddable":true,"href":"https:\/\/rpp-group.com\/es\/wp-json\/wp\/v2\/comments?post=5709"}],"version-history":[{"count":10,"href":"https:\/\/rpp-group.com\/es\/wp-json\/wp\/v2\/pages\/5709\/revisions"}],"predecessor-version":[{"id":7452,"href":"https:\/\/rpp-group.com\/es\/wp-json\/wp\/v2\/pages\/5709\/revisions\/7452"}],"wp:attachment":[{"href":"https:\/\/rpp-group.com\/es\/wp-json\/wp\/v2\/media?parent=5709"}],"curies":[{"name":"wp","href":"https:\/\/api.w.org\/{rel}","templated":true}]}}