{"id":5549,"date":"2025-02-09T12:20:02","date_gmt":"2025-02-09T11:20:02","guid":{"rendered":"https:\/\/rpp-group.com\/?page_id=5549"},"modified":"2026-02-26T17:13:36","modified_gmt":"2026-02-26T16:13:36","slug":"paris","status":"publish","type":"page","link":"https:\/\/rpp-group.com\/es\/paris\/","title":{"rendered":"Par\u00eds"},"content":{"rendered":"<div data-elementor-type=\"wp-page\" data-elementor-id=\"5549\" class=\"elementor elementor-5549\" data-elementor-post-type=\"page\">\n\t\t\t\t<div class=\"elementor-element elementor-element-17e8cdaf e-con-full e-flex elementor-invisible e-con e-child\" data-id=\"17e8cdaf\" data-element_type=\"container\" data-e-type=\"container\" data-settings=\"{&quot;background_background&quot;:&quot;classic&quot;,&quot;animation&quot;:&quot;fadeIn&quot;}\">\n\t\t<div class=\"elementor-element elementor-element-48e7dd14 e-con-full e-flex e-con e-child\" data-id=\"48e7dd14\" data-element_type=\"container\" data-e-type=\"container\">\n\t\t\t\t<div class=\"elementor-element elementor-element-66389c5 elementor-align-center elementor-mobile-align-center elementor-widget elementor-widget-breadcrumbs\" data-id=\"66389c5\" data-element_type=\"widget\" data-e-type=\"widget\" data-widget_type=\"breadcrumbs.default\">\n\t\t\t\t<div class=\"elementor-widget-container\">\n\t\t\t\t\t<p id=\"breadcrumbs\"><span><span><a href=\"https:\/\/rpp-group.com\/es\/\">P\u00e1gina de inicio<\/a><\/span><\/span><\/p>\t\t\t\t<\/div>\n\t\t\t\t<\/div>\n\t\t\t\t<div class=\"elementor-element elementor-element-5c3ad2e2 elementor-widget elementor-widget-heading\" data-id=\"5c3ad2e2\" data-element_type=\"widget\" data-e-type=\"widget\" data-widget_type=\"heading.default\">\n\t\t\t\t<div class=\"elementor-widget-container\">\n\t\t\t\t\t<h1 class=\"elementor-heading-title elementor-size-default\">Acerca de la oficina de Par\u00eds<\/h1>\t\t\t\t<\/div>\n\t\t\t\t<\/div>\n\t\t\t\t<div class=\"elementor-element elementor-element-36aaff9 elementor-widget elementor-widget-heading\" data-id=\"36aaff9\" data-element_type=\"widget\" data-e-type=\"widget\" data-widget_type=\"heading.default\">\n\t\t\t\t<div class=\"elementor-widget-container\">\n\t\t\t\t\t<h2 class=\"elementor-heading-title elementor-size-default\">Establecido en 2011 en Par\u00eds, nuestro enfoque convirti\u00f3 a RPP Paris en un nombre de confianza para los principales influencers.<\/h2>\t\t\t\t<\/div>\n\t\t\t\t<\/div>\n\t\t\t\t<\/div>\n\t\t\t\t<\/div>\n\t\t<div class=\"elementor-element elementor-element-7de6f993 e-con-full e-flex elementor-invisible e-con e-parent\" data-id=\"7de6f993\" data-element_type=\"container\" data-e-type=\"container\" data-settings=\"{&quot;animation&quot;:&quot;fadeInUp&quot;}\">\n\t\t<div class=\"elementor-element elementor-element-4d73291d e-con-full e-flex e-con e-child\" data-id=\"4d73291d\" data-element_type=\"container\" data-e-type=\"container\">\n\t\t\t\t<div class=\"elementor-element elementor-element-8bafb38 elementor-widget elementor-widget-elementskit-team\" data-id=\"8bafb38\" data-element_type=\"widget\" data-e-type=\"widget\" data-widget_type=\"elementskit-team.default\">\n\t\t\t\t<div class=\"elementor-widget-container\">\n\t\t\t\t\t<div class=\"ekit-wid-con\">\t\t\t\t\t\t\t\t\n\t\t<div class=\"profile-card elementor-animation- text-center ekit-team-style-default\">\n\t\t\t\t\t\t\t<a aria-label=\"perfil\" href=\"javascript:void(0)\" data-mfp-src=\"#ekit_team_modal_8bafb38_5549\" class=\"ekit-team-popup\">\n\t\t\t\n\t\t\t\t<div class=\"profile-header ekit-team-img ekit-img-overlay ekit-team-img-block\"  data-toggle=\"modal\" data-target=\"ekit_team_modal_#8bafb38_5549\" >\n\t\t\t\t\t<img fetchpriority=\"high\" decoding=\"async\" width=\"1000\" height=\"1000\" src=\"https:\/\/rpp-group.com\/wp-content\/uploads\/2023\/10\/antoine--e1754201109363.jpg\" class=\"attachment-full size-full wp-image-3113\" alt=\"\" \/>\t\t\t\t<\/div><!-- .profile-header END -->\n\t\t\t\t\t\t\t<\/a>\n\t\t\t\n\n\t\t\t\t<div class=\"profile-body\">\n\t\t\t\t\t\n\t\t\t\t\t<h2 class=\"profile-title\">\n\t\t\t\t\t\t\t\t\t\t\t<a aria-label=\"perfil\" href=\"javascript:void(0)\" data-mfp-src=\"#ekit_team_modal_8bafb38_5549\" class=\"ekit-team-popup\">\n\t\t\t\t\t\tAntoine Canu\t\t\t\t\t\t<\/a>\n\t\t\t\t\t\t\t\t\t\t\t<\/h2>\n\t\t\t\t\t<p class=\"profile-designation\">Director de cuentas<\/p>\n\t\t\t\t\t\t\t\t\t<\/div><!-- .profile-body END -->\n\n\t\t\t\t\t\t\t\t\t<div class=\"profile-footer\">\n\t\t\t\t\t\t<ul class=\"ekit-team-social-list\">\n\t\t\t<li class=\"elementor-repeater-item-b5a88b9\">\n\t\t\t<a href=\"https:\/\/www.linkedin.com\/in\/antoinecanu\/\" aria-label=\"Linkedin\">\n\t\t\t\t<svg aria-hidden=\"true\" class=\"e-font-icon-svg e-fab-linkedin-in\" viewbox=\"0 0 448 512\" xmlns=\"http:\/\/www.w3.org\/2000\/svg\"><path d=\"M100.28 448H7.4V148.9h92.88zM53.79 108.1C24.09 108.1 0 83.5 0 53.8a53.79 53.79 0 0 1 107.58 0c0 29.7-24.1 54.3-53.79 54.3zM447.9 448h-92.68V302.4c0-34.7-.7-79.2-48.29-79.2-48.29 0-55.69 37.7-55.69 76.7V448h-92.78V148.9h89.08v40.8h1.3c12.4-23.5 42.69-48.3 87.88-48.3 94 0 111.28 61.9 111.28 142.3V448z\"><\/path><\/svg>\t\t\t<\/a>\n\t\t<\/li>\n\t<\/ul>\n\t\t\t\t\t<\/div>\n\t\t\t\t\t\t\t\t\t<\/div>\n\t\t\t\t\t\t\t\n\t\t\t\n\t\t\t\t\t<div class=\"zoom-anim-dialog mfp-hide elementskit-team-popup team-popup-id-8bafb38\" id=\"ekit_team_modal_8bafb38_5549\" tabindex=\"-1\" role=\"dialog\" aria-hidden=\"true\">\n\t\t\t\t<div class=\"modal-dialog modal-dialog-centered\" role=\"document\">\n\t\t\t\t\t<div class=\"modal-content\">\n\t\t\t\t\t\t<button type=\"button\" class=\"ekit-team-modal-close\">\n\t\t\t\t\t\t\t<svg aria-hidden=\"true\" class=\"e-font-icon-svg e-fas-times\" viewbox=\"0 0 352 512\" xmlns=\"http:\/\/www.w3.org\/2000\/svg\"><path d=\"M242.72 256l100.07-100.07c12.28-12.28 12.28-32.19 0-44.48l-22.24-22.24c-12.28-12.28-32.19-12.28-44.48 0L176 189.28 75.93 89.21c-12.28-12.28-32.19-12.28-44.48 0L9.21 111.45c-12.28 12.28-12.28 32.19 0 44.48L109.28 256 9.21 356.07c-12.28 12.28-12.28 32.19 0 44.48l22.24 22.24c12.28 12.28 32.2 12.28 44.48 0L176 322.72l100.07 100.07c12.28 12.28 32.2 12.28 44.48 0l22.24-22.24c12.28-12.28 12.28-32.19 0-44.48L242.72 256z\"><\/path><\/svg>\t\t\t\t\t\t<\/button>\n\n\t\t\t\t\t\t<div class=\"modal-body\">\n\t\t\t\t\t\t\t\t\t\t\t\t\t\t\t<div class=\"ekit-team-modal-img\">\n\t\t\t\t\t\t\t\t\t<img fetchpriority=\"high\" decoding=\"async\" width=\"1000\" height=\"1000\" src=\"https:\/\/rpp-group.com\/wp-content\/uploads\/2023\/10\/antoine--e1754201109363.jpg\" class=\"attachment-full size-full wp-image-3113\" alt=\"\" \/>\t\t\t\t\t\t\t\t<\/div>\n\t\t\t\t\t\t\t\n\t\t\t\t\t\t\t<div class=\"ekit-team-modal-info has-img\">\n\t\t\t\t\t\t\t\t<h2 class=\"ekit-team-modal-title\">Antoine Canu<\/h2>\n\t\t\t\t\t\t\t\t<p class=\"ekit-team-modal-position\">Director de cuentas<\/p>\n\n\t\t\t\t\t\t\t\t<div class=\"ekit-team-modal-content\">\n\t\t\t\t\t\t\t\t\tAntoine se incorpor\u00f3 a RPP en 2023 como Consultor tras 5 a\u00f1os de experiencia en las esferas institucionales francesas. Gracias a su experiencia como asistente parlamentario de un diputado franc\u00e9s y como miembro del gabinete en un orden profesional, Antoine ha desarrollado una s\u00f3lida experiencia en asuntos gubernamentales y gesti\u00f3n de grupos de inter\u00e9s.\t\t\t\t\t\t\t\t<\/div>\n\n\t\t\t\t\t\t\t\t\t\t\t\t\t\t\t\t\t<ul class=\"ekit-team-modal-list\">\n\t\t\t\t\t\t\t\t\t\t\n\t\t\t\t\t\t\t\t\t\t\t\t\t\t\t\t\t\t\t\t\t<li><strong>E-Mail:<\/strong><a href=\"\/es\/&\/#109;&#x61;&#x69;l&#116;&#x6f;&#x3a;a&#46;&#x63;a&#110;&#x75;&#x40;r&#112;&#x70;-&#103;&#x72;&#x6f;u&#112;&#x2e;&#x63;&#111;&#x6d;\">a.canu@rpp-group.com<\/a><\/li>\n\t\t\t\t\t\t\t\t\t\t\t\t\t\t\t\t\t\t\t<\/ul>\n\t\t\t\t\t\t\t\t\n\t\t\t\t\t\t\t\t<ul class=\"ekit-team-social-list\">\n\t\t\t<li class=\"elementor-repeater-item-b5a88b9\">\n\t\t\t<a href=\"https:\/\/www.linkedin.com\/in\/antoinecanu\/\" aria-label=\"Linkedin\">\n\t\t\t\t<svg aria-hidden=\"true\" class=\"e-font-icon-svg e-fab-linkedin-in\" viewbox=\"0 0 448 512\" xmlns=\"http:\/\/www.w3.org\/2000\/svg\"><path d=\"M100.28 448H7.4V148.9h92.88zM53.79 108.1C24.09 108.1 0 83.5 0 53.8a53.79 53.79 0 0 1 107.58 0c0 29.7-24.1 54.3-53.79 54.3zM447.9 448h-92.68V302.4c0-34.7-.7-79.2-48.29-79.2-48.29 0-55.69 37.7-55.69 76.7V448h-92.78V148.9h89.08v40.8h1.3c12.4-23.5 42.69-48.3 87.88-48.3 94 0 111.28 61.9 111.28 142.3V448z\"><\/path><\/svg>\t\t\t<\/a>\n\t\t<\/li>\n\t<\/ul>\n\t\t\t\t\t\t\t<\/div>\n\t\t\t\t\t\t<\/div>\n\t\t\t\t\t<\/div>\n\t\t\t\t<\/div>\n\t\t\t<\/div>\n\t\t\t\t<\/div>\t\t\t\t<\/div>\n\t\t\t\t<\/div>\n\t\t\t\t<\/div>\n\t\t<div class=\"elementor-element elementor-element-24a854e e-con-full e-flex e-con e-child\" data-id=\"24a854e\" data-element_type=\"container\" data-e-type=\"container\">\n\t\t\t\t<div class=\"elementor-element elementor-element-2dc1ab93 elementor-widget elementor-widget-heading\" data-id=\"2dc1ab93\" data-element_type=\"widget\" data-e-type=\"widget\" data-widget_type=\"heading.default\">\n\t\t\t\t<div class=\"elementor-widget-container\">\n\t\t\t\t\t<h3 class=\"elementor-heading-title elementor-size-default\">\u00a1Bienvenue !<\/h3>\t\t\t\t<\/div>\n\t\t\t\t<\/div>\n\t\t\t\t<div class=\"elementor-element elementor-element-3f0cf73 elementor-widget elementor-widget-text-editor\" data-id=\"3f0cf73\" data-element_type=\"widget\" data-e-type=\"widget\" data-widget_type=\"text-editor.default\">\n\t\t\t\t<div class=\"elementor-widget-container\">\n\t\t\t\t\t\t\t\t\t<p>Fundada en 2011 en Par\u00eds, contamos con un historial probado en la promoci\u00f3n pol\u00edtica francesa. Nuestro enfoque de crear una situaci\u00f3n beneficiosa para todos, clientes, responsables pol\u00edticos y sociedad, ha permitido un crecimiento exponencial de la oficina y ha convertido a RPP Par\u00eds en un nombre de confianza para influyentes clave.<\/p>\t\t\t\t\t\t\t\t<\/div>\n\t\t\t\t<\/div>\n\t\t\t\t<div class=\"elementor-element elementor-element-c4cc786 elementor-widget elementor-widget-text-editor\" data-id=\"c4cc786\" data-element_type=\"widget\" data-e-type=\"widget\" data-widget_type=\"text-editor.default\">\n\t\t\t\t<div class=\"elementor-widget-container\">\n\t\t\t\t\t\t\t\t\t<div class=\"elementor-element elementor-element-9097a45 de_scroll_animation_no elementor-widget elementor-widget-heading\" data-id=\"9097a45\" data-element_type=\"widget\" data-settings=\"{&quot;ptf_animated_widget_animation&quot;:&quot;none&quot;}\" data-widget_type=\"heading.default\"><div class=\"elementor-widget-container\"><p class=\"elementor-heading-title elementor-size-default\"><strong>Pres\u00e9ntenos su caso hoy mismo.<\/strong><\/p><\/div><\/div>\t\t\t\t\t\t\t\t<\/div>\n\t\t\t\t<\/div>\n\t\t\t\t<div class=\"elementor-element elementor-element-a0f988a elementor-widget elementor-widget-text-editor\" data-id=\"a0f988a\" data-element_type=\"widget\" data-e-type=\"widget\" data-widget_type=\"text-editor.default\">\n\t\t\t\t<div class=\"elementor-widget-container\">\n\t\t\t\t\t\t\t\t\t<div class=\"elementor-element elementor-element-d85988f de_scroll_animation_no elementor-widget elementor-widget-heading\" data-id=\"d85988f\" data-element_type=\"widget\" data-settings=\"{&quot;ptf_animated_widget_animation&quot;:&quot;none&quot;}\" data-widget_type=\"heading.default\"><div class=\"elementor-widget-container\"><div class=\"elementor-element elementor-element-d85988f de_scroll_animation_no elementor-widget elementor-widget-heading\" data-id=\"d85988f\" data-element_type=\"widget\" data-settings=\"{&quot;ptf_animated_widget_animation&quot;:&quot;none&quot;}\" data-widget_type=\"heading.default\"><div class=\"elementor-widget-container\"><p class=\"elementor-heading-title elementor-size-default\"><strong>P\u00f3ngase en contacto con<\/strong><\/p><\/div><\/div><div class=\"elementor-element elementor-element-d60125c de_scroll_animation_no elementor-widget elementor-widget-text-editor\" data-id=\"d60125c\" data-element_type=\"widget\" data-settings=\"{&quot;ptf_animated_widget_animation&quot;:&quot;none&quot;}\" data-widget_type=\"text-editor.default\"><div class=\"elementor-widget-container\"><p>RPP Francia SASU<br \/>72 Rue du Faubourg Saint-Honor\u00e9<br \/>75008 Par\u00eds<br \/>+33 (0) 1 45 636 698<\/p><\/div><\/div><\/div><\/div>\t\t\t\t\t\t\t\t<\/div>\n\t\t\t\t<\/div>\n\t\t\t\t<div class=\"elementor-element elementor-element-4200a1c elementor-align-left elementor-widget elementor-widget-button\" data-id=\"4200a1c\" data-element_type=\"widget\" data-e-type=\"widget\" data-widget_type=\"button.default\">\n\t\t\t\t<div class=\"elementor-widget-container\">\n\t\t\t\t\t\t\t\t\t<div class=\"elementor-button-wrapper\">\n\t\t\t\t\t<a class=\"elementor-button elementor-button-link elementor-size-sm\" href=\"\/es\/&\/#109;&#x61;&#x69;l&#116;&#x6f;&#x3a;a&#46;&#x63;a&#110;&#x75;&#x40;r&#112;&#x70;-&#103;&#x72;&#x6f;u&#112;&#x2e;&#x63;&#111;&#x6d;\">\n\t\t\t\t\t\t<span class=\"elementor-button-content-wrapper\">\n\t\t\t\t\t\t<span class=\"elementor-button-icon\">\n\t\t\t\t<i aria-hidden=\"true\" class=\"icon icon-right-arrow2\"><\/i>\t\t\t<\/span>\n\t\t\t\t\t\t\t\t\t<span class=\"elementor-button-text\">Contacto RPP Par\u00eds<\/span>\n\t\t\t\t\t<\/span>\n\t\t\t\t\t<\/a>\n\t\t\t\t<\/div>\n\t\t\t\t\t\t\t\t<\/div>\n\t\t\t\t<\/div>\n\t\t\t\t<\/div>\n\t\t\t\t<\/div>\n\t\t<div class=\"elementor-element elementor-element-033ab40 e-con-full e-flex e-con e-parent\" data-id=\"033ab40\" data-element_type=\"container\" data-e-type=\"container\">\n\t\t\t\t<div class=\"elementor-element elementor-element-94aac2f elementor-widget elementor-widget-google_maps\" data-id=\"94aac2f\" data-element_type=\"widget\" data-e-type=\"widget\" data-widget_type=\"google_maps.default\">\n\t\t\t\t<div class=\"elementor-widget-container\">\n\t\t\t\t\t\t\t<div class=\"elementor-custom-embed\">\n\t\t\t<iframe loading=\"lazy\"\n\t\t\t\t\tsrc=\"https:\/\/maps.google.com\/maps?q=RPP%20France%20SASU%2072%20Rue%20du%20Faubourg%20Saint-Honor%C3%A9%2075008%20Paris&#038;t=m&#038;z=13&#038;output=embed&#038;iwloc=near\"\n\t\t\t\t\ttitle=\"RPP France SASU 72 Rue du Faubourg Saint-Honor\u00e9 75008 Par\u00eds\"\n\t\t\t\t\taria-label=\"RPP France SASU 72 Rue du Faubourg Saint-Honor\u00e9 75008 Par\u00eds\"\n\t\t\t><\/iframe>\n\t\t<\/div>\n\t\t\t\t\t\t<\/div>\n\t\t\t\t<\/div>\n\t\t\t\t<\/div>\n\t\t\t\t<\/div>","protected":false},"excerpt":{"rendered":"<p>About Paris office Established in 2011 in Paris, our approach made RPP Paris a trusted name for key influencers. Antoine Canu Account Director Antoine Canu Account Director Antoine joined RPP in 2023 as Consultant after 5 years of experience in the French institutional spheres. Thanks to his experience as parliamentary assistant for a french MP [&hellip;]<\/p>\n","protected":false},"author":1,"featured_media":0,"parent":0,"menu_order":0,"comment_status":"closed","ping_status":"closed","template":"","meta":{"footnotes":""},"class_list":["post-5549","page","type-page","status-publish","hentry"],"yoast_head":"<!-- This site is optimized with the Yoast SEO Premium plugin v27.2 (Yoast SEO v27.2) - https:\/\/yoast.com\/product\/yoast-seo-premium-wordpress\/ -->\n<title>Public Affairs Services Paris and Society Engagement - RPP Group<\/title>\n<meta name=\"description\" content=\"Unlock effective Public Affairs Services Paris for successful political advocacy and strategic growth in the French market.\" \/>\n<meta name=\"robots\" content=\"index, follow, max-snippet:-1, max-image-preview:large, max-video-preview:-1\" \/>\n<link rel=\"canonical\" href=\"https:\/\/rpp-group.com\/es\/paris\/\" \/>\n<meta property=\"og:locale\" content=\"es_ES\" \/>\n<meta property=\"og:type\" content=\"article\" \/>\n<meta property=\"og:title\" content=\"Paris\" \/>\n<meta property=\"og:description\" content=\"Unlock effective Public Affairs Services Paris for successful political advocacy and strategic growth in the French market.\" \/>\n<meta property=\"og:url\" content=\"https:\/\/rpp-group.com\/es\/paris\/\" \/>\n<meta property=\"og:site_name\" content=\"RPP Group\" \/>\n<meta property=\"article:modified_time\" content=\"2026-02-26T16:13:36+00:00\" \/>\n<meta property=\"og:image\" content=\"https:\/\/rpp-group.com\/wp-content\/uploads\/2023\/10\/antoine--e1754201109363.jpg\" \/>\n<meta name=\"twitter:card\" content=\"summary_large_image\" \/>\n<meta name=\"twitter:label1\" content=\"Tiempo de lectura\" \/>\n\t<meta name=\"twitter:data1\" content=\"2 minutos\" \/>\n<script type=\"application\/ld+json\" class=\"yoast-schema-graph\">{\"@context\":\"https:\/\/schema.org\",\"@graph\":[{\"@type\":\"WebPage\",\"@id\":\"https:\/\/rpp-group.com\/paris\/\",\"url\":\"https:\/\/rpp-group.com\/paris\/\",\"name\":\"Public Affairs Services Paris and Society Engagement - RPP Group\",\"isPartOf\":{\"@id\":\"https:\/\/rpp-group.com\/#website\"},\"primaryImageOfPage\":{\"@id\":\"https:\/\/rpp-group.com\/paris\/#primaryimage\"},\"image\":{\"@id\":\"https:\/\/rpp-group.com\/paris\/#primaryimage\"},\"thumbnailUrl\":\"https:\/\/rpp-group.com\/wp-content\/uploads\/2023\/10\/antoine--e1754201109363.jpg\",\"datePublished\":\"2025-02-09T11:20:02+00:00\",\"dateModified\":\"2026-02-26T16:13:36+00:00\",\"description\":\"Unlock effective Public Affairs Services Paris for successful political advocacy and strategic growth in the French market.\",\"breadcrumb\":{\"@id\":\"https:\/\/rpp-group.com\/paris\/#breadcrumb\"},\"inLanguage\":\"es\",\"potentialAction\":[{\"@type\":\"ReadAction\",\"target\":[\"https:\/\/rpp-group.com\/paris\/\"]}]},{\"@type\":\"ImageObject\",\"inLanguage\":\"es\",\"@id\":\"https:\/\/rpp-group.com\/paris\/#primaryimage\",\"url\":\"https:\/\/rpp-group.com\/wp-content\/uploads\/2023\/10\/antoine--e1754201109363.jpg\",\"contentUrl\":\"https:\/\/rpp-group.com\/wp-content\/uploads\/2023\/10\/antoine--e1754201109363.jpg\"},{\"@type\":\"BreadcrumbList\",\"@id\":\"https:\/\/rpp-group.com\/paris\/#breadcrumb\",\"itemListElement\":[{\"@type\":\"ListItem\",\"position\":1,\"name\":\"Homepage\",\"item\":\"https:\/\/rpp-group.com\/\"},{\"@type\":\"ListItem\",\"position\":2,\"name\":\"Paris\"}]},{\"@type\":\"WebSite\",\"@id\":\"https:\/\/rpp-group.com\/#website\",\"url\":\"https:\/\/rpp-group.com\/\",\"name\":\"RPP Group\",\"description\":\"Public affairs and advocacy\",\"potentialAction\":[{\"@type\":\"SearchAction\",\"target\":{\"@type\":\"EntryPoint\",\"urlTemplate\":\"https:\/\/rpp-group.com\/?s={search_term_string}\"},\"query-input\":{\"@type\":\"PropertyValueSpecification\",\"valueRequired\":true,\"valueName\":\"search_term_string\"}}],\"inLanguage\":\"es\"}]}<\/script>\n<!-- \/ Yoast SEO Premium plugin. -->","yoast_head_json":{"title":"Servicios de Asuntos P\u00fablicos Par\u00eds y Compromiso con la Sociedad - Grupo RPP","description":"Desbloquee los eficaces Servicios de Asuntos P\u00fablicos de Par\u00eds para una promoci\u00f3n pol\u00edtica de \u00e9xito y un crecimiento estrat\u00e9gico en el mercado franc\u00e9s.","robots":{"index":"index","follow":"follow","max-snippet":"max-snippet:-1","max-image-preview":"max-image-preview:large","max-video-preview":"max-video-preview:-1"},"canonical":"https:\/\/rpp-group.com\/es\/paris\/","og_locale":"es_ES","og_type":"article","og_title":"Paris","og_description":"Unlock effective Public Affairs Services Paris for successful political advocacy and strategic growth in the French market.","og_url":"https:\/\/rpp-group.com\/es\/paris\/","og_site_name":"RPP Group","article_modified_time":"2026-02-26T16:13:36+00:00","og_image":[{"url":"https:\/\/rpp-group.com\/wp-content\/uploads\/2023\/10\/antoine--e1754201109363.jpg","type":"","width":"","height":""}],"twitter_card":"summary_large_image","twitter_misc":{"Tiempo de lectura":"2 minutos"},"schema":{"@context":"https:\/\/schema.org","@graph":[{"@type":"WebPage","@id":"https:\/\/rpp-group.com\/paris\/","url":"https:\/\/rpp-group.com\/paris\/","name":"Servicios de Asuntos P\u00fablicos Par\u00eds y Compromiso con la Sociedad - Grupo RPP","isPartOf":{"@id":"https:\/\/rpp-group.com\/#website"},"primaryImageOfPage":{"@id":"https:\/\/rpp-group.com\/paris\/#primaryimage"},"image":{"@id":"https:\/\/rpp-group.com\/paris\/#primaryimage"},"thumbnailUrl":"https:\/\/rpp-group.com\/wp-content\/uploads\/2023\/10\/antoine--e1754201109363.jpg","datePublished":"2025-02-09T11:20:02+00:00","dateModified":"2026-02-26T16:13:36+00:00","description":"Desbloquee los eficaces Servicios de Asuntos P\u00fablicos de Par\u00eds para una promoci\u00f3n pol\u00edtica de \u00e9xito y un crecimiento estrat\u00e9gico en el mercado franc\u00e9s.","breadcrumb":{"@id":"https:\/\/rpp-group.com\/paris\/#breadcrumb"},"inLanguage":"es","potentialAction":[{"@type":"ReadAction","target":["https:\/\/rpp-group.com\/paris\/"]}]},{"@type":"ImageObject","inLanguage":"es","@id":"https:\/\/rpp-group.com\/paris\/#primaryimage","url":"https:\/\/rpp-group.com\/wp-content\/uploads\/2023\/10\/antoine--e1754201109363.jpg","contentUrl":"https:\/\/rpp-group.com\/wp-content\/uploads\/2023\/10\/antoine--e1754201109363.jpg"},{"@type":"BreadcrumbList","@id":"https:\/\/rpp-group.com\/paris\/#breadcrumb","itemListElement":[{"@type":"ListItem","position":1,"name":"Homepage","item":"https:\/\/rpp-group.com\/"},{"@type":"ListItem","position":2,"name":"Paris"}]},{"@type":"WebSite","@id":"https:\/\/rpp-group.com\/#website","url":"https:\/\/rpp-group.com\/","name":"RPP Group","description":"ASUNTOS P\u00daBLICOS E INCIDENCIA POL\u00cdTICA","potentialAction":[{"@type":"SearchAction","target":{"@type":"EntryPoint","urlTemplate":"https:\/\/rpp-group.com\/?s={search_term_string}"},"query-input":{"@type":"PropertyValueSpecification","valueRequired":true,"valueName":"search_term_string"}}],"inLanguage":"es"}]}},"_links":{"self":[{"href":"https:\/\/rpp-group.com\/es\/wp-json\/wp\/v2\/pages\/5549","targetHints":{"allow":["GET"]}}],"collection":[{"href":"https:\/\/rpp-group.com\/es\/wp-json\/wp\/v2\/pages"}],"about":[{"href":"https:\/\/rpp-group.com\/es\/wp-json\/wp\/v2\/types\/page"}],"author":[{"embeddable":true,"href":"https:\/\/rpp-group.com\/es\/wp-json\/wp\/v2\/users\/1"}],"replies":[{"embeddable":true,"href":"https:\/\/rpp-group.com\/es\/wp-json\/wp\/v2\/comments?post=5549"}],"version-history":[{"count":10,"href":"https:\/\/rpp-group.com\/es\/wp-json\/wp\/v2\/pages\/5549\/revisions"}],"predecessor-version":[{"id":7858,"href":"https:\/\/rpp-group.com\/es\/wp-json\/wp\/v2\/pages\/5549\/revisions\/7858"}],"wp:attachment":[{"href":"https:\/\/rpp-group.com\/es\/wp-json\/wp\/v2\/media?parent=5549"}],"curies":[{"name":"wp","href":"https:\/\/api.w.org\/{rel}","templated":true}]}}