{"id":5420,"date":"2025-02-09T08:54:09","date_gmt":"2025-02-09T07:54:09","guid":{"rendered":"https:\/\/rpp-group.com\/?page_id=5420"},"modified":"2025-11-05T13:17:23","modified_gmt":"2025-11-05T12:17:23","slug":"brussels","status":"publish","type":"page","link":"https:\/\/rpp-group.com\/es\/brussels\/","title":{"rendered":"Bruselas"},"content":{"rendered":"<div data-elementor-type=\"wp-page\" data-elementor-id=\"5420\" class=\"elementor elementor-5420\" data-elementor-post-type=\"page\">\n\t\t\t\t<div class=\"elementor-element elementor-element-224624ae e-con-full e-flex elementor-invisible e-con e-child\" data-id=\"224624ae\" data-element_type=\"container\" data-e-type=\"container\" data-settings=\"{&quot;background_background&quot;:&quot;classic&quot;,&quot;animation&quot;:&quot;fadeIn&quot;}\">\n\t\t<div class=\"elementor-element elementor-element-27e630b5 e-con-full e-flex e-con e-child\" data-id=\"27e630b5\" data-element_type=\"container\" data-e-type=\"container\">\n\t\t\t\t<div class=\"elementor-element elementor-element-795c80ef elementor-align-center elementor-mobile-align-center elementor-widget elementor-widget-breadcrumbs\" data-id=\"795c80ef\" data-element_type=\"widget\" data-e-type=\"widget\" data-widget_type=\"breadcrumbs.default\">\n\t\t\t\t<div class=\"elementor-widget-container\">\n\t\t\t\t\t<p id=\"breadcrumbs\"><span><span><a href=\"https:\/\/rpp-group.com\/es\/\">P\u00e1gina de inicio<\/a><\/span><\/span><\/p>\t\t\t\t<\/div>\n\t\t\t\t<\/div>\n\t\t\t\t<div class=\"elementor-element elementor-element-65c677c2 elementor-widget elementor-widget-heading\" data-id=\"65c677c2\" data-element_type=\"widget\" data-e-type=\"widget\" data-widget_type=\"heading.default\">\n\t\t\t\t<div class=\"elementor-widget-container\">\n\t\t\t\t\t<h1 class=\"elementor-heading-title elementor-size-default\">Acerca de la oficina de Bruselas<\/h1>\t\t\t\t<\/div>\n\t\t\t\t<\/div>\n\t\t\t\t<div class=\"elementor-element elementor-element-769d2c4c elementor-widget elementor-widget-heading\" data-id=\"769d2c4c\" data-element_type=\"widget\" data-e-type=\"widget\" data-widget_type=\"heading.default\">\n\t\t\t\t<div class=\"elementor-widget-container\">\n\t\t\t\t\t<h2 class=\"elementor-heading-title elementor-size-default\">Impulsando la defensa basada en la ciencia de los principales expedientes sanitarios desde 2002.<\/h2>\t\t\t\t<\/div>\n\t\t\t\t<\/div>\n\t\t\t\t<\/div>\n\t\t\t\t<\/div>\n\t\t<div class=\"elementor-element elementor-element-7de6f993 e-con-full e-flex elementor-invisible e-con e-parent\" data-id=\"7de6f993\" data-element_type=\"container\" data-e-type=\"container\" data-settings=\"{&quot;animation&quot;:&quot;fadeInUp&quot;}\">\n\t\t<div class=\"elementor-element elementor-element-4d73291d e-con-full e-flex e-con e-child\" data-id=\"4d73291d\" data-element_type=\"container\" data-e-type=\"container\">\n\t\t\t\t<div class=\"elementor-element elementor-element-b58f4ea elementor-widget elementor-widget-elementskit-team\" data-id=\"b58f4ea\" data-element_type=\"widget\" data-e-type=\"widget\" data-widget_type=\"elementskit-team.default\">\n\t\t\t\t<div class=\"elementor-widget-container\">\n\t\t\t\t\t<div class=\"ekit-wid-con\">\t\t\t\t\t\t\t\t\n\t\t<div class=\"profile-card elementor-animation- text-center ekit-team-style-default\">\n\t\t\t\n\t\t\t\t<div class=\"profile-header ekit-team-img ekit-img-overlay ekit-team-img-block\" >\n\t\t\t\t\t<img fetchpriority=\"high\" decoding=\"async\" width=\"800\" height=\"800\" src=\"https:\/\/rpp-group.com\/wp-content\/uploads\/2023\/11\/kinga--1024x1024.png\" class=\"attachment-large size-large wp-image-3350\" alt=\"\" srcset=\"https:\/\/rpp-group.com\/wp-content\/uploads\/2023\/11\/kinga--1024x1024.png 1024w, https:\/\/rpp-group.com\/wp-content\/uploads\/2023\/11\/kinga--300x300.png 300w, https:\/\/rpp-group.com\/wp-content\/uploads\/2023\/11\/kinga--150x150.png 150w, https:\/\/rpp-group.com\/wp-content\/uploads\/2023\/11\/kinga--768x768.png 768w, https:\/\/rpp-group.com\/wp-content\/uploads\/2023\/11\/kinga--1536x1536.png 1536w, https:\/\/rpp-group.com\/wp-content\/uploads\/2023\/11\/kinga--2048x2048.png 2048w, https:\/\/rpp-group.com\/wp-content\/uploads\/2023\/11\/kinga--e1754201297983.png 1000w\" sizes=\"(max-width: 800px) 100vw, 800px\" \/>\t\t\t\t<\/div><!-- .profile-header END -->\n\t\t\t\n\n\t\t\t\t<div class=\"profile-body\">\n\t\t\t\t\t\n\t\t\t\t\t<h2 class=\"profile-title\">\n\t\t\t\t\t\t\t\t\t\t\tKinga W\u00f3jtowicz\t\t\t\t\t\t\t\t\t\t<\/h2>\n\t\t\t\t\t<p class=\"profile-designation\">Director de Sanidad de la UE - Oficina de Bruselas<\/p>\n\t\t\t\t\t\t\t\t\t<\/div><!-- .profile-body END -->\n\n\t\t\t\t\t\t\t\t\t<div class=\"profile-footer\">\n\t\t\t\t\t\t<ul class=\"ekit-team-social-list\">\n\t\t\t<li class=\"elementor-repeater-item-b5a88b9\">\n\t\t\t<a href=\"https:\/\/www.linkedin.com\/in\/kinga-wojtowicz\/\" aria-label=\"Linkedin\">\n\t\t\t\t<svg aria-hidden=\"true\" class=\"e-font-icon-svg e-fab-linkedin-in\" viewbox=\"0 0 448 512\" xmlns=\"http:\/\/www.w3.org\/2000\/svg\"><path d=\"M100.28 448H7.4V148.9h92.88zM53.79 108.1C24.09 108.1 0 83.5 0 53.8a53.79 53.79 0 0 1 107.58 0c0 29.7-24.1 54.3-53.79 54.3zM447.9 448h-92.68V302.4c0-34.7-.7-79.2-48.29-79.2-48.29 0-55.69 37.7-55.69 76.7V448h-92.78V148.9h89.08v40.8h1.3c12.4-23.5 42.69-48.3 87.88-48.3 94 0 111.28 61.9 111.28 142.3V448z\"><\/path><\/svg>\t\t\t<\/a>\n\t\t<\/li>\n\t<\/ul>\n\t\t\t\t\t<\/div>\n\t\t\t\t\t\t\t\t\t<\/div>\n\t\t\t\t\t\t\t\n\t\t\t\n\t\t\t\t<\/div>\t\t\t\t<\/div>\n\t\t\t\t<\/div>\n\t\t\t\t<\/div>\n\t\t<div class=\"elementor-element elementor-element-24a854e e-con-full e-flex e-con e-child\" data-id=\"24a854e\" data-element_type=\"container\" data-e-type=\"container\">\n\t\t\t\t<div class=\"elementor-element elementor-element-2dc1ab93 elementor-widget elementor-widget-heading\" data-id=\"2dc1ab93\" data-element_type=\"widget\" data-e-type=\"widget\" data-widget_type=\"heading.default\">\n\t\t\t\t<div class=\"elementor-widget-container\">\n\t\t\t\t\t<h3 class=\"elementor-heading-title elementor-size-default\">\u00a1Bienvenue!<\/h3>\t\t\t\t<\/div>\n\t\t\t\t<\/div>\n\t\t\t\t<div class=\"elementor-element elementor-element-3f0cf73 elementor-widget elementor-widget-text-editor\" data-id=\"3f0cf73\" data-element_type=\"widget\" data-e-type=\"widget\" data-widget_type=\"text-editor.default\">\n\t\t\t\t<div class=\"elementor-widget-container\">\n\t\t\t\t\t\t\t\t\t<p>Creada en 2002, RPP Bruselas es la primera oficina de RPP y cuenta con un largo historial de defensa pol\u00edtica de la UE. Nuestro enfoque de crear una situaci\u00f3n beneficiosa para todos, clientes, responsables pol\u00edticos y sociedad, ha permitido un crecimiento casi exponencial de la oficina y ha convertido a RPP Bruselas en un nombre de confianza para influyentes clave.<\/p>\t\t\t\t\t\t\t\t<\/div>\n\t\t\t\t<\/div>\n\t\t\t\t<div class=\"elementor-element elementor-element-c4cc786 elementor-widget elementor-widget-text-editor\" data-id=\"c4cc786\" data-element_type=\"widget\" data-e-type=\"widget\" data-widget_type=\"text-editor.default\">\n\t\t\t\t<div class=\"elementor-widget-container\">\n\t\t\t\t\t\t\t\t\t<div class=\"elementor-element elementor-element-9097a45 de_scroll_animation_no elementor-widget elementor-widget-heading\" data-id=\"9097a45\" data-element_type=\"widget\" data-settings=\"{&quot;ptf_animated_widget_animation&quot;:&quot;none&quot;}\" data-widget_type=\"heading.default\"><div class=\"elementor-widget-container\"><p class=\"elementor-heading-title elementor-size-default\"><strong>Pres\u00e9ntenos su caso hoy mismo.<\/strong><\/p><\/div><\/div>\t\t\t\t\t\t\t\t<\/div>\n\t\t\t\t<\/div>\n\t\t\t\t<div class=\"elementor-element elementor-element-a0f988a elementor-widget elementor-widget-text-editor\" data-id=\"a0f988a\" data-element_type=\"widget\" data-e-type=\"widget\" data-widget_type=\"text-editor.default\">\n\t\t\t\t<div class=\"elementor-widget-container\">\n\t\t\t\t\t\t\t\t\t<div class=\"elementor-element elementor-element-d85988f de_scroll_animation_no elementor-widget elementor-widget-heading\" data-id=\"d85988f\" data-element_type=\"widget\" data-settings=\"{&quot;ptf_animated_widget_animation&quot;:&quot;none&quot;}\" data-widget_type=\"heading.default\"><div class=\"elementor-widget-container\"><div class=\"elementor-element elementor-element-d85988f de_scroll_animation_no elementor-widget elementor-widget-heading\" data-id=\"d85988f\" data-element_type=\"widget\" data-settings=\"{&quot;ptf_animated_widget_animation&quot;:&quot;none&quot;}\" data-widget_type=\"heading.default\"><div class=\"elementor-widget-container\"><p class=\"elementor-heading-title elementor-size-default\"><strong>P\u00f3ngase en contacto con<\/strong><\/p><\/div><\/div><div class=\"elementor-element elementor-element-d60125c de_scroll_animation_no elementor-widget elementor-widget-text-editor\" data-id=\"d60125c\" data-element_type=\"widget\" data-settings=\"{&quot;ptf_animated_widget_animation&quot;:&quot;none&quot;}\" data-widget_type=\"text-editor.default\"><div class=\"elementor-widget-container\"><p>Grupo RPP SRL<br \/>Rue Guimard 10<br \/>1040 Bruselas<br \/>+32 (0) 2 884 63 39<\/p><\/div><\/div><\/div><\/div>\t\t\t\t\t\t\t\t<\/div>\n\t\t\t\t<\/div>\n\t\t\t\t<div class=\"elementor-element elementor-element-4200a1c elementor-align-left elementor-widget elementor-widget-button\" data-id=\"4200a1c\" data-element_type=\"widget\" data-e-type=\"widget\" data-widget_type=\"button.default\">\n\t\t\t\t<div class=\"elementor-widget-container\">\n\t\t\t\t\t\t\t\t\t<div class=\"elementor-button-wrapper\">\n\t\t\t\t\t<a class=\"elementor-button elementor-button-link elementor-size-sm\" href=\"\/es\/&\/#x6d;&#97;&#x69;&#x6c;t&#x6f;&#58;l&#x2e;&#100;o&#x6d;&#109;&#x65;&#x6c;&#64;&#x72;&#112;p&#x2d;&#103;r&#x6f;&#117;&#x70;&#x2e;&#99;&#x6f;&#x6d;\">\n\t\t\t\t\t\t<span class=\"elementor-button-content-wrapper\">\n\t\t\t\t\t\t<span class=\"elementor-button-icon\">\n\t\t\t\t<i aria-hidden=\"true\" class=\"icon icon-right-arrow2\"><\/i>\t\t\t<\/span>\n\t\t\t\t\t\t\t\t\t<span class=\"elementor-button-text\">Contacto RPP Bruselas<\/span>\n\t\t\t\t\t<\/span>\n\t\t\t\t\t<\/a>\n\t\t\t\t<\/div>\n\t\t\t\t\t\t\t\t<\/div>\n\t\t\t\t<\/div>\n\t\t\t\t<\/div>\n\t\t\t\t<\/div>\n\t\t<div class=\"elementor-element elementor-element-033ab40 e-con-full e-flex e-con e-parent\" data-id=\"033ab40\" data-element_type=\"container\" data-e-type=\"container\">\n\t\t\t\t<div class=\"elementor-element elementor-element-94aac2f elementor-widget elementor-widget-google_maps\" data-id=\"94aac2f\" data-element_type=\"widget\" data-e-type=\"widget\" data-widget_type=\"google_maps.default\">\n\t\t\t\t<div class=\"elementor-widget-container\">\n\t\t\t\t\t\t\t<div class=\"elementor-custom-embed\">\n\t\t\t<iframe loading=\"lazy\"\n\t\t\t\t\tsrc=\"https:\/\/maps.google.com\/maps?q=RPP%20Group%20SRL%2C%20Rue%20Guimard%2010%2C%201040%20Brussels&#038;t=m&#038;z=14&#038;output=embed&#038;iwloc=near\"\n\t\t\t\t\ttitle=\"RPP Group SRL, Rue Guimard 10, 1040 Bruselas\"\n\t\t\t\t\taria-label=\"RPP Group SRL, Rue Guimard 10, 1040 Bruselas\"\n\t\t\t><\/iframe>\n\t\t<\/div>\n\t\t\t\t\t\t<\/div>\n\t\t\t\t<\/div>\n\t\t\t\t<\/div>\n\t\t\t\t<\/div>","protected":false},"excerpt":{"rendered":"<p>About Brussels office Driving science-based advocacy on the main healthcare dossiers since 2002. Kinga W\u00f3jtowicz Director of EU Healthcare \u2013 Brussels Office Bienvenue! Established in 2002, RPP Brussels is the first office of RPP and has a long history of EU political advocacy. Our approach of creating a win-win for clients, policy makers and society [&hellip;]<\/p>\n","protected":false},"author":1,"featured_media":0,"parent":0,"menu_order":0,"comment_status":"closed","ping_status":"closed","template":"","meta":{"footnotes":""},"class_list":["post-5420","page","type-page","status-publish","hentry"],"yoast_head":"<!-- This site is optimized with the Yoast SEO Premium plugin v27.2 (Yoast SEO v27.2) - https:\/\/yoast.com\/product\/yoast-seo-premium-wordpress\/ -->\n<title>Public Affairs Services Brussels and Effective Advocacy - RPP Group<\/title>\n<meta name=\"description\" content=\"RPP Brussels offers expert Public Affairs Services to enhance your advocacy efforts. Contact us for a win-win approach today.\" \/>\n<meta name=\"robots\" content=\"index, follow, max-snippet:-1, max-image-preview:large, max-video-preview:-1\" \/>\n<link rel=\"canonical\" href=\"https:\/\/rpp-group.com\/es\/brussels\/\" \/>\n<meta property=\"og:locale\" content=\"es_ES\" \/>\n<meta property=\"og:type\" content=\"article\" \/>\n<meta property=\"og:title\" content=\"Brussels\" \/>\n<meta property=\"og:description\" content=\"RPP Brussels offers expert Public Affairs Services to enhance your advocacy efforts. Contact us for a win-win approach today.\" \/>\n<meta property=\"og:url\" content=\"https:\/\/rpp-group.com\/es\/brussels\/\" \/>\n<meta property=\"og:site_name\" content=\"RPP Group\" \/>\n<meta property=\"article:modified_time\" content=\"2025-11-05T12:17:23+00:00\" \/>\n<meta property=\"og:image\" content=\"https:\/\/rpp-group.com\/wp-content\/uploads\/2023\/11\/kinga--e1754201297983.png\" \/>\n\t<meta property=\"og:image:width\" content=\"1000\" \/>\n\t<meta property=\"og:image:height\" content=\"1000\" \/>\n\t<meta property=\"og:image:type\" content=\"image\/png\" \/>\n<meta name=\"twitter:card\" content=\"summary_large_image\" \/>\n<meta name=\"twitter:label1\" content=\"Tiempo de lectura\" \/>\n\t<meta name=\"twitter:data1\" content=\"1 minuto\" \/>\n<script type=\"application\/ld+json\" class=\"yoast-schema-graph\">{\"@context\":\"https:\/\/schema.org\",\"@graph\":[{\"@type\":\"WebPage\",\"@id\":\"https:\/\/rpp-group.com\/brussels\/\",\"url\":\"https:\/\/rpp-group.com\/brussels\/\",\"name\":\"Public Affairs Services Brussels and Effective Advocacy - RPP Group\",\"isPartOf\":{\"@id\":\"https:\/\/rpp-group.com\/#website\"},\"primaryImageOfPage\":{\"@id\":\"https:\/\/rpp-group.com\/brussels\/#primaryimage\"},\"image\":{\"@id\":\"https:\/\/rpp-group.com\/brussels\/#primaryimage\"},\"thumbnailUrl\":\"https:\/\/rpp-group.com\/wp-content\/uploads\/2023\/11\/kinga--1024x1024.png\",\"datePublished\":\"2025-02-09T07:54:09+00:00\",\"dateModified\":\"2025-11-05T12:17:23+00:00\",\"description\":\"RPP Brussels offers expert Public Affairs Services to enhance your advocacy efforts. Contact us for a win-win approach today.\",\"breadcrumb\":{\"@id\":\"https:\/\/rpp-group.com\/brussels\/#breadcrumb\"},\"inLanguage\":\"es\",\"potentialAction\":[{\"@type\":\"ReadAction\",\"target\":[\"https:\/\/rpp-group.com\/brussels\/\"]}]},{\"@type\":\"ImageObject\",\"inLanguage\":\"es\",\"@id\":\"https:\/\/rpp-group.com\/brussels\/#primaryimage\",\"url\":\"https:\/\/rpp-group.com\/wp-content\/uploads\/2023\/11\/kinga--1024x1024.png\",\"contentUrl\":\"https:\/\/rpp-group.com\/wp-content\/uploads\/2023\/11\/kinga--1024x1024.png\"},{\"@type\":\"BreadcrumbList\",\"@id\":\"https:\/\/rpp-group.com\/brussels\/#breadcrumb\",\"itemListElement\":[{\"@type\":\"ListItem\",\"position\":1,\"name\":\"Homepage\",\"item\":\"https:\/\/rpp-group.com\/\"},{\"@type\":\"ListItem\",\"position\":2,\"name\":\"Brussels\"}]},{\"@type\":\"WebSite\",\"@id\":\"https:\/\/rpp-group.com\/#website\",\"url\":\"https:\/\/rpp-group.com\/\",\"name\":\"RPP Group\",\"description\":\"Public affairs and advocacy\",\"potentialAction\":[{\"@type\":\"SearchAction\",\"target\":{\"@type\":\"EntryPoint\",\"urlTemplate\":\"https:\/\/rpp-group.com\/?s={search_term_string}\"},\"query-input\":{\"@type\":\"PropertyValueSpecification\",\"valueRequired\":true,\"valueName\":\"search_term_string\"}}],\"inLanguage\":\"es\"}]}<\/script>\n<!-- \/ Yoast SEO Premium plugin. -->","yoast_head_json":{"title":"Servicios de Asuntos P\u00fablicos Bruselas y Abogac\u00eda Eficaz - RPP Group","description":"RPP Brussels ofrece servicios expertos en asuntos p\u00fablicos para mejorar sus esfuerzos de promoci\u00f3n. P\u00f3ngase en contacto con nosotros hoy mismo para un enfoque beneficioso para todas las partes.","robots":{"index":"index","follow":"follow","max-snippet":"max-snippet:-1","max-image-preview":"max-image-preview:large","max-video-preview":"max-video-preview:-1"},"canonical":"https:\/\/rpp-group.com\/es\/brussels\/","og_locale":"es_ES","og_type":"article","og_title":"Brussels","og_description":"RPP Brussels offers expert Public Affairs Services to enhance your advocacy efforts. Contact us for a win-win approach today.","og_url":"https:\/\/rpp-group.com\/es\/brussels\/","og_site_name":"RPP Group","article_modified_time":"2025-11-05T12:17:23+00:00","og_image":[{"width":1000,"height":1000,"url":"https:\/\/rpp-group.com\/wp-content\/uploads\/2023\/11\/kinga--e1754201297983.png","type":"image\/png"}],"twitter_card":"summary_large_image","twitter_misc":{"Tiempo de lectura":"1 minuto"},"schema":{"@context":"https:\/\/schema.org","@graph":[{"@type":"WebPage","@id":"https:\/\/rpp-group.com\/brussels\/","url":"https:\/\/rpp-group.com\/brussels\/","name":"Servicios de Asuntos P\u00fablicos Bruselas y Abogac\u00eda Eficaz - RPP Group","isPartOf":{"@id":"https:\/\/rpp-group.com\/#website"},"primaryImageOfPage":{"@id":"https:\/\/rpp-group.com\/brussels\/#primaryimage"},"image":{"@id":"https:\/\/rpp-group.com\/brussels\/#primaryimage"},"thumbnailUrl":"https:\/\/rpp-group.com\/wp-content\/uploads\/2023\/11\/kinga--1024x1024.png","datePublished":"2025-02-09T07:54:09+00:00","dateModified":"2025-11-05T12:17:23+00:00","description":"RPP Brussels ofrece servicios expertos en asuntos p\u00fablicos para mejorar sus esfuerzos de promoci\u00f3n. P\u00f3ngase en contacto con nosotros hoy mismo para un enfoque beneficioso para todas las partes.","breadcrumb":{"@id":"https:\/\/rpp-group.com\/brussels\/#breadcrumb"},"inLanguage":"es","potentialAction":[{"@type":"ReadAction","target":["https:\/\/rpp-group.com\/brussels\/"]}]},{"@type":"ImageObject","inLanguage":"es","@id":"https:\/\/rpp-group.com\/brussels\/#primaryimage","url":"https:\/\/rpp-group.com\/wp-content\/uploads\/2023\/11\/kinga--1024x1024.png","contentUrl":"https:\/\/rpp-group.com\/wp-content\/uploads\/2023\/11\/kinga--1024x1024.png"},{"@type":"BreadcrumbList","@id":"https:\/\/rpp-group.com\/brussels\/#breadcrumb","itemListElement":[{"@type":"ListItem","position":1,"name":"Homepage","item":"https:\/\/rpp-group.com\/"},{"@type":"ListItem","position":2,"name":"Brussels"}]},{"@type":"WebSite","@id":"https:\/\/rpp-group.com\/#website","url":"https:\/\/rpp-group.com\/","name":"RPP Group","description":"ASUNTOS P\u00daBLICOS E INCIDENCIA POL\u00cdTICA","potentialAction":[{"@type":"SearchAction","target":{"@type":"EntryPoint","urlTemplate":"https:\/\/rpp-group.com\/?s={search_term_string}"},"query-input":{"@type":"PropertyValueSpecification","valueRequired":true,"valueName":"search_term_string"}}],"inLanguage":"es"}]}},"_links":{"self":[{"href":"https:\/\/rpp-group.com\/es\/wp-json\/wp\/v2\/pages\/5420","targetHints":{"allow":["GET"]}}],"collection":[{"href":"https:\/\/rpp-group.com\/es\/wp-json\/wp\/v2\/pages"}],"about":[{"href":"https:\/\/rpp-group.com\/es\/wp-json\/wp\/v2\/types\/page"}],"author":[{"embeddable":true,"href":"https:\/\/rpp-group.com\/es\/wp-json\/wp\/v2\/users\/1"}],"replies":[{"embeddable":true,"href":"https:\/\/rpp-group.com\/es\/wp-json\/wp\/v2\/comments?post=5420"}],"version-history":[{"count":10,"href":"https:\/\/rpp-group.com\/es\/wp-json\/wp\/v2\/pages\/5420\/revisions"}],"predecessor-version":[{"id":7496,"href":"https:\/\/rpp-group.com\/es\/wp-json\/wp\/v2\/pages\/5420\/revisions\/7496"}],"wp:attachment":[{"href":"https:\/\/rpp-group.com\/es\/wp-json\/wp\/v2\/media?parent=5420"}],"curies":[{"name":"wp","href":"https:\/\/api.w.org\/{rel}","templated":true}]}}