{"id":4967,"date":"2025-02-08T13:54:58","date_gmt":"2025-02-08T12:54:58","guid":{"rendered":"https:\/\/rpp-group.com\/?page_id=4967"},"modified":"2025-11-05T13:13:41","modified_gmt":"2025-11-05T12:13:41","slug":"about-rpp","status":"publish","type":"page","link":"https:\/\/rpp-group.com\/es\/about-rpp\/","title":{"rendered":"Acerca de RPP"},"content":{"rendered":"<div data-elementor-type=\"wp-page\" data-elementor-id=\"4967\" class=\"elementor elementor-4967\" data-elementor-post-type=\"page\">\n\t\t\t\t<div class=\"elementor-element elementor-element-7ec59a6 e-con-full e-flex elementor-invisible e-con e-child\" data-id=\"7ec59a6\" data-element_type=\"container\" data-e-type=\"container\" data-settings=\"{&quot;background_background&quot;:&quot;classic&quot;,&quot;animation&quot;:&quot;fadeIn&quot;}\">\n\t\t<div class=\"elementor-element elementor-element-6977f039 e-con-full e-flex e-con e-child\" data-id=\"6977f039\" data-element_type=\"container\" data-e-type=\"container\">\n\t\t\t\t<div class=\"elementor-element elementor-element-f7564e7 elementor-icon-list--layout-inline elementor-align-center elementor-mobile-align-center elementor-list-item-link-full_width elementor-invisible elementor-widget elementor-widget-icon-list\" data-id=\"f7564e7\" data-element_type=\"widget\" data-e-type=\"widget\" data-settings=\"{&quot;_animation&quot;:&quot;fadeIn&quot;,&quot;_animation_delay&quot;:200}\" data-widget_type=\"icon-list.default\">\n\t\t\t\t<div class=\"elementor-widget-container\">\n\t\t\t\t\t\t\t<ul class=\"elementor-icon-list-items elementor-inline-items\">\n\t\t\t\t\t\t\t<li class=\"elementor-icon-list-item elementor-inline-item\">\n\t\t\t\t\t\t\t\t\t\t\t<a href=\"#\">\n\n\t\t\t\t\t\t\t\t\t\t\t<span class=\"elementor-icon-list-text\">Inicio<\/span>\n\t\t\t\t\t\t\t\t\t\t\t<\/a>\n\t\t\t\t\t\t\t\t\t<\/li>\n\t\t\t\t\t\t\t\t<li class=\"elementor-icon-list-item elementor-inline-item\">\n\t\t\t\t\t\t\t\t\t\t\t<span class=\"elementor-icon-list-icon\">\n\t\t\t\t\t\t\t<i aria-hidden=\"true\" class=\"icon icon-right-arrow1\"><\/i>\t\t\t\t\t\t<\/span>\n\t\t\t\t\t\t\t\t\t\t<span class=\"elementor-icon-list-text\">Acerca de RPP<\/span>\n\t\t\t\t\t\t\t\t\t<\/li>\n\t\t\t\t\t\t<\/ul>\n\t\t\t\t\t\t<\/div>\n\t\t\t\t<\/div>\n\t\t\t\t<div class=\"elementor-element elementor-element-d6f7d45 elementor-widget elementor-widget-heading\" data-id=\"d6f7d45\" data-element_type=\"widget\" data-e-type=\"widget\" data-widget_type=\"heading.default\">\n\t\t\t\t<div class=\"elementor-widget-container\">\n\t\t\t\t\t<h1 class=\"elementor-heading-title elementor-size-default\">Integraci\u00f3n de enfoques transnacionales<\/h1>\t\t\t\t<\/div>\n\t\t\t\t<\/div>\n\t\t\t\t<div class=\"elementor-element elementor-element-3c8b8878 elementor-widget elementor-widget-heading\" data-id=\"3c8b8878\" data-element_type=\"widget\" data-e-type=\"widget\" data-widget_type=\"heading.default\">\n\t\t\t\t<div class=\"elementor-widget-container\">\n\t\t\t\t\t<h2 class=\"elementor-heading-title elementor-size-default\">a las pol\u00edticas europeas y nacionales<\/h2>\t\t\t\t<\/div>\n\t\t\t\t<\/div>\n\t\t\t\t<\/div>\n\t\t\t\t<\/div>\n\t\t<div class=\"elementor-element elementor-element-6bf213a e-flex e-con-boxed elementor-invisible e-con e-parent\" data-id=\"6bf213a\" data-element_type=\"container\" data-e-type=\"container\" data-settings=\"{&quot;animation&quot;:&quot;fadeInUp&quot;}\">\n\t\t\t\t\t<div class=\"e-con-inner\">\n\t\t\t\t<div class=\"elementor-element elementor-element-9056f62 elementor-widget elementor-widget-text-editor\" data-id=\"9056f62\" data-element_type=\"widget\" data-e-type=\"widget\" data-widget_type=\"text-editor.default\">\n\t\t\t\t<div class=\"elementor-widget-container\">\n\t\t\t\t\t\t\t\t\t<p>Europa es tanto un mercado de ideas como un mercado com\u00fan. Nos esforzamos por comprender y reflejar los procesos ascendentes y descendentes de elaboraci\u00f3n de pol\u00edticas europeas y nacionales.<\/p><p>Ya no basta con entender lo que Europa hace por sus Estados miembros, sino tambi\u00e9n lo que los ciudadanos europeos y los gobiernos representativos quieren de Europa. Nuestras oficinas en las principales capitales europeas garantizan el cumplimiento de nuestro compromiso de adoptar un enfoque s\u00f3lido en todas las cuestiones pol\u00edticas.<\/p>\t\t\t\t\t\t\t\t<\/div>\n\t\t\t\t<\/div>\n\t\t\t\t<div class=\"elementor-element elementor-element-336aa72 elementor-widget elementor-widget-menu-anchor\" data-id=\"336aa72\" data-element_type=\"widget\" data-e-type=\"widget\" data-widget_type=\"menu-anchor.default\">\n\t\t\t\t<div class=\"elementor-widget-container\">\n\t\t\t\t\t\t\t<div class=\"elementor-menu-anchor\" id=\"method\"><\/div>\n\t\t\t\t\t\t<\/div>\n\t\t\t\t<\/div>\n\t\t\t\t\t<\/div>\n\t\t\t\t<\/div>\n\t\t<div class=\"elementor-element elementor-element-7de6f993 e-con-full e-flex elementor-invisible e-con e-parent\" data-id=\"7de6f993\" data-element_type=\"container\" data-e-type=\"container\" data-settings=\"{&quot;animation&quot;:&quot;fadeInUp&quot;}\">\n\t\t<div class=\"elementor-element elementor-element-4d73291d e-con-full e-flex e-con e-child\" data-id=\"4d73291d\" data-element_type=\"container\" data-e-type=\"container\">\n\t\t\t\t<div class=\"elementor-element elementor-element-62afd246 elementor-widget elementor-widget-heading\" data-id=\"62afd246\" data-element_type=\"widget\" data-e-type=\"widget\" data-widget_type=\"heading.default\">\n\t\t\t\t<div class=\"elementor-widget-container\">\n\t\t\t\t\t<h2 class=\"elementor-heading-title elementor-size-default\">01<\/h2>\t\t\t\t<\/div>\n\t\t\t\t<\/div>\n\t\t\t\t<\/div>\n\t\t<div class=\"elementor-element elementor-element-24a854e e-con-full e-flex e-con e-child\" data-id=\"24a854e\" data-element_type=\"container\" data-e-type=\"container\">\n\t\t<div class=\"elementor-element elementor-element-4b1273c e-con-full e-flex e-con e-child\" data-id=\"4b1273c\" data-element_type=\"container\" data-e-type=\"container\">\n\t\t\t\t<div class=\"elementor-element elementor-element-eb8cf16 elementor-widget elementor-widget-heading\" data-id=\"eb8cf16\" data-element_type=\"widget\" data-e-type=\"widget\" data-widget_type=\"heading.default\">\n\t\t\t\t<div class=\"elementor-widget-container\">\n\t\t\t\t\t<h3 class=\"elementor-heading-title elementor-size-default\">Nuestra historia<\/h3>\t\t\t\t<\/div>\n\t\t\t\t<\/div>\n\t\t\t\t<div class=\"elementor-element elementor-element-f4dbd44 elementor-widget elementor-widget-text-editor\" data-id=\"f4dbd44\" data-element_type=\"widget\" data-e-type=\"widget\" data-widget_type=\"text-editor.default\">\n\t\t\t\t<div class=\"elementor-widget-container\">\n\t\t\t\t\t\t\t\t\t<p>En 2002, Sebastian Rohde cre\u00f3 en Bruselas RPP (fundada como Rohde Public Policy). RPP se fund\u00f3 para ofrecer una nueva forma de servicio a los clientes, una noci\u00f3n que se ha mantenido a trav\u00e9s del trabajo de RPP. Desde entonces, RPP ha abierto nuevas oficinas en Berl\u00edn, Londres, Par\u00eds, Roma, Viena, Canberra, Madrid y Polonia para responder a las necesidades de los clientes y llevar nuestros programas estrat\u00e9gicos a nuevos mercados. El trabajo de RPP en estos mercados se centr\u00f3 inicialmente en una experiencia \u00fanica en pol\u00edtica sanitaria.\u00a0<\/p><p>En 2016, RPP ampli\u00f3 formalmente su oferta de asuntos p\u00fablicos, tomando nuestra experiencia en creaci\u00f3n y desarrollo de pol\u00edticas, adquirida tras 14 a\u00f1os trabajando en el \u00e1mbito de la sanidad, y aplic\u00e1ndola a otras \u00e1reas en las que las nuevas tecnolog\u00edas y servicios est\u00e1n transformando los mercados.\u00a0\u00a0<\/p><p>El futuro de RPP depara una mayor expansi\u00f3n en otros mercados importantes y en nuevos \u00e1mbitos pol\u00edticos. Seguimos desarrollando, ampliando, reinventando y\u00a0<strong>servir a la defensa del impacto.\u00a0<\/strong>\u00a0<\/p>\t\t\t\t\t\t\t\t<\/div>\n\t\t\t\t<\/div>\n\t\t\t\t<\/div>\n\t\t\t\t<\/div>\n\t\t\t\t<\/div>\n\t\t<div class=\"elementor-element elementor-element-c7df05a e-con-full e-flex elementor-invisible e-con e-parent\" data-id=\"c7df05a\" data-element_type=\"container\" data-e-type=\"container\" data-settings=\"{&quot;animation&quot;:&quot;fadeInUp&quot;}\">\n\t\t<div class=\"elementor-element elementor-element-97ecac1 e-con-full e-flex e-con e-child\" data-id=\"97ecac1\" data-element_type=\"container\" data-e-type=\"container\">\n\t\t<div class=\"elementor-element elementor-element-61b141ca e-con-full e-flex e-con e-child\" data-id=\"61b141ca\" data-element_type=\"container\" data-e-type=\"container\">\n\t\t\t\t<div class=\"elementor-element elementor-element-2dc1ab93 elementor-widget elementor-widget-heading\" data-id=\"2dc1ab93\" data-element_type=\"widget\" data-e-type=\"widget\" data-widget_type=\"heading.default\">\n\t\t\t\t<div class=\"elementor-widget-container\">\n\t\t\t\t\t<h3 class=\"elementor-heading-title elementor-size-default\">Nuestro m\u00e9todo<\/h3>\t\t\t\t<\/div>\n\t\t\t\t<\/div>\n\t\t\t\t<div class=\"elementor-element elementor-element-2b86abf elementor-widget elementor-widget-text-editor\" data-id=\"2b86abf\" data-element_type=\"widget\" data-e-type=\"widget\" data-widget_type=\"text-editor.default\">\n\t\t\t\t<div class=\"elementor-widget-container\">\n\t\t\t\t\t\t\t\t\t<p style=\"text-align: right;\"><strong>Asociaciones beneficiosas para todos<\/strong><\/p><p style=\"text-align: right;\">RPP siempre intenta crear una situaci\u00f3n en la que todos salgan ganando, tanto los clientes como los responsables pol\u00edticos y las partes interesadas. Esta \u00e9tica de incorporar los intereses de las principales partes interesadas en los proyectos de los clientes ha contribuido a crear nuestros propios servicios espec\u00edficos de facilitaci\u00f3n de la participaci\u00f3n de las partes interesadas.<\/p><p style=\"text-align: right;\">Al comprender y reconocer los diversos intereses de los grupos de inter\u00e9s influyentes, hemos ayudado a poner en marcha campa\u00f1as de \u00e9xito que han dado resultados positivos para los clientes y han creado redes duraderas.\u00a0<\/p>\t\t\t\t\t\t\t\t<\/div>\n\t\t\t\t<\/div>\n\t\t\t\t<div class=\"elementor-element elementor-element-3f0cf73 elementor-widget elementor-widget-text-editor\" data-id=\"3f0cf73\" data-element_type=\"widget\" data-e-type=\"widget\" data-widget_type=\"text-editor.default\">\n\t\t\t\t<div class=\"elementor-widget-container\">\n\t\t\t\t\t\t\t\t\t<p style=\"text-align: right;\"><strong>Codesarrollo<\/strong><\/p><p style=\"text-align: right;\">En consonancia con nuestro objetivo de crear valor social con nuestros proyectos, siempre buscamos construir conjuntamente posiciones y estrategias con nuestros clientes y las partes interesadas implicadas.<\/p>\t\t\t\t\t\t\t\t<\/div>\n\t\t\t\t<\/div>\n\t\t\t\t<div class=\"elementor-element elementor-element-2dc59e0 elementor-widget elementor-widget-menu-anchor\" data-id=\"2dc59e0\" data-element_type=\"widget\" data-e-type=\"widget\" data-widget_type=\"menu-anchor.default\">\n\t\t\t\t<div class=\"elementor-widget-container\">\n\t\t\t\t\t\t\t<div class=\"elementor-menu-anchor\" id=\"history\"><\/div>\n\t\t\t\t\t\t<\/div>\n\t\t\t\t<\/div>\n\t\t\t\t<\/div>\n\t\t\t\t<\/div>\n\t\t<div class=\"elementor-element elementor-element-7d18d77 e-con-full e-flex e-con e-child\" data-id=\"7d18d77\" data-element_type=\"container\" data-e-type=\"container\">\n\t\t<div class=\"elementor-element elementor-element-a584883 e-con-full e-flex e-con e-child\" data-id=\"a584883\" data-element_type=\"container\" data-e-type=\"container\">\n\t\t\t\t<div class=\"elementor-element elementor-element-b90b429 elementor-widget elementor-widget-heading\" data-id=\"b90b429\" data-element_type=\"widget\" data-e-type=\"widget\" data-widget_type=\"heading.default\">\n\t\t\t\t<div class=\"elementor-widget-container\">\n\t\t\t\t\t<h2 class=\"elementor-heading-title elementor-size-default\">02<\/h2>\t\t\t\t<\/div>\n\t\t\t\t<\/div>\n\t\t\t\t<\/div>\n\t\t\t\t<\/div>\n\t\t\t\t<\/div>\n\t\t<div class=\"elementor-element elementor-element-e0d0954 e-con-full e-flex elementor-invisible e-con e-child\" data-id=\"e0d0954\" data-element_type=\"container\" data-e-type=\"container\" data-settings=\"{&quot;background_background&quot;:&quot;classic&quot;,&quot;animation&quot;:&quot;fadeInUp&quot;,&quot;shape_divider_top&quot;:&quot;arrow&quot;,&quot;shape_divider_bottom&quot;:&quot;arrow&quot;,&quot;shape_divider_bottom_negative&quot;:&quot;yes&quot;}\">\n\t\t\t\t<div class=\"elementor-shape elementor-shape-top\" aria-hidden=\"true\" data-negative=\"false\">\n\t\t\t<svg xmlns=\"http:\/\/www.w3.org\/2000\/svg\" viewbox=\"0 0 700 10\" preserveaspectratio=\"none\">\n\t<path class=\"elementor-shape-fill\" d=\"M350,10L340,0h20L350,10z\"\/>\n<\/svg>\t\t<\/div>\n\t\t\t\t<div class=\"elementor-shape elementor-shape-bottom\" aria-hidden=\"true\" data-negative=\"true\">\n\t\t\t<svg xmlns=\"http:\/\/www.w3.org\/2000\/svg\" viewbox=\"0 0 700 10\" preserveaspectratio=\"none\">\n\t<path class=\"elementor-shape-fill\" d=\"M360 0L350 9.9 340 0 0 0 0 10 700 10 700 0\"\/>\n<\/svg>\t\t<\/div>\n\t\t<div class=\"elementor-element elementor-element-3872ba5 e-con-full e-flex e-con e-child\" data-id=\"3872ba5\" data-element_type=\"container\" data-e-type=\"container\">\n\t\t\t\t<div class=\"elementor-element elementor-element-02aa6ba elementor-widget elementor-widget-heading\" data-id=\"02aa6ba\" data-element_type=\"widget\" data-e-type=\"widget\" data-widget_type=\"heading.default\">\n\t\t\t\t<div class=\"elementor-widget-container\">\n\t\t\t\t\t<h6 class=\"elementor-heading-title elementor-size-default\">Carrera profesional<\/h6>\t\t\t\t<\/div>\n\t\t\t\t<\/div>\n\t\t\t\t<div class=\"elementor-element elementor-element-b41ad4e elementor-widget elementor-widget-heading\" data-id=\"b41ad4e\" data-element_type=\"widget\" data-e-type=\"widget\" data-widget_type=\"heading.default\">\n\t\t\t\t<div class=\"elementor-widget-container\">\n\t\t\t\t\t<h6 class=\"elementor-heading-title elementor-size-default\">RPP Group<\/h6>\t\t\t\t<\/div>\n\t\t\t\t<\/div>\n\t\t\t\t<div class=\"elementor-element elementor-element-e581e69 elementor-widget elementor-widget-heading\" data-id=\"e581e69\" data-element_type=\"widget\" data-e-type=\"widget\" data-widget_type=\"heading.default\">\n\t\t\t\t<div class=\"elementor-widget-container\">\n\t\t\t\t\t<h4 class=\"elementor-heading-title elementor-size-default\">Nuestros servicios<\/h4>\t\t\t\t<\/div>\n\t\t\t\t<\/div>\n\t\t\t\t<div class=\"elementor-element elementor-element-11480c2 elementor-widget elementor-widget-heading\" data-id=\"11480c2\" data-element_type=\"widget\" data-e-type=\"widget\" data-widget_type=\"heading.default\">\n\t\t\t\t<div class=\"elementor-widget-container\">\n\t\t\t\t\t<h4 class=\"elementor-heading-title elementor-size-default\">La defensa de intereses y los asuntos p\u00fablicos son la especialidad y los conocimientos b\u00e1sicos de RPP. Nuestro enfoque de los asuntos p\u00fablicos se basa en transformar el objetivo de una organizaci\u00f3n en un objetivo pol\u00edtico, mostrando al mismo tiempo su valor a\u00f1adido para la sociedad.<\/h4>\t\t\t\t<\/div>\n\t\t\t\t<\/div>\n\t\t\t\t<div class=\"elementor-element elementor-element-4e362d1 elementor-align-right elementor-mobile-align-center elementor-widget elementor-widget-button\" data-id=\"4e362d1\" data-element_type=\"widget\" data-e-type=\"widget\" data-widget_type=\"button.default\">\n\t\t\t\t<div class=\"elementor-widget-container\">\n\t\t\t\t\t\t\t\t\t<div class=\"elementor-button-wrapper\">\n\t\t\t\t\t<a class=\"elementor-button elementor-button-link elementor-size-sm\" href=\"https:\/\/rpp-group.com\/es\/services\/\">\n\t\t\t\t\t\t<span class=\"elementor-button-content-wrapper\">\n\t\t\t\t\t\t<span class=\"elementor-button-icon\">\n\t\t\t\t<i aria-hidden=\"true\" class=\"icon icon-right-arrow2\"><\/i>\t\t\t<\/span>\n\t\t\t\t\t\t\t\t\t<span class=\"elementor-button-text\">Seguir leyendo<\/span>\n\t\t\t\t\t<\/span>\n\t\t\t\t\t<\/a>\n\t\t\t\t<\/div>\n\t\t\t\t\t\t\t\t<\/div>\n\t\t\t\t<\/div>\n\t\t\t\t<\/div>\n\t\t\t\t<\/div>\n\t\t\t\t<\/div>","protected":false},"excerpt":{"rendered":"<p>Home About RPP Integration of transnational approaches to European and National policies Europe is as much a marketplace of ideas as a common market. We strive to understand and reflect both the bottom-up and top-down processes of European and national policy making. It is no longer enough to understand what Europe does for its Member [&hellip;]<\/p>\n","protected":false},"author":1,"featured_media":0,"parent":0,"menu_order":0,"comment_status":"closed","ping_status":"closed","template":"","meta":{"footnotes":""},"class_list":["post-4967","page","type-page","status-publish","hentry"],"yoast_head":"<!-- This site is optimized with the Yoast SEO Premium plugin v27.2 (Yoast SEO v27.2) - https:\/\/yoast.com\/product\/yoast-seo-premium-wordpress\/ -->\n<title>Impact Advocacy for Effective Political Change - RPP Group<\/title>\n<meta name=\"description\" content=\"Understand the dynamics of impact advocacy and its crucial role in representing the interests of Europeans in policy discussions.\" \/>\n<meta name=\"robots\" content=\"index, follow, max-snippet:-1, max-image-preview:large, max-video-preview:-1\" \/>\n<link rel=\"canonical\" href=\"https:\/\/rpp-group.com\/es\/about-rpp\/\" \/>\n<meta property=\"og:locale\" content=\"es_ES\" \/>\n<meta property=\"og:type\" content=\"article\" \/>\n<meta property=\"og:title\" content=\"About RPP\" \/>\n<meta property=\"og:description\" content=\"Understand the dynamics of impact advocacy and its crucial role in representing the interests of Europeans in policy discussions.\" \/>\n<meta property=\"og:url\" content=\"https:\/\/rpp-group.com\/es\/about-rpp\/\" \/>\n<meta property=\"og:site_name\" content=\"RPP Group\" \/>\n<meta property=\"article:modified_time\" content=\"2025-11-05T12:13:41+00:00\" \/>\n<meta name=\"twitter:card\" content=\"summary_large_image\" \/>\n<meta name=\"twitter:label1\" content=\"Tiempo de lectura\" \/>\n\t<meta name=\"twitter:data1\" content=\"2 minutos\" \/>\n<script type=\"application\/ld+json\" class=\"yoast-schema-graph\">{\"@context\":\"https:\/\/schema.org\",\"@graph\":[{\"@type\":\"WebPage\",\"@id\":\"https:\/\/rpp-group.com\/about-rpp\/\",\"url\":\"https:\/\/rpp-group.com\/about-rpp\/\",\"name\":\"Impact Advocacy for Effective Political Change - RPP Group\",\"isPartOf\":{\"@id\":\"https:\/\/rpp-group.com\/#website\"},\"datePublished\":\"2025-02-08T12:54:58+00:00\",\"dateModified\":\"2025-11-05T12:13:41+00:00\",\"description\":\"Understand the dynamics of impact advocacy and its crucial role in representing the interests of Europeans in policy discussions.\",\"breadcrumb\":{\"@id\":\"https:\/\/rpp-group.com\/about-rpp\/#breadcrumb\"},\"inLanguage\":\"es\",\"potentialAction\":[{\"@type\":\"ReadAction\",\"target\":[\"https:\/\/rpp-group.com\/about-rpp\/\"]}]},{\"@type\":\"BreadcrumbList\",\"@id\":\"https:\/\/rpp-group.com\/about-rpp\/#breadcrumb\",\"itemListElement\":[{\"@type\":\"ListItem\",\"position\":1,\"name\":\"Homepage\",\"item\":\"https:\/\/rpp-group.com\/\"},{\"@type\":\"ListItem\",\"position\":2,\"name\":\"About RPP\"}]},{\"@type\":\"WebSite\",\"@id\":\"https:\/\/rpp-group.com\/#website\",\"url\":\"https:\/\/rpp-group.com\/\",\"name\":\"RPP Group\",\"description\":\"Public affairs and advocacy\",\"potentialAction\":[{\"@type\":\"SearchAction\",\"target\":{\"@type\":\"EntryPoint\",\"urlTemplate\":\"https:\/\/rpp-group.com\/?s={search_term_string}\"},\"query-input\":{\"@type\":\"PropertyValueSpecification\",\"valueRequired\":true,\"valueName\":\"search_term_string\"}}],\"inLanguage\":\"es\"}]}<\/script>\n<!-- \/ Yoast SEO Premium plugin. -->","yoast_head_json":{"title":"Incidencia pol\u00edtica para un cambio pol\u00edtico eficaz - RPP Group","description":"Comprender la din\u00e1mica de la incidencia pol\u00edtica y su papel crucial a la hora de representar los intereses de los europeos en los debates pol\u00edticos.","robots":{"index":"index","follow":"follow","max-snippet":"max-snippet:-1","max-image-preview":"max-image-preview:large","max-video-preview":"max-video-preview:-1"},"canonical":"https:\/\/rpp-group.com\/es\/about-rpp\/","og_locale":"es_ES","og_type":"article","og_title":"About RPP","og_description":"Understand the dynamics of impact advocacy and its crucial role in representing the interests of Europeans in policy discussions.","og_url":"https:\/\/rpp-group.com\/es\/about-rpp\/","og_site_name":"RPP Group","article_modified_time":"2025-11-05T12:13:41+00:00","twitter_card":"summary_large_image","twitter_misc":{"Tiempo de lectura":"2 minutos"},"schema":{"@context":"https:\/\/schema.org","@graph":[{"@type":"WebPage","@id":"https:\/\/rpp-group.com\/about-rpp\/","url":"https:\/\/rpp-group.com\/about-rpp\/","name":"Incidencia pol\u00edtica para un cambio pol\u00edtico eficaz - RPP Group","isPartOf":{"@id":"https:\/\/rpp-group.com\/#website"},"datePublished":"2025-02-08T12:54:58+00:00","dateModified":"2025-11-05T12:13:41+00:00","description":"Comprender la din\u00e1mica de la incidencia pol\u00edtica y su papel crucial a la hora de representar los intereses de los europeos en los debates pol\u00edticos.","breadcrumb":{"@id":"https:\/\/rpp-group.com\/about-rpp\/#breadcrumb"},"inLanguage":"es","potentialAction":[{"@type":"ReadAction","target":["https:\/\/rpp-group.com\/about-rpp\/"]}]},{"@type":"BreadcrumbList","@id":"https:\/\/rpp-group.com\/about-rpp\/#breadcrumb","itemListElement":[{"@type":"ListItem","position":1,"name":"Homepage","item":"https:\/\/rpp-group.com\/"},{"@type":"ListItem","position":2,"name":"About RPP"}]},{"@type":"WebSite","@id":"https:\/\/rpp-group.com\/#website","url":"https:\/\/rpp-group.com\/","name":"RPP Group","description":"ASUNTOS P\u00daBLICOS E INCIDENCIA POL\u00cdTICA","potentialAction":[{"@type":"SearchAction","target":{"@type":"EntryPoint","urlTemplate":"https:\/\/rpp-group.com\/?s={search_term_string}"},"query-input":{"@type":"PropertyValueSpecification","valueRequired":true,"valueName":"search_term_string"}}],"inLanguage":"es"}]}},"_links":{"self":[{"href":"https:\/\/rpp-group.com\/es\/wp-json\/wp\/v2\/pages\/4967","targetHints":{"allow":["GET"]}}],"collection":[{"href":"https:\/\/rpp-group.com\/es\/wp-json\/wp\/v2\/pages"}],"about":[{"href":"https:\/\/rpp-group.com\/es\/wp-json\/wp\/v2\/types\/page"}],"author":[{"embeddable":true,"href":"https:\/\/rpp-group.com\/es\/wp-json\/wp\/v2\/users\/1"}],"replies":[{"embeddable":true,"href":"https:\/\/rpp-group.com\/es\/wp-json\/wp\/v2\/comments?post=4967"}],"version-history":[{"count":10,"href":"https:\/\/rpp-group.com\/es\/wp-json\/wp\/v2\/pages\/4967\/revisions"}],"predecessor-version":[{"id":7481,"href":"https:\/\/rpp-group.com\/es\/wp-json\/wp\/v2\/pages\/4967\/revisions\/7481"}],"wp:attachment":[{"href":"https:\/\/rpp-group.com\/es\/wp-json\/wp\/v2\/media?parent=4967"}],"curies":[{"name":"wp","href":"https:\/\/api.w.org\/{rel}","templated":true}]}}