{"id":402,"date":"2025-01-07T12:23:14","date_gmt":"2025-01-07T11:23:14","guid":{"rendered":"https:\/\/rpp-group.com\/?page_id=402"},"modified":"2025-11-05T14:50:33","modified_gmt":"2025-11-05T13:50:33","slug":"news","status":"publish","type":"page","link":"https:\/\/rpp-group.com\/es\/news\/","title":{"rendered":"Noticias"},"content":{"rendered":"<div data-elementor-type=\"wp-page\" data-elementor-id=\"402\" class=\"elementor elementor-402\" data-elementor-post-type=\"page\">\n\t\t\t\t<div class=\"elementor-element elementor-element-168e54f2 e-con-full e-flex elementor-invisible e-con e-child\" data-id=\"168e54f2\" data-element_type=\"container\" data-e-type=\"container\" data-settings=\"{&quot;background_background&quot;:&quot;classic&quot;,&quot;animation&quot;:&quot;fadeIn&quot;}\">\n\t\t<div class=\"elementor-element elementor-element-728aa5b0 e-con-full e-flex e-con e-child\" data-id=\"728aa5b0\" data-element_type=\"container\" data-e-type=\"container\">\n\t\t\t\t<div class=\"elementor-element elementor-element-4154505f elementor-align-center elementor-mobile-align-center elementor-widget elementor-widget-breadcrumbs\" data-id=\"4154505f\" data-element_type=\"widget\" data-e-type=\"widget\" data-widget_type=\"breadcrumbs.default\">\n\t\t\t\t<div class=\"elementor-widget-container\">\n\t\t\t\t\t<p id=\"breadcrumbs\"><span><span><a href=\"https:\/\/rpp-group.com\/es\/\">P\u00e1gina de inicio<\/a><\/span><\/span><\/p>\t\t\t\t<\/div>\n\t\t\t\t<\/div>\n\t\t\t\t<div class=\"elementor-element elementor-element-2b86576 elementor-widget elementor-widget-heading\" data-id=\"2b86576\" data-element_type=\"widget\" data-e-type=\"widget\" data-widget_type=\"heading.default\">\n\t\t\t\t<div class=\"elementor-widget-container\">\n\t\t\t\t\t<h1 class=\"elementor-heading-title elementor-size-default\">Blog y noticias<\/h1>\t\t\t\t<\/div>\n\t\t\t\t<\/div>\n\t\t\t\t<div class=\"elementor-element elementor-element-46ec3192 elementor-widget elementor-widget-heading\" data-id=\"46ec3192\" data-element_type=\"widget\" data-e-type=\"widget\" data-widget_type=\"heading.default\">\n\t\t\t\t<div class=\"elementor-widget-container\">\n\t\t\t\t\t<h2 class=\"elementor-heading-title elementor-size-default\">Noticias e informaci\u00f3n del Grupo RPP: Mant\u00e9ngase al d\u00eda con nuestras \u00faltimas actualizaciones.<\/h2>\t\t\t\t<\/div>\n\t\t\t\t<\/div>\n\t\t\t\t<\/div>\n\t\t\t\t<\/div>\n\t\t<div class=\"elementor-element elementor-element-b2e2ba2 e-flex e-con-boxed e-con e-parent\" data-id=\"b2e2ba2\" data-element_type=\"container\" data-e-type=\"container\">\n\t\t\t\t\t<div class=\"e-con-inner\">\n\t\t\t\t<div class=\"elementor-element elementor-element-a6ad6a8 elementor-grid-2 elementor-grid-tablet-2 elementor-grid-mobile-1 elementor-posts--thumbnail-top elementor-card-shadow-yes elementor-posts__hover-gradient elementor-widget elementor-widget-posts\" data-id=\"a6ad6a8\" data-element_type=\"widget\" data-e-type=\"widget\" data-settings=\"{&quot;pagination_type&quot;:&quot;numbers&quot;,&quot;cards_columns&quot;:&quot;2&quot;,&quot;cards_columns_tablet&quot;:&quot;2&quot;,&quot;cards_columns_mobile&quot;:&quot;1&quot;,&quot;cards_row_gap&quot;:{&quot;unit&quot;:&quot;px&quot;,&quot;size&quot;:35,&quot;sizes&quot;:[]},&quot;cards_row_gap_widescreen&quot;:{&quot;unit&quot;:&quot;px&quot;,&quot;size&quot;:&quot;&quot;,&quot;sizes&quot;:[]},&quot;cards_row_gap_tablet&quot;:{&quot;unit&quot;:&quot;px&quot;,&quot;size&quot;:&quot;&quot;,&quot;sizes&quot;:[]},&quot;cards_row_gap_mobile&quot;:{&quot;unit&quot;:&quot;px&quot;,&quot;size&quot;:&quot;&quot;,&quot;sizes&quot;:[]}}\" data-widget_type=\"posts.cards\">\n\t\t\t\t<div class=\"elementor-widget-container\">\n\t\t\t\t\t\t\t<div class=\"elementor-posts-container elementor-posts elementor-posts--skin-cards elementor-grid\" role=\"list\">\n\t\t\t\t<article class=\"elementor-post elementor-grid-item post-7590 post type-post status-publish format-standard has-post-thumbnail hentry category-rpp-news\" role=\"listitem\">\n\t\t\t<div class=\"elementor-post__card\">\n\t\t\t\t<a class=\"elementor-post__thumbnail__link\" href=\"https:\/\/rpp-group.com\/es\/2025\/11\/05\/paritee-acquires-brussels-consultancy-rpp-group\/\" tabindex=\"-1\" ><div class=\"elementor-post__thumbnail\"><img fetchpriority=\"high\" decoding=\"async\" width=\"1920\" height=\"1080\" src=\"https:\/\/rpp-group.com\/wp-content\/uploads\/2025\/11\/RPP_Background_2.jpg\" class=\"attachment-full size-full wp-image-7591\" alt=\"\" srcset=\"https:\/\/rpp-group.com\/wp-content\/uploads\/2025\/11\/RPP_Background_2.jpg 1920w, https:\/\/rpp-group.com\/wp-content\/uploads\/2025\/11\/RPP_Background_2-300x169.jpg 300w, https:\/\/rpp-group.com\/wp-content\/uploads\/2025\/11\/RPP_Background_2-1024x576.jpg 1024w, https:\/\/rpp-group.com\/wp-content\/uploads\/2025\/11\/RPP_Background_2-768x432.jpg 768w, https:\/\/rpp-group.com\/wp-content\/uploads\/2025\/11\/RPP_Background_2-1536x864.jpg 1536w, https:\/\/rpp-group.com\/wp-content\/uploads\/2025\/11\/RPP_Background_2-18x10.jpg 18w\" sizes=\"(max-width: 1920px) 100vw, 1920px\" \/><\/div><\/a>\n\t\t\t\t<div class=\"elementor-post__text\">\n\t\t\t\t<h3 class=\"elementor-post__title\">\n\t\t\t<a href=\"https:\/\/rpp-group.com\/es\/2025\/11\/05\/paritee-acquires-brussels-consultancy-rpp-group\/\" >\n\t\t\t\tParitee adquiere la consultora bruselense RPP Group\t\t\t<\/a>\n\t\t<\/h3>\n\t\t\t\t\t<div class=\"elementor-post__read-more-wrapper\">\n\t\t\n\t\t<a class=\"elementor-post__read-more\" href=\"https:\/\/rpp-group.com\/es\/2025\/11\/05\/paritee-acquires-brussels-consultancy-rpp-group\/\" aria-label=\"M\u00e1s informaci\u00f3n sobre Paritee adquiere la consultora bruselense RPP Group\" tabindex=\"-1\" >\n\t\t\tLeer m\u00e1s \"\t\t<\/a>\n\n\t\t\t\t\t<\/div>\n\t\t\t\t<\/div>\n\t\t\t\t<div class=\"elementor-post__meta-data\">\n\t\t\t\t\t<span class=\"elementor-post-date\">\n\t\t\t11\/05\/2025\t\t<\/span>\n\t\t\t\t<\/div>\n\t\t\t\t\t<\/div>\n\t\t<\/article>\n\t\t\t\t<article class=\"elementor-post elementor-grid-item post-7153 post type-post status-publish format-standard has-post-thumbnail hentry category-job-openings category-job-openings-brussels\" role=\"listitem\">\n\t\t\t<div class=\"elementor-post__card\">\n\t\t\t\t<a class=\"elementor-post__thumbnail__link\" href=\"https:\/\/rpp-group.com\/es\/2025\/09\/30\/junior-associate-brussels-office\/\" tabindex=\"-1\" ><div class=\"elementor-post__thumbnail\"><img decoding=\"async\" width=\"2000\" height=\"1335\" src=\"https:\/\/rpp-group.com\/wp-content\/uploads\/2025\/02\/european-parliament-building-in-brussels-2023-11-27-05-08-00-utc.jpg\" class=\"attachment-full size-full wp-image-5604\" alt=\"\" srcset=\"https:\/\/rpp-group.com\/wp-content\/uploads\/2025\/02\/european-parliament-building-in-brussels-2023-11-27-05-08-00-utc.jpg 2000w, https:\/\/rpp-group.com\/wp-content\/uploads\/2025\/02\/european-parliament-building-in-brussels-2023-11-27-05-08-00-utc-300x200.jpg 300w, https:\/\/rpp-group.com\/wp-content\/uploads\/2025\/02\/european-parliament-building-in-brussels-2023-11-27-05-08-00-utc-1024x684.jpg 1024w, https:\/\/rpp-group.com\/wp-content\/uploads\/2025\/02\/european-parliament-building-in-brussels-2023-11-27-05-08-00-utc-768x513.jpg 768w, https:\/\/rpp-group.com\/wp-content\/uploads\/2025\/02\/european-parliament-building-in-brussels-2023-11-27-05-08-00-utc-1536x1025.jpg 1536w\" sizes=\"(max-width: 2000px) 100vw, 2000px\" \/><\/div><\/a>\n\t\t\t\t<div class=\"elementor-post__text\">\n\t\t\t\t<h3 class=\"elementor-post__title\">\n\t\t\t<a href=\"https:\/\/rpp-group.com\/es\/2025\/09\/30\/junior-associate-brussels-office\/\" >\n\t\t\t\tAsociado junior - Oficina de Bruselas\t\t\t<\/a>\n\t\t<\/h3>\n\t\t\t\t\t<div class=\"elementor-post__read-more-wrapper\">\n\t\t\n\t\t<a class=\"elementor-post__read-more\" href=\"https:\/\/rpp-group.com\/es\/2025\/09\/30\/junior-associate-brussels-office\/\" aria-label=\"M\u00e1s informaci\u00f3n sobre Junior Associate - Oficina de Bruselas\" tabindex=\"-1\" >\n\t\t\tLeer m\u00e1s \"\t\t<\/a>\n\n\t\t\t\t\t<\/div>\n\t\t\t\t<\/div>\n\t\t\t\t<div class=\"elementor-post__meta-data\">\n\t\t\t\t\t<span class=\"elementor-post-date\">\n\t\t\t09\/30\/2025\t\t<\/span>\n\t\t\t\t<\/div>\n\t\t\t\t\t<\/div>\n\t\t<\/article>\n\t\t\t\t<article class=\"elementor-post elementor-grid-item post-6475 post type-post status-publish format-standard has-post-thumbnail hentry category-job-openings category-job-openings-paris\" role=\"listitem\">\n\t\t\t<div class=\"elementor-post__card\">\n\t\t\t\t<a class=\"elementor-post__thumbnail__link\" href=\"https:\/\/rpp-group.com\/es\/2025\/09\/30\/stagiaire-affaires-publiques\/\" tabindex=\"-1\" ><div class=\"elementor-post__thumbnail\"><img decoding=\"async\" width=\"2000\" height=\"1333\" src=\"https:\/\/rpp-group.com\/wp-content\/uploads\/2025\/02\/the-river-seine-in-paris-at-dawn-2023-11-27-05-30-26-utc.jpg\" class=\"attachment-full size-full wp-image-6242\" alt=\"\" srcset=\"https:\/\/rpp-group.com\/wp-content\/uploads\/2025\/02\/the-river-seine-in-paris-at-dawn-2023-11-27-05-30-26-utc.jpg 2000w, https:\/\/rpp-group.com\/wp-content\/uploads\/2025\/02\/the-river-seine-in-paris-at-dawn-2023-11-27-05-30-26-utc-300x200.jpg 300w, https:\/\/rpp-group.com\/wp-content\/uploads\/2025\/02\/the-river-seine-in-paris-at-dawn-2023-11-27-05-30-26-utc-1024x682.jpg 1024w, https:\/\/rpp-group.com\/wp-content\/uploads\/2025\/02\/the-river-seine-in-paris-at-dawn-2023-11-27-05-30-26-utc-768x512.jpg 768w, https:\/\/rpp-group.com\/wp-content\/uploads\/2025\/02\/the-river-seine-in-paris-at-dawn-2023-11-27-05-30-26-utc-1536x1024.jpg 1536w\" sizes=\"(max-width: 2000px) 100vw, 2000px\" \/><\/div><\/a>\n\t\t\t\t<div class=\"elementor-post__text\">\n\t\t\t\t<h3 class=\"elementor-post__title\">\n\t\t\t<a href=\"https:\/\/rpp-group.com\/es\/2025\/09\/30\/stagiaire-affaires-publiques\/\" >\n\t\t\t\tStage affaires publiques - Oficina de Par\u00eds\t\t\t<\/a>\n\t\t<\/h3>\n\t\t\t\t\t<div class=\"elementor-post__read-more-wrapper\">\n\t\t\n\t\t<a class=\"elementor-post__read-more\" href=\"https:\/\/rpp-group.com\/es\/2025\/09\/30\/stagiaire-affaires-publiques\/\" aria-label=\"M\u00e1s informaci\u00f3n sobre Stage affaires publiques - Oficina de Par\u00eds\" tabindex=\"-1\" >\n\t\t\tLeer m\u00e1s \"\t\t<\/a>\n\n\t\t\t\t\t<\/div>\n\t\t\t\t<\/div>\n\t\t\t\t<div class=\"elementor-post__meta-data\">\n\t\t\t\t\t<span class=\"elementor-post-date\">\n\t\t\t09\/30\/2025\t\t<\/span>\n\t\t\t\t<\/div>\n\t\t\t\t\t<\/div>\n\t\t<\/article>\n\t\t\t\t<article class=\"elementor-post elementor-grid-item post-6330 post type-post status-publish format-standard has-post-thumbnail hentry category-job-openings category-job-openings-madrid\" role=\"listitem\">\n\t\t\t<div class=\"elementor-post__card\">\n\t\t\t\t<a class=\"elementor-post__thumbnail__link\" href=\"https:\/\/rpp-group.com\/es\/2025\/09\/29\/state-of-play-italys-2025-budget-law-and-implications-for-health-policy-2\/\" tabindex=\"-1\" ><div class=\"elementor-post__thumbnail\"><img loading=\"lazy\" decoding=\"async\" width=\"2000\" height=\"1333\" src=\"https:\/\/rpp-group.com\/wp-content\/uploads\/2025\/01\/madrid-spain-skyline-2023-11-27-05-03-35-utc-1.jpg\" class=\"attachment-full size-full wp-image-590\" alt=\"\" srcset=\"https:\/\/rpp-group.com\/wp-content\/uploads\/2025\/01\/madrid-spain-skyline-2023-11-27-05-03-35-utc-1.jpg 2000w, https:\/\/rpp-group.com\/wp-content\/uploads\/2025\/01\/madrid-spain-skyline-2023-11-27-05-03-35-utc-1-300x200.jpg 300w, https:\/\/rpp-group.com\/wp-content\/uploads\/2025\/01\/madrid-spain-skyline-2023-11-27-05-03-35-utc-1-1024x682.jpg 1024w, https:\/\/rpp-group.com\/wp-content\/uploads\/2025\/01\/madrid-spain-skyline-2023-11-27-05-03-35-utc-1-768x512.jpg 768w, https:\/\/rpp-group.com\/wp-content\/uploads\/2025\/01\/madrid-spain-skyline-2023-11-27-05-03-35-utc-1-1536x1024.jpg 1536w\" sizes=\"(max-width: 2000px) 100vw, 2000px\" \/><\/div><\/a>\n\t\t\t\t<div class=\"elementor-post__text\">\n\t\t\t\t<h3 class=\"elementor-post__title\">\n\t\t\t<a href=\"https:\/\/rpp-group.com\/es\/2025\/09\/29\/state-of-play-italys-2025-budget-law-and-implications-for-health-policy-2\/\" >\n\t\t\t\tAsociado Junior - Oficina de Madrid\t\t\t<\/a>\n\t\t<\/h3>\n\t\t\t\t\t<div class=\"elementor-post__read-more-wrapper\">\n\t\t\n\t\t<a class=\"elementor-post__read-more\" href=\"https:\/\/rpp-group.com\/es\/2025\/09\/29\/state-of-play-italys-2025-budget-law-and-implications-for-health-policy-2\/\" aria-label=\"M\u00e1s informaci\u00f3n sobre Asociado Junior - Oficina de Madrid\" tabindex=\"-1\" >\n\t\t\tLeer m\u00e1s \"\t\t<\/a>\n\n\t\t\t\t\t<\/div>\n\t\t\t\t<\/div>\n\t\t\t\t<div class=\"elementor-post__meta-data\">\n\t\t\t\t\t<span class=\"elementor-post-date\">\n\t\t\t09\/29\/2025\t\t<\/span>\n\t\t\t\t<\/div>\n\t\t\t\t\t<\/div>\n\t\t<\/article>\n\t\t\t\t<\/div>\n\t\t\n\t\t\t\t\t\t<\/div>\n\t\t\t\t<\/div>\n\t\t\t\t\t<\/div>\n\t\t\t\t<\/div>\n\t\t\t\t<\/div>","protected":false},"excerpt":{"rendered":"<p>Blog y noticias Noticias e informaci\u00f3n del Grupo RPP: Mant\u00e9ngase al d\u00eda con nuestras \u00faltimas actualizaciones.<\/p>","protected":false},"author":1,"featured_media":0,"parent":0,"menu_order":0,"comment_status":"closed","ping_status":"closed","template":"","meta":{"footnotes":""},"class_list":["post-402","page","type-page","status-publish","hentry"],"yoast_head":"<!-- This site is optimized with the Yoast SEO Premium plugin v27.2 (Yoast SEO v27.2) - https:\/\/yoast.com\/product\/yoast-seo-premium-wordpress\/ -->\n<title>News - RPP Group<\/title>\n<meta name=\"robots\" content=\"index, follow, max-snippet:-1, max-image-preview:large, max-video-preview:-1\" \/>\n<link rel=\"canonical\" href=\"https:\/\/rpp-group.com\/es\/news\/\" \/>\n<meta property=\"og:locale\" content=\"es_ES\" \/>\n<meta property=\"og:type\" content=\"article\" \/>\n<meta property=\"og:title\" content=\"News\" \/>\n<meta property=\"og:description\" content=\"Blog &amp; News News &amp; Insights from RPP Group: Stay Ahead with Our Latest Updates.\" \/>\n<meta property=\"og:url\" content=\"https:\/\/rpp-group.com\/es\/news\/\" \/>\n<meta property=\"og:site_name\" content=\"RPP Group\" \/>\n<meta property=\"article:modified_time\" content=\"2025-11-05T13:50:33+00:00\" \/>\n<meta name=\"twitter:card\" content=\"summary_large_image\" \/>\n<meta name=\"twitter:label1\" content=\"Tiempo de lectura\" \/>\n\t<meta name=\"twitter:data1\" content=\"1 minuto\" \/>\n<script type=\"application\/ld+json\" class=\"yoast-schema-graph\">{\"@context\":\"https:\/\/schema.org\",\"@graph\":[{\"@type\":\"WebPage\",\"@id\":\"https:\/\/rpp-group.com\/news\/\",\"url\":\"https:\/\/rpp-group.com\/news\/\",\"name\":\"News - RPP Group\",\"isPartOf\":{\"@id\":\"https:\/\/rpp-group.com\/#website\"},\"datePublished\":\"2025-01-07T11:23:14+00:00\",\"dateModified\":\"2025-11-05T13:50:33+00:00\",\"breadcrumb\":{\"@id\":\"https:\/\/rpp-group.com\/news\/#breadcrumb\"},\"inLanguage\":\"es\",\"potentialAction\":[{\"@type\":\"ReadAction\",\"target\":[\"https:\/\/rpp-group.com\/news\/\"]}]},{\"@type\":\"BreadcrumbList\",\"@id\":\"https:\/\/rpp-group.com\/news\/#breadcrumb\",\"itemListElement\":[{\"@type\":\"ListItem\",\"position\":1,\"name\":\"Homepage\",\"item\":\"https:\/\/rpp-group.com\/\"},{\"@type\":\"ListItem\",\"position\":2,\"name\":\"News\"}]},{\"@type\":\"WebSite\",\"@id\":\"https:\/\/rpp-group.com\/#website\",\"url\":\"https:\/\/rpp-group.com\/\",\"name\":\"RPP Group\",\"description\":\"Public affairs and advocacy\",\"potentialAction\":[{\"@type\":\"SearchAction\",\"target\":{\"@type\":\"EntryPoint\",\"urlTemplate\":\"https:\/\/rpp-group.com\/?s={search_term_string}\"},\"query-input\":{\"@type\":\"PropertyValueSpecification\",\"valueRequired\":true,\"valueName\":\"search_term_string\"}}],\"inLanguage\":\"es\"}]}<\/script>\n<!-- \/ Yoast SEO Premium plugin. -->","yoast_head_json":{"title":"Noticias - Grupo RPP","robots":{"index":"index","follow":"follow","max-snippet":"max-snippet:-1","max-image-preview":"max-image-preview:large","max-video-preview":"max-video-preview:-1"},"canonical":"https:\/\/rpp-group.com\/es\/news\/","og_locale":"es_ES","og_type":"article","og_title":"News","og_description":"Blog &amp; News News &amp; Insights from RPP Group: Stay Ahead with Our Latest Updates.","og_url":"https:\/\/rpp-group.com\/es\/news\/","og_site_name":"RPP Group","article_modified_time":"2025-11-05T13:50:33+00:00","twitter_card":"summary_large_image","twitter_misc":{"Tiempo de lectura":"1 minuto"},"schema":{"@context":"https:\/\/schema.org","@graph":[{"@type":"WebPage","@id":"https:\/\/rpp-group.com\/news\/","url":"https:\/\/rpp-group.com\/news\/","name":"Noticias - Grupo RPP","isPartOf":{"@id":"https:\/\/rpp-group.com\/#website"},"datePublished":"2025-01-07T11:23:14+00:00","dateModified":"2025-11-05T13:50:33+00:00","breadcrumb":{"@id":"https:\/\/rpp-group.com\/news\/#breadcrumb"},"inLanguage":"es","potentialAction":[{"@type":"ReadAction","target":["https:\/\/rpp-group.com\/news\/"]}]},{"@type":"BreadcrumbList","@id":"https:\/\/rpp-group.com\/news\/#breadcrumb","itemListElement":[{"@type":"ListItem","position":1,"name":"Homepage","item":"https:\/\/rpp-group.com\/"},{"@type":"ListItem","position":2,"name":"News"}]},{"@type":"WebSite","@id":"https:\/\/rpp-group.com\/#website","url":"https:\/\/rpp-group.com\/","name":"RPP Group","description":"ASUNTOS P\u00daBLICOS E INCIDENCIA POL\u00cdTICA","potentialAction":[{"@type":"SearchAction","target":{"@type":"EntryPoint","urlTemplate":"https:\/\/rpp-group.com\/?s={search_term_string}"},"query-input":{"@type":"PropertyValueSpecification","valueRequired":true,"valueName":"search_term_string"}}],"inLanguage":"es"}]}},"_links":{"self":[{"href":"https:\/\/rpp-group.com\/es\/wp-json\/wp\/v2\/pages\/402","targetHints":{"allow":["GET"]}}],"collection":[{"href":"https:\/\/rpp-group.com\/es\/wp-json\/wp\/v2\/pages"}],"about":[{"href":"https:\/\/rpp-group.com\/es\/wp-json\/wp\/v2\/types\/page"}],"author":[{"embeddable":true,"href":"https:\/\/rpp-group.com\/es\/wp-json\/wp\/v2\/users\/1"}],"replies":[{"embeddable":true,"href":"https:\/\/rpp-group.com\/es\/wp-json\/wp\/v2\/comments?post=402"}],"version-history":[{"count":10,"href":"https:\/\/rpp-group.com\/es\/wp-json\/wp\/v2\/pages\/402\/revisions"}],"predecessor-version":[{"id":7627,"href":"https:\/\/rpp-group.com\/es\/wp-json\/wp\/v2\/pages\/402\/revisions\/7627"}],"wp:attachment":[{"href":"https:\/\/rpp-group.com\/es\/wp-json\/wp\/v2\/media?parent=402"}],"curies":[{"name":"wp","href":"https:\/\/api.w.org\/{rel}","templated":true}]}}