{"id":5709,"date":"2025-02-10T08:20:48","date_gmt":"2025-02-10T07:20:48","guid":{"rendered":"https:\/\/rpp-group.com\/?page_id=5709"},"modified":"2025-11-05T13:04:47","modified_gmt":"2025-11-05T12:04:47","slug":"work-at-rpp","status":"publish","type":"page","link":"https:\/\/rpp-group.com\/de\/work-at-rpp\/","title":{"rendered":"Arbeiten bei RPP"},"content":{"rendered":"<div data-elementor-type=\"wp-page\" data-elementor-id=\"5709\" class=\"elementor elementor-5709\" data-elementor-post-type=\"page\">\n\t\t\t\t<div class=\"elementor-element elementor-element-492680ed e-con-full e-flex elementor-invisible e-con e-child\" data-id=\"492680ed\" data-element_type=\"container\" data-e-type=\"container\" data-settings=\"{&quot;background_background&quot;:&quot;classic&quot;,&quot;animation&quot;:&quot;fadeIn&quot;}\">\n\t\t<div class=\"elementor-element elementor-element-553c2e39 e-con-full e-flex e-con e-child\" data-id=\"553c2e39\" data-element_type=\"container\" data-e-type=\"container\">\n\t\t\t\t<div class=\"elementor-element elementor-element-102adfa2 elementor-align-center elementor-mobile-align-center elementor-widget elementor-widget-breadcrumbs\" data-id=\"102adfa2\" data-element_type=\"widget\" data-e-type=\"widget\" data-widget_type=\"breadcrumbs.default\">\n\t\t\t\t<div class=\"elementor-widget-container\">\n\t\t\t\t\t<p id=\"breadcrumbs\"><span><span><a href=\"https:\/\/rpp-group.com\/de\/\">Startseite<\/a><\/span><\/span><\/p>\t\t\t\t<\/div>\n\t\t\t\t<\/div>\n\t\t\t\t<div class=\"elementor-element elementor-element-69ed77b9 elementor-widget elementor-widget-heading\" data-id=\"69ed77b9\" data-element_type=\"widget\" data-e-type=\"widget\" data-widget_type=\"heading.default\">\n\t\t\t\t<div class=\"elementor-widget-container\">\n\t\t\t\t\t<h1 class=\"elementor-heading-title elementor-size-default\">Arbeiten bei RPP<\/h1>\t\t\t\t<\/div>\n\t\t\t\t<\/div>\n\t\t\t\t<div class=\"elementor-element elementor-element-76808020 elementor-widget elementor-widget-heading\" data-id=\"76808020\" data-element_type=\"widget\" data-e-type=\"widget\" data-widget_type=\"heading.default\">\n\t\t\t\t<div class=\"elementor-widget-container\">\n\t\t\t\t\t<h2 class=\"elementor-heading-title elementor-size-default\">Seit unserer Gr\u00fcndung verfolgt RPP das Ziel, mit ausgewiesenen Fachkr\u00e4ften im Bereich Public Affairs sowie engagierten Nachwuchstalenten zu wachsen, die unser Team mit neuen Ideen und kreativen Ans\u00e4tzen bereichern.<\/h2>\t\t\t\t<\/div>\n\t\t\t\t<\/div>\n\t\t\t\t<\/div>\n\t\t\t\t<\/div>\n\t\t<div class=\"elementor-element elementor-element-7de6f993 e-con-full e-flex elementor-invisible e-con e-parent\" data-id=\"7de6f993\" data-element_type=\"container\" data-e-type=\"container\" data-settings=\"{&quot;animation&quot;:&quot;fadeInUp&quot;}\">\n\t\t<div class=\"elementor-element elementor-element-4d73291d e-con-full e-flex e-con e-child\" data-id=\"4d73291d\" data-element_type=\"container\" data-e-type=\"container\">\n\t\t\t\t<div class=\"elementor-element elementor-element-62afd246 elementor-hidden-widescreen elementor-hidden-desktop elementor-hidden-tablet elementor-hidden-mobile elementor-widget elementor-widget-heading\" data-id=\"62afd246\" data-element_type=\"widget\" data-e-type=\"widget\" data-widget_type=\"heading.default\">\n\t\t\t\t<div class=\"elementor-widget-container\">\n\t\t\t\t\t<h2 class=\"elementor-heading-title elementor-size-default\">01<\/h2>\t\t\t\t<\/div>\n\t\t\t\t<\/div>\n\t\t\t\t<\/div>\n\t\t<div class=\"elementor-element elementor-element-24a854e e-con-full e-flex e-con e-child\" data-id=\"24a854e\" data-element_type=\"container\" data-e-type=\"container\">\n\t\t<div class=\"elementor-element elementor-element-61b141ca e-con-full e-flex e-con e-child\" data-id=\"61b141ca\" data-element_type=\"container\" data-e-type=\"container\">\n\t\t\t\t<div class=\"elementor-element elementor-element-2dc1ab93 elementor-widget elementor-widget-heading\" data-id=\"2dc1ab93\" data-element_type=\"widget\" data-e-type=\"widget\" data-widget_type=\"heading.default\">\n\t\t\t\t<div class=\"elementor-widget-container\">\n\t\t\t\t\t<h3 class=\"elementor-heading-title elementor-size-default\">Unsere Personalpolitik und -philosophie<\/h3>\t\t\t\t<\/div>\n\t\t\t\t<\/div>\n\t\t\t\t<div class=\"elementor-element elementor-element-2b86abf elementor-widget elementor-widget-text-editor\" data-id=\"2b86abf\" data-element_type=\"widget\" data-e-type=\"widget\" data-widget_type=\"text-editor.default\">\n\t\t\t\t<div class=\"elementor-widget-container\">\n\t\t\t\t\t\t\t\t\t<p>Wir freuen uns \u00fcber Bewerbungen von Kandidat:innen, die glauben, unsere Arbeit auf besondere Weise bereichern zu k\u00f6nnen \u2013 unabh\u00e4ngig davon, ob sie einem klassischen Anforderungsprofil entsprechen.<\/p><p>Unser Ziel ist es, ein kollegiales, dynamisches und zugleich ambitioniertes Arbeitsumfeld zu schaffen. Wir setzen auf individuelle Entwicklung und arbeiten kontinuierlich daran, f\u00fcr alle Mitarbeitenden bei RPP klare und zukunftsorientierte Karrierepfade zu gestalten.<\/p><p>Aktuell suchen wir Verst\u00e4rkung f\u00fcr verschiedene Positionen an mehreren unserer Standorte. Die konkreten Profile und Anforderungen finden Sie in den folgenden Stellenausschreibungen. Bitte richten Sie Ihre Bewerbung an unseren HR-Ansprechpartner. F\u00fcr Initiativbewerbungen kontaktieren Sie uns gerne unter:\u00a0<a href=\"\/de\/&\/#109;&#x61;i&#x6c;&#x74;&#111;&#x3a;r&#101;&#x63;&#114;&#x75;i&#116;&#x69;n&#x67;&#64;&#114;&#x70;p&#x2d;&#x67;&#114;&#x6f;u&#112;&#x2e;&#99;&#x6f;m\">rekrutierung (at) rpp-group.com<\/a><\/p>\t\t\t\t\t\t\t\t<\/div>\n\t\t\t\t<\/div>\n\t\t\t\t<\/div>\n\t\t\t\t<\/div>\n\t\t\t\t<\/div>\n\t\t<div class=\"elementor-element elementor-element-4f19ad0 e-flex e-con-boxed elementor-invisible e-con e-parent\" data-id=\"4f19ad0\" data-element_type=\"container\" data-e-type=\"container\" data-settings=\"{&quot;animation&quot;:&quot;fadeInUp&quot;}\">\n\t\t\t\t\t<div class=\"e-con-inner\">\n\t\t<div class=\"elementor-element elementor-element-fa49a1b e-con-full e-flex e-con e-child\" data-id=\"fa49a1b\" data-element_type=\"container\" data-e-type=\"container\">\n\t\t\t\t<div class=\"elementor-element elementor-element-7e4be50 elementor-widget elementor-widget-heading\" data-id=\"7e4be50\" data-element_type=\"widget\" data-e-type=\"widget\" data-widget_type=\"heading.default\">\n\t\t\t\t<div class=\"elementor-widget-container\">\n\t\t\t\t\t<h6 class=\"elementor-heading-title elementor-size-default\">RPP-Karriere<\/h6>\t\t\t\t<\/div>\n\t\t\t\t<\/div>\n\t\t\t\t<div class=\"elementor-element elementor-element-5420496 elementor-widget elementor-widget-heading\" data-id=\"5420496\" data-element_type=\"widget\" data-e-type=\"widget\" data-widget_type=\"heading.default\">\n\t\t\t\t<div class=\"elementor-widget-container\">\n\t\t\t\t\t<h3 class=\"elementor-heading-title elementor-size-default\">Offene Stellen<\/h3>\t\t\t\t<\/div>\n\t\t\t\t<\/div>\n\t\t\t\t<div class=\"elementor-element elementor-element-33d24bc elementor-grid-3 elementor-grid-tablet-2 elementor-grid-mobile-1 elementor-posts--thumbnail-top elementor-card-shadow-yes elementor-posts__hover-gradient elementor-widget elementor-widget-posts\" data-id=\"33d24bc\" data-element_type=\"widget\" data-e-type=\"widget\" data-settings=\"{&quot;pagination_type&quot;:&quot;numbers&quot;,&quot;cards_columns&quot;:&quot;3&quot;,&quot;cards_columns_tablet&quot;:&quot;2&quot;,&quot;cards_columns_mobile&quot;:&quot;1&quot;,&quot;cards_row_gap&quot;:{&quot;unit&quot;:&quot;px&quot;,&quot;size&quot;:35,&quot;sizes&quot;:[]},&quot;cards_row_gap_widescreen&quot;:{&quot;unit&quot;:&quot;px&quot;,&quot;size&quot;:&quot;&quot;,&quot;sizes&quot;:[]},&quot;cards_row_gap_tablet&quot;:{&quot;unit&quot;:&quot;px&quot;,&quot;size&quot;:&quot;&quot;,&quot;sizes&quot;:[]},&quot;cards_row_gap_mobile&quot;:{&quot;unit&quot;:&quot;px&quot;,&quot;size&quot;:&quot;&quot;,&quot;sizes&quot;:[]}}\" data-widget_type=\"posts.cards\">\n\t\t\t\t<div class=\"elementor-widget-container\">\n\t\t\t\t\t\t\t<div class=\"elementor-posts-container elementor-posts elementor-posts--skin-cards elementor-grid\" role=\"list\">\n\t\t\t\t<article class=\"elementor-post elementor-grid-item post-7153 post type-post status-publish format-standard has-post-thumbnail hentry category-job-openings category-job-openings-brussels\" role=\"listitem\">\n\t\t\t<div class=\"elementor-post__card\">\n\t\t\t\t<a class=\"elementor-post__thumbnail__link\" href=\"https:\/\/rpp-group.com\/de\/2025\/09\/30\/junior-associate-brussels-office\/\" tabindex=\"-1\" ><div class=\"elementor-post__thumbnail\"><img fetchpriority=\"high\" decoding=\"async\" width=\"2000\" height=\"1335\" src=\"https:\/\/rpp-group.com\/wp-content\/uploads\/2025\/02\/european-parliament-building-in-brussels-2023-11-27-05-08-00-utc.jpg\" class=\"attachment-full size-full wp-image-5604\" alt=\"\" srcset=\"https:\/\/rpp-group.com\/wp-content\/uploads\/2025\/02\/european-parliament-building-in-brussels-2023-11-27-05-08-00-utc.jpg 2000w, https:\/\/rpp-group.com\/wp-content\/uploads\/2025\/02\/european-parliament-building-in-brussels-2023-11-27-05-08-00-utc-300x200.jpg 300w, https:\/\/rpp-group.com\/wp-content\/uploads\/2025\/02\/european-parliament-building-in-brussels-2023-11-27-05-08-00-utc-1024x684.jpg 1024w, https:\/\/rpp-group.com\/wp-content\/uploads\/2025\/02\/european-parliament-building-in-brussels-2023-11-27-05-08-00-utc-768x513.jpg 768w, https:\/\/rpp-group.com\/wp-content\/uploads\/2025\/02\/european-parliament-building-in-brussels-2023-11-27-05-08-00-utc-1536x1025.jpg 1536w\" sizes=\"(max-width: 2000px) 100vw, 2000px\" \/><\/div><\/a>\n\t\t\t\t<div class=\"elementor-post__badge\">Offene Stellen<\/div>\n\t\t\t\t<div class=\"elementor-post__text\">\n\t\t\t\t<h3 class=\"elementor-post__title\">\n\t\t\t<a href=\"https:\/\/rpp-group.com\/de\/2025\/09\/30\/junior-associate-brussels-office\/\" >\n\t\t\t\tJunior Associate - B\u00fcro Br\u00fcssel\t\t\t<\/a>\n\t\t<\/h3>\n\t\t\t\t\t<div class=\"elementor-post__read-more-wrapper\">\n\t\t\n\t\t<a class=\"elementor-post__read-more\" href=\"https:\/\/rpp-group.com\/de\/2025\/09\/30\/junior-associate-brussels-office\/\" aria-label=\"Mehr \u00fcber Junior Associate - B\u00fcro Br\u00fcssel\" tabindex=\"-1\" >\n\t\t\tWeiterlesen \u00bb\t\t<\/a>\n\n\t\t\t\t\t<\/div>\n\t\t\t\t<\/div>\n\t\t\t\t<div class=\"elementor-post__meta-data\">\n\t\t\t\t\t<span class=\"elementor-post-date\">\n\t\t\t09\/30\/2025\t\t<\/span>\n\t\t\t\t<\/div>\n\t\t\t\t\t<\/div>\n\t\t<\/article>\n\t\t\t\t<article class=\"elementor-post elementor-grid-item post-6475 post type-post status-publish format-standard has-post-thumbnail hentry category-job-openings category-job-openings-paris\" role=\"listitem\">\n\t\t\t<div class=\"elementor-post__card\">\n\t\t\t\t<a class=\"elementor-post__thumbnail__link\" href=\"https:\/\/rpp-group.com\/de\/2025\/09\/30\/stagiaire-affaires-publiques\/\" tabindex=\"-1\" ><div class=\"elementor-post__thumbnail\"><img decoding=\"async\" width=\"2000\" height=\"1333\" src=\"https:\/\/rpp-group.com\/wp-content\/uploads\/2025\/02\/the-river-seine-in-paris-at-dawn-2023-11-27-05-30-26-utc.jpg\" class=\"attachment-full size-full wp-image-6242\" alt=\"\" srcset=\"https:\/\/rpp-group.com\/wp-content\/uploads\/2025\/02\/the-river-seine-in-paris-at-dawn-2023-11-27-05-30-26-utc.jpg 2000w, https:\/\/rpp-group.com\/wp-content\/uploads\/2025\/02\/the-river-seine-in-paris-at-dawn-2023-11-27-05-30-26-utc-300x200.jpg 300w, https:\/\/rpp-group.com\/wp-content\/uploads\/2025\/02\/the-river-seine-in-paris-at-dawn-2023-11-27-05-30-26-utc-1024x682.jpg 1024w, https:\/\/rpp-group.com\/wp-content\/uploads\/2025\/02\/the-river-seine-in-paris-at-dawn-2023-11-27-05-30-26-utc-768x512.jpg 768w, https:\/\/rpp-group.com\/wp-content\/uploads\/2025\/02\/the-river-seine-in-paris-at-dawn-2023-11-27-05-30-26-utc-1536x1024.jpg 1536w\" sizes=\"(max-width: 2000px) 100vw, 2000px\" \/><\/div><\/a>\n\t\t\t\t<div class=\"elementor-post__badge\">Offene Stellen<\/div>\n\t\t\t\t<div class=\"elementor-post__text\">\n\t\t\t\t<h3 class=\"elementor-post__title\">\n\t\t\t<a href=\"https:\/\/rpp-group.com\/de\/2025\/09\/30\/stagiaire-affaires-publiques\/\" >\n\t\t\t\tStage affaires publiques - B\u00fcro Paris\t\t\t<\/a>\n\t\t<\/h3>\n\t\t\t\t\t<div class=\"elementor-post__read-more-wrapper\">\n\t\t\n\t\t<a class=\"elementor-post__read-more\" href=\"https:\/\/rpp-group.com\/de\/2025\/09\/30\/stagiaire-affaires-publiques\/\" aria-label=\"Mehr \u00fcber Stage affaires publiques - B\u00fcro Paris\" tabindex=\"-1\" >\n\t\t\tWeiterlesen \u00bb\t\t<\/a>\n\n\t\t\t\t\t<\/div>\n\t\t\t\t<\/div>\n\t\t\t\t<div class=\"elementor-post__meta-data\">\n\t\t\t\t\t<span class=\"elementor-post-date\">\n\t\t\t09\/30\/2025\t\t<\/span>\n\t\t\t\t<\/div>\n\t\t\t\t\t<\/div>\n\t\t<\/article>\n\t\t\t\t<article class=\"elementor-post elementor-grid-item post-6330 post type-post status-publish format-standard has-post-thumbnail hentry category-job-openings category-job-openings-madrid\" role=\"listitem\">\n\t\t\t<div class=\"elementor-post__card\">\n\t\t\t\t<a class=\"elementor-post__thumbnail__link\" href=\"https:\/\/rpp-group.com\/de\/2025\/09\/29\/state-of-play-italys-2025-budget-law-and-implications-for-health-policy-2\/\" tabindex=\"-1\" ><div class=\"elementor-post__thumbnail\"><img decoding=\"async\" width=\"2000\" height=\"1333\" src=\"https:\/\/rpp-group.com\/wp-content\/uploads\/2025\/01\/madrid-spain-skyline-2023-11-27-05-03-35-utc-1.jpg\" class=\"attachment-full size-full wp-image-590\" alt=\"\" srcset=\"https:\/\/rpp-group.com\/wp-content\/uploads\/2025\/01\/madrid-spain-skyline-2023-11-27-05-03-35-utc-1.jpg 2000w, https:\/\/rpp-group.com\/wp-content\/uploads\/2025\/01\/madrid-spain-skyline-2023-11-27-05-03-35-utc-1-300x200.jpg 300w, https:\/\/rpp-group.com\/wp-content\/uploads\/2025\/01\/madrid-spain-skyline-2023-11-27-05-03-35-utc-1-1024x682.jpg 1024w, https:\/\/rpp-group.com\/wp-content\/uploads\/2025\/01\/madrid-spain-skyline-2023-11-27-05-03-35-utc-1-768x512.jpg 768w, https:\/\/rpp-group.com\/wp-content\/uploads\/2025\/01\/madrid-spain-skyline-2023-11-27-05-03-35-utc-1-1536x1024.jpg 1536w\" sizes=\"(max-width: 2000px) 100vw, 2000px\" \/><\/div><\/a>\n\t\t\t\t<div class=\"elementor-post__badge\">Offene Stellen<\/div>\n\t\t\t\t<div class=\"elementor-post__text\">\n\t\t\t\t<h3 class=\"elementor-post__title\">\n\t\t\t<a href=\"https:\/\/rpp-group.com\/de\/2025\/09\/29\/state-of-play-italys-2025-budget-law-and-implications-for-health-policy-2\/\" >\n\t\t\t\tJunior Associate - B\u00fcro Madrid\t\t\t<\/a>\n\t\t<\/h3>\n\t\t\t\t\t<div class=\"elementor-post__read-more-wrapper\">\n\t\t\n\t\t<a class=\"elementor-post__read-more\" href=\"https:\/\/rpp-group.com\/de\/2025\/09\/29\/state-of-play-italys-2025-budget-law-and-implications-for-health-policy-2\/\" aria-label=\"Mehr \u00fcber Junior Associate - B\u00fcro Madrid\" tabindex=\"-1\" >\n\t\t\tWeiterlesen \u00bb\t\t<\/a>\n\n\t\t\t\t\t<\/div>\n\t\t\t\t<\/div>\n\t\t\t\t<div class=\"elementor-post__meta-data\">\n\t\t\t\t\t<span class=\"elementor-post-date\">\n\t\t\t09\/29\/2025\t\t<\/span>\n\t\t\t\t<\/div>\n\t\t\t\t\t<\/div>\n\t\t<\/article>\n\t\t\t\t<\/div>\n\t\t\n\t\t\t\t\t\t<\/div>\n\t\t\t\t<\/div>\n\t\t\t\t<\/div>\n\t\t\t\t\t<\/div>\n\t\t\t\t<\/div>\n\t\t<div class=\"elementor-element elementor-element-c7df05a e-con-full e-flex elementor-invisible e-con e-parent\" data-id=\"c7df05a\" data-element_type=\"container\" data-e-type=\"container\" data-settings=\"{&quot;animation&quot;:&quot;fadeInUp&quot;}\">\n\t\t<div class=\"elementor-element elementor-element-97ecac1 e-con-full e-flex e-con e-child\" data-id=\"97ecac1\" data-element_type=\"container\" data-e-type=\"container\">\n\t\t<div class=\"elementor-element elementor-element-4b1273c e-con-full e-flex e-con e-child\" data-id=\"4b1273c\" data-element_type=\"container\" data-e-type=\"container\">\n\t\t\t\t<div class=\"elementor-element elementor-element-eb8cf16 elementor-widget elementor-widget-heading\" data-id=\"eb8cf16\" data-element_type=\"widget\" data-e-type=\"widget\" data-widget_type=\"heading.default\">\n\t\t\t\t<div class=\"elementor-widget-container\">\n\t\t\t\t\t<h3 class=\"elementor-heading-title elementor-size-default\">Warum bei RPP arbeiten?<\/h3>\t\t\t\t<\/div>\n\t\t\t\t<\/div>\n\t\t\t\t<div class=\"elementor-element elementor-element-f4dbd44 elementor-widget elementor-widget-text-editor\" data-id=\"f4dbd44\" data-element_type=\"widget\" data-e-type=\"widget\" data-widget_type=\"text-editor.default\">\n\t\t\t\t<div class=\"elementor-widget-container\">\n\t\t\t\t\t\t\t\t\t<p style=\"text-align: right;\">Die Arbeit in unseren dynamischen Teams in ganz Europa bietet zahlreiche Vorteile.\nRPP ist in den vergangenen zwei Jahrzehnten kontinuierlich gewachsen \u2013 und wir wachsen weiter: mit neuen Talenten, frischen Ideen und dem Anspruch, uns gemeinsam weiterzuentwickeln. Wir bieten ein Umfeld, in dem au\u00dfergew\u00f6hnliche Kolleg:innen ihre F\u00e4higkeiten in kurzer Zeit weiterentwickeln und gro\u00dfe Schritte auf ihrem Karriereweg machen k\u00f6nnen.<\/p>\n<p style=\"text-align: right;\">Gleichzeitig wissen wir, wie wichtig ein Arbeitsumfeld ist, in dem man sich wohlf\u00fchlt. Deshalb legen wir nicht nur Wert auf eine integrative Unternehmenskultur, sondern f\u00f6rdern auch aktiv den Zusammenhalt \u2013 etwa durch regelm\u00e4\u00dfige Team-Events und standort\u00fcbergreifende Zusammenk\u00fcnfte, die starke Verbindungen zwischen unseren B\u00fcros schaffen.<\/p>\t\t\t\t\t\t\t\t<\/div>\n\t\t\t\t<\/div>\n\t\t\t\t<div class=\"elementor-element elementor-element-5966399 elementor-widget elementor-widget-menu-anchor\" data-id=\"5966399\" data-element_type=\"widget\" data-e-type=\"widget\" data-widget_type=\"menu-anchor.default\">\n\t\t\t\t<div class=\"elementor-widget-container\">\n\t\t\t\t\t\t\t<div class=\"elementor-menu-anchor\" id=\"jobs\"><\/div>\n\t\t\t\t\t\t<\/div>\n\t\t\t\t<\/div>\n\t\t\t\t<\/div>\n\t\t\t\t<\/div>\n\t\t<div class=\"elementor-element elementor-element-7d18d77 e-con-full e-flex e-con e-child\" data-id=\"7d18d77\" data-element_type=\"container\" data-e-type=\"container\">\n\t\t<div class=\"elementor-element elementor-element-a584883 e-con-full e-flex e-con e-child\" data-id=\"a584883\" data-element_type=\"container\" data-e-type=\"container\">\n\t\t\t\t<div class=\"elementor-element elementor-element-4446f1f elementor-widget elementor-widget-heading\" data-id=\"4446f1f\" data-element_type=\"widget\" data-e-type=\"widget\" data-widget_type=\"heading.default\">\n\t\t\t\t<div class=\"elementor-widget-container\">\n\t\t\t\t\t<h3 class=\"elementor-heading-title elementor-size-default\">Ihre Vorteile<\/h3>\t\t\t\t<\/div>\n\t\t\t\t<\/div>\n\t\t\t\t<div class=\"elementor-element elementor-element-390412c elementor-widget elementor-widget-text-editor\" data-id=\"390412c\" data-element_type=\"widget\" data-e-type=\"widget\" data-widget_type=\"text-editor.default\">\n\t\t\t\t<div class=\"elementor-widget-container\">\n\t\t\t\t\t\t\t\t\t<ul>\n<li>Werden Sie Teil eines wachsenden Unternehmens, in dem Ihre Ideen unsere Identit\u00e4t mitgestalten.\u00a0\u00a0<\/li>\n<li>Profitieren Sie von unternehmerischem Freiraum und der M\u00f6glichkeit, vielversprechende Initiativen eigenverantwortlich voranzutreiben.\u00a0<\/li>\n<li>Erleben Sie eine gute Work-Life-Balance durch flexible Strukturen und eine wertsch\u00e4tzende Unternehmenskultur.\u00a0<\/li>\n<li>St\u00e4rken Sie den Teamzusammenhalt bei Klausurtagungen, After-Work-Aktivit\u00e4ten und standort\u00fcbergreifenden Events.\u00a0\u00a0<\/li>\n<li>Arbeiten Sie in einem internationalen Team mit vielf\u00e4ltigen Perspektiven und Kompetenzen.\u00a0\u00a0<\/li>\n<li>Entwickeln Sie Ihre F\u00e4higkeiten im Austausch mit Kolleg:innen, die \u00fcber jahrzehntelange Erfahrung in Public Affairs und politischen Institutionen verf\u00fcgen.\u00a0<\/li>\n<li>Profitieren Sie von unserem internen Weiterbildungsangebot \u2013 mit praxisnahen Seminaren, Workshops und Schulungen.\u00a0<\/li>\n<\/ul>\t\t\t\t\t\t\t\t<\/div>\n\t\t\t\t<\/div>\n\t\t\t\t<\/div>\n\t\t\t\t<\/div>\n\t\t\t\t<\/div>\n\t\t\t\t<\/div>","protected":false},"excerpt":{"rendered":"<p>Arbeiten bei RPP Seit der Gr\u00fcndung von RPP sind wir bestrebt, mit erfahrenen Fachleuten f\u00fcr \u00f6ffentliche Angelegenheiten oder jungen talentierten Menschen zu wachsen, die neue<\/p>","protected":false},"author":1,"featured_media":0,"parent":0,"menu_order":0,"comment_status":"closed","ping_status":"closed","template":"","meta":{"footnotes":""},"class_list":["post-5709","page","type-page","status-publish","hentry"],"yoast_head":"<!-- This site is optimized with the Yoast SEO Premium plugin v27.2 (Yoast SEO v27.2) - https:\/\/yoast.com\/product\/yoast-seo-premium-wordpress\/ -->\n<title>Public Affairs Careers: Join a Dynamic Team Today - RPP Group<\/title>\n<meta name=\"description\" content=\"Join RPP and explore public affairs careers that drive ambition and innovation. We welcome unique talents to our growing teams.\" \/>\n<meta name=\"robots\" content=\"index, follow, max-snippet:-1, max-image-preview:large, max-video-preview:-1\" \/>\n<link rel=\"canonical\" href=\"https:\/\/rpp-group.com\/de\/work-at-rpp\/\" \/>\n<meta property=\"og:locale\" content=\"de_DE\" \/>\n<meta property=\"og:type\" content=\"article\" \/>\n<meta property=\"og:title\" content=\"Work at RPP\" \/>\n<meta property=\"og:description\" content=\"Join RPP and explore public affairs careers that drive ambition and innovation. We welcome unique talents to our growing teams.\" \/>\n<meta property=\"og:url\" content=\"https:\/\/rpp-group.com\/de\/work-at-rpp\/\" \/>\n<meta property=\"og:site_name\" content=\"RPP Group\" \/>\n<meta property=\"article:modified_time\" content=\"2025-11-05T12:04:47+00:00\" \/>\n<meta name=\"twitter:card\" content=\"summary_large_image\" \/>\n<meta name=\"twitter:label1\" content=\"Gesch\u00e4tzte Lesezeit\" \/>\n\t<meta name=\"twitter:data1\" content=\"3\u00a0Minuten\" \/>\n<script type=\"application\/ld+json\" class=\"yoast-schema-graph\">{\"@context\":\"https:\/\/schema.org\",\"@graph\":[{\"@type\":\"WebPage\",\"@id\":\"https:\/\/rpp-group.com\/work-at-rpp\/\",\"url\":\"https:\/\/rpp-group.com\/work-at-rpp\/\",\"name\":\"Public Affairs Careers: Join a Dynamic Team Today - RPP Group\",\"isPartOf\":{\"@id\":\"https:\/\/rpp-group.com\/#website\"},\"datePublished\":\"2025-02-10T07:20:48+00:00\",\"dateModified\":\"2025-11-05T12:04:47+00:00\",\"description\":\"Join RPP and explore public affairs careers that drive ambition and innovation. We welcome unique talents to our growing teams.\",\"breadcrumb\":{\"@id\":\"https:\/\/rpp-group.com\/work-at-rpp\/#breadcrumb\"},\"inLanguage\":\"de\",\"potentialAction\":[{\"@type\":\"ReadAction\",\"target\":[\"https:\/\/rpp-group.com\/work-at-rpp\/\"]}]},{\"@type\":\"BreadcrumbList\",\"@id\":\"https:\/\/rpp-group.com\/work-at-rpp\/#breadcrumb\",\"itemListElement\":[{\"@type\":\"ListItem\",\"position\":1,\"name\":\"Homepage\",\"item\":\"https:\/\/rpp-group.com\/\"},{\"@type\":\"ListItem\",\"position\":2,\"name\":\"Work at RPP\"}]},{\"@type\":\"WebSite\",\"@id\":\"https:\/\/rpp-group.com\/#website\",\"url\":\"https:\/\/rpp-group.com\/\",\"name\":\"RPP Group\",\"description\":\"Public affairs and advocacy\",\"potentialAction\":[{\"@type\":\"SearchAction\",\"target\":{\"@type\":\"EntryPoint\",\"urlTemplate\":\"https:\/\/rpp-group.com\/?s={search_term_string}\"},\"query-input\":{\"@type\":\"PropertyValueSpecification\",\"valueRequired\":true,\"valueName\":\"search_term_string\"}}],\"inLanguage\":\"de\"}]}<\/script>\n<!-- \/ Yoast SEO Premium plugin. -->","yoast_head_json":{"title":"Karrieren im Bereich \u00f6ffentliche Angelegenheiten: Treten Sie noch heute einem dynamischen Team bei - RPP Group","description":"Kommen Sie zu RPP und entdecken Sie Karrieren im Bereich \u00f6ffentliche Angelegenheiten, die Ehrgeiz und Innovation f\u00f6rdern. Wir hei\u00dfen einzigartige Talente in unseren wachsenden Teams willkommen.","robots":{"index":"index","follow":"follow","max-snippet":"max-snippet:-1","max-image-preview":"max-image-preview:large","max-video-preview":"max-video-preview:-1"},"canonical":"https:\/\/rpp-group.com\/de\/work-at-rpp\/","og_locale":"de_DE","og_type":"article","og_title":"Work at RPP","og_description":"Join RPP and explore public affairs careers that drive ambition and innovation. We welcome unique talents to our growing teams.","og_url":"https:\/\/rpp-group.com\/de\/work-at-rpp\/","og_site_name":"RPP Group","article_modified_time":"2025-11-05T12:04:47+00:00","twitter_card":"summary_large_image","twitter_misc":{"Gesch\u00e4tzte Lesezeit":"3\u00a0Minuten"},"schema":{"@context":"https:\/\/schema.org","@graph":[{"@type":"WebPage","@id":"https:\/\/rpp-group.com\/work-at-rpp\/","url":"https:\/\/rpp-group.com\/work-at-rpp\/","name":"Karrieren im Bereich \u00f6ffentliche Angelegenheiten: Treten Sie noch heute einem dynamischen Team bei - RPP Group","isPartOf":{"@id":"https:\/\/rpp-group.com\/#website"},"datePublished":"2025-02-10T07:20:48+00:00","dateModified":"2025-11-05T12:04:47+00:00","description":"Kommen Sie zu RPP und entdecken Sie Karrieren im Bereich \u00f6ffentliche Angelegenheiten, die Ehrgeiz und Innovation f\u00f6rdern. Wir hei\u00dfen einzigartige Talente in unseren wachsenden Teams willkommen.","breadcrumb":{"@id":"https:\/\/rpp-group.com\/work-at-rpp\/#breadcrumb"},"inLanguage":"de","potentialAction":[{"@type":"ReadAction","target":["https:\/\/rpp-group.com\/work-at-rpp\/"]}]},{"@type":"BreadcrumbList","@id":"https:\/\/rpp-group.com\/work-at-rpp\/#breadcrumb","itemListElement":[{"@type":"ListItem","position":1,"name":"Homepage","item":"https:\/\/rpp-group.com\/"},{"@type":"ListItem","position":2,"name":"Work at RPP"}]},{"@type":"WebSite","@id":"https:\/\/rpp-group.com\/#website","url":"https:\/\/rpp-group.com\/","name":"RPP Group","description":"Public Affairs und Advocacy-Arbeit","potentialAction":[{"@type":"SearchAction","target":{"@type":"EntryPoint","urlTemplate":"https:\/\/rpp-group.com\/?s={search_term_string}"},"query-input":{"@type":"PropertyValueSpecification","valueRequired":true,"valueName":"search_term_string"}}],"inLanguage":"de"}]}},"_links":{"self":[{"href":"https:\/\/rpp-group.com\/de\/wp-json\/wp\/v2\/pages\/5709","targetHints":{"allow":["GET"]}}],"collection":[{"href":"https:\/\/rpp-group.com\/de\/wp-json\/wp\/v2\/pages"}],"about":[{"href":"https:\/\/rpp-group.com\/de\/wp-json\/wp\/v2\/types\/page"}],"author":[{"embeddable":true,"href":"https:\/\/rpp-group.com\/de\/wp-json\/wp\/v2\/users\/1"}],"replies":[{"embeddable":true,"href":"https:\/\/rpp-group.com\/de\/wp-json\/wp\/v2\/comments?post=5709"}],"version-history":[{"count":10,"href":"https:\/\/rpp-group.com\/de\/wp-json\/wp\/v2\/pages\/5709\/revisions"}],"predecessor-version":[{"id":7452,"href":"https:\/\/rpp-group.com\/de\/wp-json\/wp\/v2\/pages\/5709\/revisions\/7452"}],"wp:attachment":[{"href":"https:\/\/rpp-group.com\/de\/wp-json\/wp\/v2\/media?parent=5709"}],"curies":[{"name":"wp","href":"https:\/\/api.w.org\/{rel}","templated":true}]}}